{"id":2010,"date":"2024-09-07T05:52:01","date_gmt":"2024-09-07T05:52:01","guid":{"rendered":"https:\/\/kavicsdental.hu\/?page_id=2010"},"modified":"2024-09-07T05:55:59","modified_gmt":"2024-09-07T05:55:59","slug":"fogaszati-kisokos","status":"publish","type":"page","link":"https:\/\/kavicsdental.hu\/en\/fogaszati-kisokos\/","title":{"rendered":"Dental guide"},"content":{"rendered":"<div data-elementor-type=\"wp-page\" data-elementor-id=\"2010\" class=\"elementor elementor-2010\">\n\t\t\t\t\t\t<section class=\"elementor-section elementor-top-section elementor-element elementor-element-7015081 elementor-section-boxed elementor-section-height-default elementor-section-height-default\" data-id=\"7015081\" data-element_type=\"section\">\n\t\t\t\t\t\t<div class=\"elementor-container elementor-column-gap-default\">\n\t\t\t\t\t<div class=\"elementor-column elementor-col-100 elementor-top-column elementor-element elementor-element-d5d557c\" data-id=\"d5d557c\" data-element_type=\"column\">\n\t\t\t<div class=\"elementor-widget-wrap elementor-element-populated\">\n\t\t\t\t\t\t<div class=\"elementor-element elementor-element-b786c8d elementor-widget elementor-widget-text-editor\" data-id=\"b786c8d\" data-element_type=\"widget\" data-widget_type=\"text-editor.default\">\n\t\t\t\t<div class=\"elementor-widget-container\">\n\t\t\t\t\t\t\t\t\t<p>Ebben a r\u00e9szben k\u00fcl\u00f6nb\u00f6z\u0151 kezel\u00e9sekkel kapcsolatos gyakorlati tudnival\u00f3kat gy\u0171jt\u00f6tt\u00fcnk \u00f6ssze.<\/p>\t\t\t\t\t\t\t\t<\/div>\n\t\t\t\t<\/div>\n\t\t\t\t<div class=\"elementor-element elementor-element-143edfe elementor-widget elementor-widget-accordion\" data-id=\"143edfe\" data-element_type=\"widget\" data-widget_type=\"accordion.default\">\n\t\t\t\t<div class=\"elementor-widget-container\">\n\t\t\t\t\t\t\t<div class=\"elementor-accordion\">\n\t\t\t\t\t\t\t<div class=\"elementor-accordion-item\">\n\t\t\t\t\t<div id=\"elementor-tab-title-2121\" class=\"elementor-tab-title\" data-tab=\"1\" role=\"button\" aria-controls=\"elementor-tab-content-2121\" aria-expanded=\"false\">\n\t\t\t\t\t\t\t\t\t\t\t\t\t<span class=\"elementor-accordion-icon elementor-accordion-icon-left\" aria-hidden=\"true\">\n\t\t\t\t\t\t\t\t\t\t\t\t\t\t\t<span class=\"elementor-accordion-icon-closed\"><i class=\"fas fa-plus\"><\/i><\/span>\n\t\t\t\t\t\t\t\t<span class=\"elementor-accordion-icon-opened\"><i class=\"fas fa-minus\"><\/i><\/span>\n\t\t\t\t\t\t\t\t\t\t\t\t\t\t<\/span>\n\t\t\t\t\t\t\t\t\t\t\t\t<a class=\"elementor-accordion-title\" tabindex=\"0\">Fogh\u00faz\u00e1s \u00e9s sz\u00e1jseb\u00e9szeti m\u0171t\u00e9t ut\u00e1ni tudnival\u00f3k<\/a>\n\t\t\t\t\t<\/div>\n\t\t\t\t\t<div id=\"elementor-tab-content-2121\" class=\"elementor-tab-content elementor-clearfix\" data-tab=\"1\" role=\"region\" aria-labelledby=\"elementor-tab-title-2121\"><p><strong>K\u00e9rj\u00fck, hogy figyelmesen olvassa el az al\u00e1bbi t\u00e1j\u00e9koztat\u00f3t, hogy a m\u0171t\u00e9tet k\u00f6vet\u0151 napok probl\u00e9ma- \u00e9s f\u00e1jdalommentesen teljenek. <\/strong><\/p><p><strong>M\u0171t\u00e9t ut\u00e1ni teend\u0151k <\/strong><\/p><p>Enyhe, sziv\u00e1rg\u00f3 v\u00e9rz\u00e9s el\u0151fordulhat otthon, ilyenkor steril g\u00e9zb\u0151l hajtogasson bucit \u00e9s a sebre r\u00e1helyezve, harapjon \u00f6ssze \u00f6t percen kereszt\u00fcl. A sebet sz\u00edvogatni, v\u00edzzel \u00f6bl\u00f6getni tilos, ugyanis ez tov\u00e1bbi v\u00e9rz\u00e9shez vezethet.<\/p><p><strong>\u00c9tkez\u00e9s \u2013 <\/strong>Am\u00edg az \u00e9rz\u00e9stelen\u00edt\u0151 hat (egy\u00e9nenk\u00e9nt v\u00e1ltoz\u00f3 lehet, \u00e1ltal\u00e1ban 2-3 \u00f3ra), ker\u00fclje az \u00e9tkez\u00e9st, ez megk\u00f6zel\u00edt\u0151leg 2-3 \u00f3r\u00e1t jelent, mert f\u00e9lrenyelhet, megharaphatja nyelv\u00e9t, orc\u00e1j\u00e1t. Folyad\u00e9kot m\u00e1r a m\u0171t\u00e9tet k\u00f6vet\u0151en is ihat. A beavatkoz\u00e1s napj\u00e1n szobah\u0151m\u00e9rs\u00e9klet\u0171 \u00e9tel fogyaszt\u00e1sa javasolt, tejterm\u00e9keket azonban a m\u0171t\u00e9ti napon \u00e9s az azt k\u00f6vet\u0151 2 napban ne fogyasszon. Ker\u00fclje a forr\u00f3 \u00e9teleket, italokat! A gy\u00f3gyul\u00e1shoz energia sz\u00fcks\u00e9ges, ez\u00e9rt fogyasszon norm\u00e1l \u00e9teleket. A seb s\u00e9r\u00fcl\u00e9s\u00e9nek elker\u00fcl\u00e9se \u00e9rdek\u00e9ben kem\u00e9ny, darabos \u00e9lelmiszert ne fogyasszon.<\/p><p><strong>Seb v\u00e9delme<\/strong> &#8211; A m\u0171t\u00e9t sor\u00e1n keletkezett \u00fcreget v\u00e9ralvad\u00e9k t\u00f6lti ki, ami k\u00e9s\u0151bb k\u00f6t\u0151sz\u00f6vett\u00e9, majd csontt\u00e1 alakul. Ne piszk\u00e1lja vagy sz\u00edvogassa ezt az alvad\u00e9kot, mert az gyullad\u00e1st okozhat. A seb felsz\u00edne vil\u00e1gosabb lehet, mint az \u00e9p ny\u00e1lkah\u00e1rtya &#8211; ez norm\u00e1lis. Ker\u00fclje az \u00e9teldarabok beker\u00fcl\u00e9s\u00e9t az \u00fcregbe a m\u0171t\u00e9tet k\u00f6vet\u0151 2-3 h\u00e9tben. Apr\u00f3, magvas \u00e9telek fogyaszt\u00e1s ker\u00fclend\u0151. A sebbe ker\u00fclt \u00e9telmarad\u00e9kok lass\u00edthatj\u00e1k a gy\u00f3gyul\u00e1st \u00e9s kellemetlen sz\u00e1j\u00edzt, szagot okozhatnak.<\/p><p><strong>Fog\u00e1pol\u00e1s \u2013 <\/strong>Fogat mosni, fogselymezni, ugyan\u00fagy kell, mint a beavatkoz\u00e1s el\u0151tt! A sz\u00e1j\u00fcregi sebeket \u00e9s k\u00f6rnyezet\u00fcket \u00e9pp \u00fagy tiszt\u00e1n kell tartani, mint a test\u00fcnk minden m\u00e1s r\u00e9sz\u00e9n keletkezetteket. A bakt\u00e9riumok k\u00f6nnyen szaporodnak a sz\u00e1jban, m\u00e9g akkor is, ha nem \u00e9tkezik. A m\u0171t\u00e9ti ter\u00fcletet a beavatkoz\u00e1s napj\u00e1n sz\u00edvogatni, \u00f6bl\u00f6getni tilos. K\u00e9t nappal a beavatkoz\u00e1s ut\u00e1n javasolt fogmos\u00e1s ut\u00e1n <strong>Curasept oldattal vagy Solumium Coral oldattal <\/strong>t\u00f6rt\u00e9n\u0151 sz\u00e1j\u00f6bl\u00edt\u00e9s, napi 2-3 alkalommal, ez fert\u0151tlen\u00edti a sz\u00e1j\u00fcreget. M\u00e1snap reggelt\u0151l \u00f3vatosan a seb k\u00f6zvetlen k\u00f6rny\u00e9k\u00e9t is meg kell mosni puha s\u00f6rt\u00e9s fogkef\u00e9vel (pl. Curaprox ultarsoft).<\/p><p><strong>M\u0171t\u00e9t ut\u00e1ni duzzanat \u2013 <\/strong>A m\u0171t\u00e9t ut\u00e1ni duzzanat a nyirokfolyad\u00e9k pang\u00e1sa miatt alakul ki, \u00e9s \u00e1ltal\u00e1ban a harmadik napon \u00e9ri el cs\u00facspontj\u00e1t. A seb k\u00f6rny\u00e9k\u00e9nek bedagad\u00e1sa cs\u00f6kkenthet\u0151 a sz\u00e1j\u00fcregen k\u00edv\u00fcli jegel\u00e9ssel. A fagyasztott t\u00e1rgyakat (pl. a gy\u00f3gyszert\u00e1rban kaphat\u00f3 j\u00e9gzsel\u00e9, mirelit z\u00f6lds\u00e9g) nem szabad k\u00f6zvetlen\u00fcl a b\u0151rre helyezni, tegye text\u00edli\u00e1ba. \u00d3r\u00e1nk\u00e9nt maximum 5 percig jegeljen napi 5-6 alkalommal. M\u00e9lyre hajolni, nehezet emelni nem szabad. Ker\u00fclje a lapos p\u00e1rn\u00e1n val\u00f3 alv\u00e1st. Az emelt f\u00e9lig \u00fcl\u0151 helyzetben val\u00f3 alv\u00e1s is seg\u00edt a duzzanat elker\u00fcl\u00e9s\u00e9ben. Ker\u00fclje az er\u0151s fizikai megterhel\u00e9st, ami n\u00f6velheti a v\u00e9rnyom\u00e1st \u00e9s fokozhatja a duzzanatot.<\/p><p><strong>Doh\u00e1nyz\u00e1s \u2013 <\/strong>Szigor\u00faan tilos a doh\u00e1nyz\u00e1s \u00e9s az alkoholfogyaszt\u00e1s a m\u0171t\u00e9t ut\u00e1ni napokban. Ezek rontj\u00e1k az \u00edny v\u00e9rkering\u00e9s\u00e9t, gyullad\u00e1st okozhatnak, \u00e9s lass\u00edthatj\u00e1k a gy\u00f3gyul\u00e1st.<\/p><p><strong>F\u00e1jdalomcsillap\u00edt\u00f3 &#8211; <\/strong>sz\u00fcks\u00e9g szerint vegyen be. A f\u00e1jdalomcsillap\u00edt\u00f3k mellett fontos a pihen\u00e9s \u00e9s a stressz cs\u00f6kkent\u00e9se. \u00a0Antibiotikumot csak az orvos utas\u00edt\u00e1sa eset\u00e9n szabad szedni. (ambul\u00e1ns kis m\u0171t\u00e9tek ut\u00e1n \u00e1ltal\u00e1ban minimum 7 napig antibiotikum szed\u00e9s\u00e9t javasoljuk.)<\/p><p><strong>Gyullad\u00e1s, gennyesed\u00e9s, sz\u00e1jnyit\u00e1s neh\u00e9zs\u00e9ge (sz\u00e1jz\u00e1r) vagy l\u00e1z eset\u00e9n azonnal jelentkezzen fogorvos\u00e1n\u00e1l! <\/strong><\/p><p><strong>B\u00e1rmilyen egy\u00e9b felmer\u00fcl\u0151 probl\u00e9ma eset\u00e9n azonnal telefon\u00e1ljon kezel\u0151orvos\u00e1nak! <\/strong><\/p><\/div>\n\t\t\t\t<\/div>\n\t\t\t\t\t\t\t\t<\/div>\n\t\t\t\t\t\t<\/div>\n\t\t\t\t<\/div>\n\t\t\t\t\t<\/div>\n\t\t<\/div>\n\t\t\t\t\t<\/div>\n\t\t<\/section>\n\t\t\t\t<\/div>","protected":false},"excerpt":{"rendered":"<p>Ebben a r\u00e9szben k\u00fcl\u00f6nb\u00f6z\u0151 kezel\u00e9sekkel kapcsolatos gyakorlati tudnival\u00f3kat gy\u0171jt\u00f6tt\u00fcnk \u00f6ssze. Fogh\u00faz\u00e1s \u00e9s sz\u00e1jseb\u00e9szeti m\u0171t\u00e9t ut\u00e1ni tudnival\u00f3k K\u00e9rj\u00fck, hogy figyelmesen olvassa el az al\u00e1bbi t\u00e1j\u00e9koztat\u00f3t, hogy a m\u0171t\u00e9tet k\u00f6vet\u0151 napok probl\u00e9ma- \u00e9s f\u00e1jdalommentesen teljenek. M\u0171t\u00e9t ut\u00e1ni teend\u0151k Enyhe, sziv\u00e1rg\u00f3 v\u00e9rz\u00e9s el\u0151fordulhat otthon, ilyenkor steril g\u00e9zb\u0151l hajtogasson bucit \u00e9s a sebre r\u00e1helyezve, harapjon \u00f6ssze \u00f6t percen kereszt\u00fcl. [&hellip;]<\/p>","protected":false},"author":1,"featured_media":0,"parent":0,"menu_order":0,"comment_status":"closed","ping_status":"closed","template":"","meta":{"ocean_post_layout":"","ocean_both_sidebars_style":"","ocean_both_sidebars_content_width":0,"ocean_both_sidebars_sidebars_width":0,"ocean_sidebar":"","ocean_second_sidebar":"","ocean_disable_margins":"enable","ocean_add_body_class":"","ocean_shortcode_before_top_bar":"","ocean_shortcode_after_top_bar":"","ocean_shortcode_before_header":"","ocean_shortcode_after_header":"","ocean_has_shortcode":"","ocean_shortcode_after_title":"","ocean_shortcode_before_footer_widgets":"","ocean_shortcode_after_footer_widgets":"","ocean_shortcode_before_footer_bottom":"","ocean_shortcode_after_footer_bottom":"","ocean_display_top_bar":"default","ocean_display_header":"default","ocean_header_style":"","ocean_center_header_left_menu":"","ocean_custom_header_template":"","ocean_custom_logo":0,"ocean_custom_retina_logo":0,"ocean_custom_logo_max_width":0,"ocean_custom_logo_tablet_max_width":0,"ocean_custom_logo_mobile_max_width":0,"ocean_custom_logo_max_height":0,"ocean_custom_logo_tablet_max_height":0,"ocean_custom_logo_mobile_max_height":0,"ocean_header_custom_menu":"","ocean_menu_typo_font_family":"","ocean_menu_typo_font_subset":"","ocean_menu_typo_font_size":0,"ocean_menu_typo_font_size_tablet":0,"ocean_menu_typo_font_size_mobile":0,"ocean_menu_typo_font_size_unit":"px","ocean_menu_typo_font_weight":"","ocean_menu_typo_font_weight_tablet":"","ocean_menu_typo_font_weight_mobile":"","ocean_menu_typo_transform":"","ocean_menu_typo_transform_tablet":"","ocean_menu_typo_transform_mobile":"","ocean_menu_typo_line_height":0,"ocean_menu_typo_line_height_tablet":0,"ocean_menu_typo_line_height_mobile":0,"ocean_menu_typo_line_height_unit":"","ocean_menu_typo_spacing":0,"ocean_menu_typo_spacing_tablet":0,"ocean_menu_typo_spacing_mobile":0,"ocean_menu_typo_spacing_unit":"","ocean_menu_link_color":"","ocean_menu_link_color_hover":"","ocean_menu_link_color_active":"","ocean_menu_link_background":"","ocean_menu_link_hover_background":"","ocean_menu_link_active_background":"","ocean_menu_social_links_bg":"","ocean_menu_social_hover_links_bg":"","ocean_menu_social_links_color":"","ocean_menu_social_hover_links_color":"","ocean_disable_title":"default","ocean_disable_heading":"default","ocean_post_title":"","ocean_post_subheading":"","ocean_post_title_style":"","ocean_post_title_background_color":"","ocean_post_title_background":0,"ocean_post_title_bg_image_position":"","ocean_post_title_bg_image_attachment":"","ocean_post_title_bg_image_repeat":"","ocean_post_title_bg_image_size":"","ocean_post_title_height":0,"ocean_post_title_bg_overlay":0.5,"ocean_post_title_bg_overlay_color":"","ocean_disable_breadcrumbs":"default","ocean_breadcrumbs_color":"","ocean_breadcrumbs_separator_color":"","ocean_breadcrumbs_links_color":"","ocean_breadcrumbs_links_hover_color":"","ocean_display_footer_widgets":"default","ocean_display_footer_bottom":"default","ocean_custom_footer_template":"","footnotes":""},"class_list":["post-2010","page","type-page","status-publish","hentry","entry"],"yoast_head":"<!-- This site is optimized with the Yoast SEO plugin v23.4 - https:\/\/yoast.com\/wordpress\/plugins\/seo\/ -->\n<title>Fog\u00e1szati kisokos - Kavics Dental Fogorvosi Rendel\u0151<\/title>\n<meta name=\"robots\" content=\"index, follow, max-snippet:-1, max-image-preview:large, max-video-preview:-1\" \/>\n<link rel=\"canonical\" href=\"https:\/\/kavicsdental.hu\/en\/fogaszati-kisokos\/\" \/>\n<meta property=\"og:locale\" content=\"en_GB\" \/>\n<meta property=\"og:type\" content=\"article\" \/>\n<meta property=\"og:title\" content=\"Fog\u00e1szati kisokos - Kavics Dental Fogorvosi Rendel\u0151\" \/>\n<meta property=\"og:description\" content=\"Ebben a r\u00e9szben k\u00fcl\u00f6nb\u00f6z\u0151 kezel\u00e9sekkel kapcsolatos gyakorlati tudnival\u00f3kat gy\u0171jt\u00f6tt\u00fcnk \u00f6ssze. Fogh\u00faz\u00e1s \u00e9s sz\u00e1jseb\u00e9szeti m\u0171t\u00e9t ut\u00e1ni tudnival\u00f3k K\u00e9rj\u00fck, hogy figyelmesen olvassa el az al\u00e1bbi t\u00e1j\u00e9koztat\u00f3t, hogy a m\u0171t\u00e9tet k\u00f6vet\u0151 napok probl\u00e9ma- \u00e9s f\u00e1jdalommentesen teljenek. M\u0171t\u00e9t ut\u00e1ni teend\u0151k Enyhe, sziv\u00e1rg\u00f3 v\u00e9rz\u00e9s el\u0151fordulhat otthon, ilyenkor steril g\u00e9zb\u0151l hajtogasson bucit \u00e9s a sebre r\u00e1helyezve, harapjon \u00f6ssze \u00f6t percen kereszt\u00fcl. [&hellip;]\" \/>\n<meta property=\"og:url\" content=\"https:\/\/kavicsdental.hu\/en\/fogaszati-kisokos\/\" \/>\n<meta property=\"og:site_name\" content=\"Kavics Dental Fogorvosi Rendel\u0151\" \/>\n<meta property=\"article:publisher\" content=\"https:\/\/www.facebook.com\/kavics.dental\/\" \/>\n<meta property=\"article:modified_time\" content=\"2024-09-07T05:55:59+00:00\" \/>\n<meta name=\"twitter:card\" content=\"summary_large_image\" \/>\n<meta name=\"twitter:label1\" content=\"Estimated reading time\" \/>\n\t<meta name=\"twitter:data1\" content=\"3 minutes\" \/>\n<script type=\"application\/ld+json\" class=\"yoast-schema-graph\">{\"@context\":\"https:\/\/schema.org\",\"@graph\":[{\"@type\":\"WebPage\",\"@id\":\"https:\/\/kavicsdental.hu\/fogaszati-kisokos\/\",\"url\":\"https:\/\/kavicsdental.hu\/fogaszati-kisokos\/\",\"name\":\"Fog\u00e1szati kisokos - Kavics Dental Fogorvosi Rendel\u0151\",\"isPartOf\":{\"@id\":\"https:\/\/kavicsdental.hu\/#website\"},\"datePublished\":\"2024-09-07T05:52:01+00:00\",\"dateModified\":\"2024-09-07T05:55:59+00:00\",\"breadcrumb\":{\"@id\":\"https:\/\/kavicsdental.hu\/fogaszati-kisokos\/#breadcrumb\"},\"inLanguage\":\"en-GB\",\"potentialAction\":[{\"@type\":\"ReadAction\",\"target\":[\"https:\/\/kavicsdental.hu\/fogaszati-kisokos\/\"]}]},{\"@type\":\"BreadcrumbList\",\"@id\":\"https:\/\/kavicsdental.hu\/fogaszati-kisokos\/#breadcrumb\",\"itemListElement\":[{\"@type\":\"ListItem\",\"position\":1,\"name\":\"Home\",\"item\":\"https:\/\/kavicsdental.hu\/\"},{\"@type\":\"ListItem\",\"position\":2,\"name\":\"Fog\u00e1szati kisokos\"}]},{\"@type\":\"WebSite\",\"@id\":\"https:\/\/kavicsdental.hu\/#website\",\"url\":\"https:\/\/kavicsdental.hu\/\",\"name\":\"Kavics Dental\",\"description\":\"\",\"publisher\":{\"@id\":\"https:\/\/kavicsdental.hu\/#organization\"},\"potentialAction\":[{\"@type\":\"SearchAction\",\"target\":{\"@type\":\"EntryPoint\",\"urlTemplate\":\"https:\/\/kavicsdental.hu\/?s={search_term_string}\"},\"query-input\":{\"@type\":\"PropertyValueSpecification\",\"valueRequired\":true,\"valueName\":\"search_term_string\"}}],\"inLanguage\":\"en-GB\"},{\"@type\":\"Organization\",\"@id\":\"https:\/\/kavicsdental.hu\/#organization\",\"name\":\"Kavics Dental\",\"url\":\"https:\/\/kavicsdental.hu\/\",\"logo\":{\"@type\":\"ImageObject\",\"inLanguage\":\"en-GB\",\"@id\":\"https:\/\/kavicsdental.hu\/#\/schema\/logo\/image\/\",\"url\":\"https:\/\/kavicsdental.hu\/wp-content\/uploads\/2020\/04\/kavicsdental_vegleges_logo-2-e1586283925602.jpeg\",\"contentUrl\":\"https:\/\/kavicsdental.hu\/wp-content\/uploads\/2020\/04\/kavicsdental_vegleges_logo-2-e1586283925602.jpeg\",\"width\":618,\"height\":591,\"caption\":\"Kavics Dental\"},\"image\":{\"@id\":\"https:\/\/kavicsdental.hu\/#\/schema\/logo\/image\/\"},\"sameAs\":[\"https:\/\/www.facebook.com\/kavics.dental\/\"]}]}<\/script>\n<!-- \/ Yoast SEO plugin. -->","yoast_head_json":{"title":"Fog\u00e1szati kisokos - Kavics Dental Fogorvosi Rendel\u0151","robots":{"index":"index","follow":"follow","max-snippet":"max-snippet:-1","max-image-preview":"max-image-preview:large","max-video-preview":"max-video-preview:-1"},"canonical":"https:\/\/kavicsdental.hu\/en\/fogaszati-kisokos\/","og_locale":"en_GB","og_type":"article","og_title":"Fog\u00e1szati kisokos - Kavics Dental Fogorvosi Rendel\u0151","og_description":"Ebben a r\u00e9szben k\u00fcl\u00f6nb\u00f6z\u0151 kezel\u00e9sekkel kapcsolatos gyakorlati tudnival\u00f3kat gy\u0171jt\u00f6tt\u00fcnk \u00f6ssze. Fogh\u00faz\u00e1s \u00e9s sz\u00e1jseb\u00e9szeti m\u0171t\u00e9t ut\u00e1ni tudnival\u00f3k K\u00e9rj\u00fck, hogy figyelmesen olvassa el az al\u00e1bbi t\u00e1j\u00e9koztat\u00f3t, hogy a m\u0171t\u00e9tet k\u00f6vet\u0151 napok probl\u00e9ma- \u00e9s f\u00e1jdalommentesen teljenek. M\u0171t\u00e9t ut\u00e1ni teend\u0151k Enyhe, sziv\u00e1rg\u00f3 v\u00e9rz\u00e9s el\u0151fordulhat otthon, ilyenkor steril g\u00e9zb\u0151l hajtogasson bucit \u00e9s a sebre r\u00e1helyezve, harapjon \u00f6ssze \u00f6t percen kereszt\u00fcl. [&hellip;]","og_url":"https:\/\/kavicsdental.hu\/en\/fogaszati-kisokos\/","og_site_name":"Kavics Dental Fogorvosi Rendel\u0151","article_publisher":"https:\/\/www.facebook.com\/kavics.dental\/","article_modified_time":"2024-09-07T05:55:59+00:00","twitter_card":"summary_large_image","twitter_misc":{"Estimated reading time":"3 minutes"},"schema":{"@context":"https:\/\/schema.org","@graph":[{"@type":"WebPage","@id":"https:\/\/kavicsdental.hu\/fogaszati-kisokos\/","url":"https:\/\/kavicsdental.hu\/fogaszati-kisokos\/","name":"Fog\u00e1szati kisokos - Kavics Dental Fogorvosi Rendel\u0151","isPartOf":{"@id":"https:\/\/kavicsdental.hu\/#website"},"datePublished":"2024-09-07T05:52:01+00:00","dateModified":"2024-09-07T05:55:59+00:00","breadcrumb":{"@id":"https:\/\/kavicsdental.hu\/fogaszati-kisokos\/#breadcrumb"},"inLanguage":"en-GB","potentialAction":[{"@type":"ReadAction","target":["https:\/\/kavicsdental.hu\/fogaszati-kisokos\/"]}]},{"@type":"BreadcrumbList","@id":"https:\/\/kavicsdental.hu\/fogaszati-kisokos\/#breadcrumb","itemListElement":[{"@type":"ListItem","position":1,"name":"Home","item":"https:\/\/kavicsdental.hu\/"},{"@type":"ListItem","position":2,"name":"Fog\u00e1szati kisokos"}]},{"@type":"WebSite","@id":"https:\/\/kavicsdental.hu\/#website","url":"https:\/\/kavicsdental.hu\/","name":"Kavics Dental","description":"","publisher":{"@id":"https:\/\/kavicsdental.hu\/#organization"},"potentialAction":[{"@type":"SearchAction","target":{"@type":"EntryPoint","urlTemplate":"https:\/\/kavicsdental.hu\/?s={search_term_string}"},"query-input":{"@type":"PropertyValueSpecification","valueRequired":true,"valueName":"search_term_string"}}],"inLanguage":"en-GB"},{"@type":"Organization","@id":"https:\/\/kavicsdental.hu\/#organization","name":"Kavics Dental","url":"https:\/\/kavicsdental.hu\/","logo":{"@type":"ImageObject","inLanguage":"en-GB","@id":"https:\/\/kavicsdental.hu\/#\/schema\/logo\/image\/","url":"https:\/\/kavicsdental.hu\/wp-content\/uploads\/2020\/04\/kavicsdental_vegleges_logo-2-e1586283925602.jpeg","contentUrl":"https:\/\/kavicsdental.hu\/wp-content\/uploads\/2020\/04\/kavicsdental_vegleges_logo-2-e1586283925602.jpeg","width":618,"height":591,"caption":"Kavics Dental"},"image":{"@id":"https:\/\/kavicsdental.hu\/#\/schema\/logo\/image\/"},"sameAs":["https:\/\/www.facebook.com\/kavics.dental\/"]}]}},"_links":{"self":[{"href":"https:\/\/kavicsdental.hu\/en\/wp-json\/wp\/v2\/pages\/2010","targetHints":{"allow":["GET"]}}],"collection":[{"href":"https:\/\/kavicsdental.hu\/en\/wp-json\/wp\/v2\/pages"}],"about":[{"href":"https:\/\/kavicsdental.hu\/en\/wp-json\/wp\/v2\/types\/page"}],"author":[{"embeddable":true,"href":"https:\/\/kavicsdental.hu\/en\/wp-json\/wp\/v2\/users\/1"}],"replies":[{"embeddable":true,"href":"https:\/\/kavicsdental.hu\/en\/wp-json\/wp\/v2\/comments?post=2010"}],"version-history":[{"count":3,"href":"https:\/\/kavicsdental.hu\/en\/wp-json\/wp\/v2\/pages\/2010\/revisions"}],"predecessor-version":[{"id":2013,"href":"https:\/\/kavicsdental.hu\/en\/wp-json\/wp\/v2\/pages\/2010\/revisions\/2013"}],"wp:attachment":[{"href":"https:\/\/kavicsdental.hu\/en\/wp-json\/wp\/v2\/media?parent=2010"}],"curies":[{"name":"wp","href":"https:\/\/api.w.org\/{rel}","templated":true}]}}