{"id":796,"date":"2020-04-10T09:53:20","date_gmt":"2020-04-10T09:53:20","guid":{"rendered":"https:\/\/znp.dei.mybluehost.me\/?page_id=796"},"modified":"2020-05-09T13:58:34","modified_gmt":"2020-05-09T13:58:34","slug":"fogszabalyozas","status":"publish","type":"page","link":"https:\/\/kavicsdental.hu\/en\/kezelesek\/fogszabalyozas\/","title":{"rendered":"Orthodontics"},"content":{"rendered":"<div data-elementor-type=\"wp-page\" data-elementor-id=\"796\" class=\"elementor elementor-796\">\n\t\t\t\t\t\t<section class=\"elementor-section elementor-top-section elementor-element elementor-element-447a5a79 elementor-section-boxed elementor-section-height-default elementor-section-height-default\" data-id=\"447a5a79\" data-element_type=\"section\">\n\t\t\t\t\t\t<div class=\"elementor-container elementor-column-gap-default\">\n\t\t\t\t\t<div class=\"elementor-column elementor-col-100 elementor-top-column elementor-element elementor-element-55b8c0a6\" data-id=\"55b8c0a6\" data-element_type=\"column\">\n\t\t\t<div class=\"elementor-widget-wrap elementor-element-populated\">\n\t\t\t\t\t\t<div class=\"elementor-element elementor-element-63b26973 elementor-widget elementor-widget-heading\" data-id=\"63b26973\" data-element_type=\"widget\" data-widget_type=\"heading.default\">\n\t\t\t\t<div class=\"elementor-widget-container\">\n\t\t\t\t\t<h1 class=\"elementor-heading-title elementor-size-default\">Orthodontics<\/h1>\t\t\t\t<\/div>\n\t\t\t\t<\/div>\n\t\t\t\t<div class=\"elementor-element elementor-element-9d33f19 elementor-widget elementor-widget-spacer\" data-id=\"9d33f19\" data-element_type=\"widget\" data-widget_type=\"spacer.default\">\n\t\t\t\t<div class=\"elementor-widget-container\">\n\t\t\t\t\t\t\t<div class=\"elementor-spacer\">\n\t\t\t<div class=\"elementor-spacer-inner\"><\/div>\n\t\t<\/div>\n\t\t\t\t\t\t<\/div>\n\t\t\t\t<\/div>\n\t\t\t\t<div class=\"elementor-element elementor-element-77a6a2d7 elementor-widget elementor-widget-text-editor\" data-id=\"77a6a2d7\" data-element_type=\"widget\" data-widget_type=\"text-editor.default\">\n\t\t\t\t<div class=\"elementor-widget-container\">\n\t\t\t\t\t\t\t\t\t<p>A szab\u00e1lytalanul \u00e1ll\u00f3 fogakat \u00e9s a rossz harap\u00e1st sok esetben korrig\u00e1lni lehet fogszab\u00e1lyoz\u00e1ssal. A fogszab\u00e1lyoz\u00e1s leggyakrabban r\u00f6gz\u00edtett fogszab\u00e1lyoz\u00f3val t\u00f6rt\u00e9nik, de l\u00e9teznek egy\u00e9b alternat\u00edv\u00e1k is. El\u0151sz\u00f6r \u00e1ttekintj\u00fck a harap\u00e1si probl\u00e9m\u00e1kat, ut\u00e1na r\u00e1t\u00e9r\u00fcnk a fogszab\u00e1lyoz\u00e1s menet\u00e9re \u00e9s a fogszab\u00e1lyoz\u00f3 k\u00e9sz\u00fcl\u00e9kek t\u00edpusaira. V\u00e9g\u00fcl pedig a gyermekkori \u00e9s a feln\u0151ttkori fogszab\u00e1lyoz\u00e1ssal z\u00e1runk.<\/p><h2>\u00a0<\/h2><h2>Fogszab\u00e1lyoz\u00e1si rendelleness\u00e9gek<\/h2><p>Tooth <strong><a href=\"https:\/\/kavicsdental.hu\/en\/fogszabalyozasi-rendellenessegek\/\">rendelleness\u00e9g (vagy elt\u00e9r\u00e9s)<\/a><\/strong> \u00e9rintheti az egyes fogat, a harap\u00e1st \u00e9s az \u00e1llcsontokat. A teljess\u00e9g ig\u00e9nye n\u00e9lk\u00fcl mindegyikre mondunk egy p\u00e9ld\u00e1t. Az egyes fogat \u00e9rint\u0151 probl\u00e9ma p\u00e9ld\u00e1ul a retine\u00e1lt fog. Akkor besz\u00e9l\u00fcnk retine\u00e1lt fogr\u00f3l, ha a kifejl\u0151d\u00f6tt fog nem t\u0151r el\u0151 az \u00e1llcsontb\u00f3l, b\u00e1r nincs az el\u0151t\u00f6r\u00e9snek l\u00e1that\u00f3 akad\u00e1lya. Harap\u00e1si elt\u00e9r\u00e9s p\u00e9ld\u00e1ul a m\u00e9lyharap\u00e1s. Ebben az esetben a fels\u0151 fogak t\u00fal sokat fednek az als\u00f3 fogakb\u00f3l. Az \u00e1llcsontokat \u00e9rint\u0151 rendelleness\u00e9g p\u00e9ld\u00e1ul, ha az als\u00f3 \u00e1llkapocs t\u00fal el\u00f6l van.<\/p><p>A harap\u00e1si rendelleness\u00e9gek k\u00e9t probl\u00e9m\u00e1t okoznak: eszt\u00e9tikait \u00e9s funkcion\u00e1lisat. A p\u00e1ciens lehet, hogy nem tud t\u00f6k\u00e9letesen harapni, r\u00e1gni vagy besz\u00e9lni a fogszab\u00e1lyoz\u00e1si rendelleness\u00e9g miatt. Ezenk\u00edv\u00fcl a fogzom\u00e1nc k\u00f6nnyebben s\u00e9r\u00fclhet, a nehezen tiszt\u00edthat\u00f3 ter\u00fcleteken pedig k\u00f6nnyebben alakul ki <strong><a href=\"https:\/\/kavicsdental.hu\/en\/fogszuvasodas\/\">fogszuvasod\u00e1s<\/a><\/strong> \u00e9s <strong><a href=\"https:\/\/kavicsdental.hu\/en\/fogko\/\">fogk\u0151<\/a><\/strong>.<\/p><h2>Fogszab\u00e1lyoz\u00e1s menete<\/h2><p>A fogszab\u00e1lyoz\u00f3 kezel\u00e9snek h\u00e1rom r\u00e9sze van: <strong><a href=\"https:\/\/kavicsdental.hu\/en\/fogszabalyozas-menete\/\">el\u0151k\u00e9sz\u00edt\u0151 f\u00e1zis, kezel\u00e9s \u00e9s retenci\u00f3<\/a><\/strong>.<\/p><p>Az el\u0151k\u00e9sz\u00edt\u0151 f\u00e1zisban a fogszab\u00e1lyoz\u00f3 fogorvos r\u00f6ntgeneket, lenyomatot k\u00e9sz\u00edt a p\u00e1ciens fogazat\u00e1r\u00f3l, \u00e9s \u00e1tbesz\u00e9li a p\u00e1cienssel a c\u00e9lokat \u00e9s a lehet\u0151s\u00e9geket. A kezel\u00e9s akt\u00edv r\u00e9sze az, amikor a p\u00e1ciens hordja a fogszab\u00e1lyoz\u00f3 k\u00e9sz\u00fcl\u00e9ket. A harmadik, <strong><a href=\"https:\/\/kavicsdental.hu\/en\/retencio-fogszabalyozas\/\">retenci\u00f3s<\/a><\/strong> szakasz c\u00e9lja pedig az akt\u00edv kezel\u00e9ssel el\u00e9rt eredm\u00e9ny megtart\u00e1sa.<\/p><h2>Fogszab\u00e1lyoz\u00f3 k\u00e9sz\u00fcl\u00e9kek<\/h2><h3>\u00a0<\/h3><h3>R\u00f6gz\u00edtett fogszab\u00e1lyoz\u00f3<\/h3><p>A fogszab\u00e1lyoz\u00e1s leggyakrabban <strong><a href=\"https:\/\/kavicsdental.hu\/en\/rogzitett-fogszabalyozo\/\">r\u00f6gz\u00edtett fogszab\u00e1lyoz\u00f3 k\u00e9sz\u00fcl\u00e9kkel<\/a><\/strong> t\u00f6rt\u00e9nik. A kezel\u00e9s alatt a fogorvos folyamatosan \u00e1ll\u00edtja a fogszab\u00e1lyoz\u00f3t. Ez az \u00fagynevezett aktiv\u00e1l\u00e1s. \u00c1ltal\u00e1ban havonta k\u00f6r\u00fclbel\u00fcl egyszer van r\u00e1 sz\u00fcks\u00e9g. A <strong><a href=\"https:\/\/kavicsdental.hu\/en\/rogzitett-fogszabalyozo-reszei\/\">fogszab\u00e1lyoz\u00f3 f\u0151bb elemei<\/a><\/strong> a bracketek (tappancsok), az \u00edv, valamint egy\u00e9b f\u00e9m \u00e9s gumi kieg\u00e9sz\u00edt\u0151k. K\u00e9t t\u00edpusa elterjedt: <a href=\"https:\/\/kavicsdental.hu\/en\/fem-vagy-porcelan-fogszabalyozo\/\"><strong>f\u00e9m fogszab\u00e1lyoz\u00f3 \u00e9s porcel\u00e1n (eszt\u00e9tikus) fogszab\u00e1lyoz\u00f3<\/strong><\/a>. Mindk\u00e9t t\u00edpusnak van el\u0151nye \u00e9s h\u00e1tr\u00e1nya.<\/p><h3>\u00a0<\/h3><h3>L\u00e1thatatlan fogszab\u00e1lyoz\u00f3<\/h3><p>A r\u00f6gz\u00edtett fogszab\u00e1lyoz\u00f3n k\u00edv\u00fcl l\u00e9tezik <strong><a href=\"https:\/\/kavicsdental.hu\/en\/lathatatlan-fogszabalyozas-tudnivalok\/\">l\u00e1thatatlan s\u00ednes fogszab\u00e1lyoz\u00e1s<\/a><\/strong> is. M\u00e1sk\u00e9pp szokt\u00e1k m\u0171anyag s\u00ednes vagy \u00e1tl\u00e1tsz\u00f3 s\u00ednes fogszab\u00e1lyoz\u00e1snak is h\u00edvni. A megk\u00f6zel\u00edt\u00e9s l\u00e9nyege, hogy a fogorvos a fogazatr\u00f3l egy lenyomatot k\u00e9sz\u00edt. A digitaliz\u00e1lt lenyomat alapj\u00e1n a kezel\u00e9s menet\u00e9t ezut\u00e1n sz\u00e1m\u00edt\u00f3g\u00e9pes program seg\u00edts\u00e9g\u00e9vel megtervezik. A p\u00e1ciens fogait t\u00f6bb, \u00e1tl\u00e1tsz\u00f3 s\u00edn seg\u00edts\u00e9g\u00e9vel mozgatj\u00e1k a megfelel\u0151 poz\u00edci\u00f3ba. A sz\u00fcks\u00e9ges s\u00ednek sz\u00e1ma att\u00f3l f\u00fcgg, hogy mekkora az elt\u00e9r\u00e9s a kezdeti \u00e9s a k\u00edv\u00e1nt \u00e1llapot k\u00f6z\u00f6tt. Az <strong><a href=\"https:\/\/kavicsdental.hu\/en\/lathatatlan-sin-viselesi-tudnivalok\/\">\u00e1tl\u00e1tsz\u00f3 s\u00edneket majdnem eg\u00e9sz nap viselni kell<\/a><\/strong>, \u00e9s k\u00e9thetente l\u00e9p tov\u00e1bb a p\u00e1ciens a k\u00f6vetkez\u0151 s\u00ednre. B\u00e1r az elm\u00falt \u00e9vekben sokat fejl\u0151d\u00f6tt a technika, <strong><a href=\"https:\/\/kavicsdental.hu\/en\/lathatatlan-fogszabalyozas-mikor\/\">sok elv\u00e1ltoz\u00e1st nem lehet \u00e1tl\u00e1tsz\u00f3 s\u00ednekkel kezelni<\/a><\/strong>.<\/p><h3>\u00a0<\/h3><h3>Kivehet\u0151 fogszab\u00e1lyoz\u00f3<\/h3><p>A harmadik opci\u00f3 a <strong><a href=\"https:\/\/kavicsdental.hu\/en\/kiveheto-fogszabalyozo\/\">kivehet\u0151 fogszab\u00e1lyoz\u00f3 k\u00e9sz\u00fcl\u00e9k<\/a><\/strong>. T\u00f6bb t\u00edpusa l\u00e9tezik, legt\u00f6bbsz\u00f6r gyermekek fogszab\u00e1lyoz\u00e1sakor tal\u00e1lkozunk vele. Ak\u00e1rcsak a l\u00e1thatatlan fogszab\u00e1lyoz\u00e1sn\u00e1l, a kivehet\u0151 fogszab\u00e1lyoz\u00f3val sem lehet bizonyos elt\u00e9r\u00e9seket kezelni.<\/p><h2>Retenci\u00f3s k\u00e9sz\u00fcl\u00e9kek<\/h2><p>Tooth <strong><a href=\"https:\/\/kavicsdental.hu\/en\/retencios-keszulek\/\">retenci\u00f3s vagy helyben tart\u00f3 k\u00e9sz\u00fcl\u00e9k<\/a><\/strong> szerepe, hogy a fogak az ide\u00e1lis poz\u00edci\u00f3jukban maradjanak a kezel\u00e9s akt\u00edv r\u00e9sze ut\u00e1n is. K\u00e9t t\u00edpus jellemz\u0151. Az els\u0151 t\u00edpus az, amikor a fogorvos egy f\u00e9m dr\u00f3tot ragaszt a fogak bels\u0151 oldal\u00e1ra. A m\u00e1sik pedig az, amikor egy kivehet\u0151 k\u00e9sz\u00fcl\u00e9ket kap a p\u00e1ciens. A kivehet\u0151 k\u00e9sz\u00fcl\u00e9k gyakran egy m\u0171anyag s\u00edn, ami nem engedi a fogakat egym\u00e1shoz k\u00e9pest elmozdulni.<\/p><h2>Gyermek fogszab\u00e1lyoz\u00e1s<\/h2><p>\u00c9rdemes a gyermekeket m\u00e1r fiatalon elvinni a fogorvoshoz. El\u0151nyt jelenthet, ha a gyermek fogszab\u00e1lyoz\u00e1s\u00e1t kor\u00e1n el lehet kezdeni, mert esetleg k\u00f6nnyebben lehet m\u00e9g bizonyos rendellenes\u00e9geket korrig\u00e1lni, am\u00edg a gyermek n\u00f6vekszik. Legt\u00f6bbsz\u00f6r 9 \u00e9s 14 \u00e9ves kor k\u00f6z\u00f6tt kezdik el a gyermekek fogszab\u00e1lyoz\u00e1s\u00e1t. A kezel\u00e9shez haszn\u00e1lt k\u00e9sz\u00fcl\u00e9k t\u00edpusa f\u00fcgg a probl\u00e9m\u00e1t\u00f3l, a kezel\u00e9si ig\u00e9nyekt\u0151l \u00e9s a k\u00edv\u00e1nt eredm\u00e9nyt\u0151l. \u00a0<\/p><h2>Feln\u0151tt fogszab\u00e1lyoz\u00e1s<\/h2><p>Napjainkban egyre gyakoribb a <strong><a href=\"https:\/\/kavicsdental.hu\/en\/felnottkori-fogszabalyozas\/\">feln\u0151ttkori fogszab\u00e1lyoz\u00e1s<\/a><\/strong>. Leggyakrabban azok keresik fel ilyen c\u00e9llal a fogorvosi rendel\u0151t, akik vagy nem vettek r\u00e9szt fogszab\u00e1lyoz\u00f3 kezel\u00e9sen gyerekk\u00e9nt, vagy m\u00e1r feln\u0151ttkorukban alakult ki fogszab\u00e1lyoz\u00e1si rendelleness\u00e9g\u00fck. Tipikus p\u00e9lda erre, amikor a b\u00f6lcsess\u00e9gfog el\u0151t\u00f6r\u00e9se miatt arr\u00e9bb tol\u00f3dik n\u00e9h\u00e1ny fog, vagy amikor foghi\u00e1ny miatt v\u00e1ltozik meg a fogak helyzete vagy \u00e1ll\u00e1sa. Feln\u0151ttkori fogszab\u00e1lyoz\u00e1ssal nagyon sz\u00e9p eredm\u00e9ny \u00e9rhet\u0151 el.<\/p>\t\t\t\t\t\t\t\t<\/div>\n\t\t\t\t<\/div>\n\t\t\t\t<div class=\"elementor-element elementor-element-136f2e4e elementor-widget elementor-widget-spacer\" data-id=\"136f2e4e\" data-element_type=\"widget\" data-widget_type=\"spacer.default\">\n\t\t\t\t<div class=\"elementor-widget-container\">\n\t\t\t\t\t\t\t<div class=\"elementor-spacer\">\n\t\t\t<div class=\"elementor-spacer-inner\"><\/div>\n\t\t<\/div>\n\t\t\t\t\t\t<\/div>\n\t\t\t\t<\/div>\n\t\t\t\t<div class=\"elementor-element elementor-element-2ec4f3e2 elementor-widget elementor-widget-template\" data-id=\"2ec4f3e2\" data-element_type=\"widget\" data-widget_type=\"template.default\">\n\t\t\t\t<div class=\"elementor-widget-container\">\n\t\t\t\t\t \t\t\t\t<\/div>\n\t\t\t\t<\/div>\n\t\t\t\t\t<\/div>\n\t\t<\/div>\n\t\t\t\t\t<\/div>\n\t\t<\/section>\n\t\t\t\t<\/div>","protected":false},"excerpt":{"rendered":"<p>Fogszab\u00e1lyoz\u00e1s A szab\u00e1lytalanul \u00e1ll\u00f3 fogakat \u00e9s a rossz harap\u00e1st sok esetben korrig\u00e1lni lehet fogszab\u00e1lyoz\u00e1ssal. A fogszab\u00e1lyoz\u00e1s leggyakrabban r\u00f6gz\u00edtett fogszab\u00e1lyoz\u00f3val t\u00f6rt\u00e9nik, de l\u00e9teznek egy\u00e9b alternat\u00edv\u00e1k is. El\u0151sz\u00f6r \u00e1ttekintj\u00fck a harap\u00e1si probl\u00e9m\u00e1kat, ut\u00e1na r\u00e1t\u00e9r\u00fcnk a fogszab\u00e1lyoz\u00e1s menet\u00e9re \u00e9s a fogszab\u00e1lyoz\u00f3 k\u00e9sz\u00fcl\u00e9kek t\u00edpusaira. V\u00e9g\u00fcl pedig a gyermekkori \u00e9s a feln\u0151ttkori fogszab\u00e1lyoz\u00e1ssal z\u00e1runk. \u00a0 Fogszab\u00e1lyoz\u00e1si rendelleness\u00e9gek A rendelleness\u00e9g (vagy [&hellip;]<\/p>","protected":false},"author":1,"featured_media":0,"parent":294,"menu_order":0,"comment_status":"closed","ping_status":"closed","template":"","meta":{"ocean_post_layout":"","ocean_both_sidebars_style":"","ocean_both_sidebars_content_width":0,"ocean_both_sidebars_sidebars_width":0,"ocean_sidebar":"0","ocean_second_sidebar":"0","ocean_disable_margins":"enable","ocean_add_body_class":"","ocean_shortcode_before_top_bar":"","ocean_shortcode_after_top_bar":"","ocean_shortcode_before_header":"","ocean_shortcode_after_header":"","ocean_has_shortcode":"","ocean_shortcode_after_title":"","ocean_shortcode_before_footer_widgets":"","ocean_shortcode_after_footer_widgets":"","ocean_shortcode_before_footer_bottom":"","ocean_shortcode_after_footer_bottom":"","ocean_display_top_bar":"default","ocean_display_header":"default","ocean_header_style":"","ocean_center_header_left_menu":"0","ocean_custom_header_template":"0","ocean_custom_logo":0,"ocean_custom_retina_logo":0,"ocean_custom_logo_max_width":0,"ocean_custom_logo_tablet_max_width":0,"ocean_custom_logo_mobile_max_width":0,"ocean_custom_logo_max_height":0,"ocean_custom_logo_tablet_max_height":0,"ocean_custom_logo_mobile_max_height":0,"ocean_header_custom_menu":"0","ocean_menu_typo_font_family":"0","ocean_menu_typo_font_subset":"","ocean_menu_typo_font_size":0,"ocean_menu_typo_font_size_tablet":0,"ocean_menu_typo_font_size_mobile":0,"ocean_menu_typo_font_size_unit":"px","ocean_menu_typo_font_weight":"","ocean_menu_typo_font_weight_tablet":"","ocean_menu_typo_font_weight_mobile":"","ocean_menu_typo_transform":"","ocean_menu_typo_transform_tablet":"","ocean_menu_typo_transform_mobile":"","ocean_menu_typo_line_height":0,"ocean_menu_typo_line_height_tablet":0,"ocean_menu_typo_line_height_mobile":0,"ocean_menu_typo_line_height_unit":"","ocean_menu_typo_spacing":0,"ocean_menu_typo_spacing_tablet":0,"ocean_menu_typo_spacing_mobile":0,"ocean_menu_typo_spacing_unit":"","ocean_menu_link_color":"","ocean_menu_link_color_hover":"","ocean_menu_link_color_active":"","ocean_menu_link_background":"","ocean_menu_link_hover_background":"","ocean_menu_link_active_background":"","ocean_menu_social_links_bg":"","ocean_menu_social_hover_links_bg":"","ocean_menu_social_links_color":"","ocean_menu_social_hover_links_color":"","ocean_disable_title":"default","ocean_disable_heading":"default","ocean_post_title":"","ocean_post_subheading":"","ocean_post_title_style":"","ocean_post_title_background_color":"","ocean_post_title_background":0,"ocean_post_title_bg_image_position":"","ocean_post_title_bg_image_attachment":"","ocean_post_title_bg_image_repeat":"","ocean_post_title_bg_image_size":"","ocean_post_title_height":0,"ocean_post_title_bg_overlay":0.5,"ocean_post_title_bg_overlay_color":"","ocean_disable_breadcrumbs":"default","ocean_breadcrumbs_color":"","ocean_breadcrumbs_separator_color":"","ocean_breadcrumbs_links_color":"","ocean_breadcrumbs_links_hover_color":"","ocean_display_footer_widgets":"default","ocean_display_footer_bottom":"default","ocean_custom_footer_template":"0","footnotes":""},"class_list":["post-796","page","type-page","status-publish","hentry","entry"],"yoast_head":"<!-- This site is optimized with the Yoast SEO plugin v23.4 - https:\/\/yoast.com\/wordpress\/plugins\/seo\/ -->\n<title>Fogszab\u00e1lyoz\u00e1s - Kavics Dental Fogorvosi Rendel\u0151<\/title>\n<meta name=\"description\" content=\"A fogszab\u00e1lyoz\u00e1s c\u00e9lja korrig\u00e1lni a rossz harap\u00e1st. Tudjon meg minden fontos r\u00e9szletet a fogszab\u00e1lyoz\u00e1sr\u00f3l \u00f6sszefoglal\u00f3 cikk\u00fcnkb\u0151l.\" \/>\n<meta name=\"robots\" content=\"index, follow, max-snippet:-1, max-image-preview:large, max-video-preview:-1\" \/>\n<link rel=\"canonical\" href=\"https:\/\/kavicsdental.hu\/en\/kezelesek\/fogszabalyozas\/\" \/>\n<meta property=\"og:locale\" content=\"en_GB\" \/>\n<meta property=\"og:type\" content=\"article\" \/>\n<meta property=\"og:title\" content=\"Fogszab\u00e1lyoz\u00e1s - Kavics Dental Fogorvosi Rendel\u0151\" \/>\n<meta property=\"og:description\" content=\"A fogszab\u00e1lyoz\u00e1s c\u00e9lja korrig\u00e1lni a rossz harap\u00e1st. Tudjon meg minden fontos r\u00e9szletet a fogszab\u00e1lyoz\u00e1sr\u00f3l \u00f6sszefoglal\u00f3 cikk\u00fcnkb\u0151l.\" \/>\n<meta property=\"og:url\" content=\"https:\/\/kavicsdental.hu\/en\/kezelesek\/fogszabalyozas\/\" \/>\n<meta property=\"og:site_name\" content=\"Kavics Dental Fogorvosi Rendel\u0151\" \/>\n<meta property=\"article:publisher\" content=\"https:\/\/www.facebook.com\/kavics.dental\/\" \/>\n<meta property=\"article:modified_time\" content=\"2020-05-09T13:58:34+00:00\" \/>\n<meta name=\"twitter:card\" content=\"summary_large_image\" \/>\n<meta name=\"twitter:label1\" content=\"Estimated reading time\" \/>\n\t<meta name=\"twitter:data1\" content=\"5 minutes\" \/>\n<script type=\"application\/ld+json\" class=\"yoast-schema-graph\">{\"@context\":\"https:\/\/schema.org\",\"@graph\":[{\"@type\":\"WebPage\",\"@id\":\"https:\/\/kavicsdental.hu\/kezelesek\/fogszabalyozas\/\",\"url\":\"https:\/\/kavicsdental.hu\/kezelesek\/fogszabalyozas\/\",\"name\":\"Fogszab\u00e1lyoz\u00e1s - Kavics Dental Fogorvosi Rendel\u0151\",\"isPartOf\":{\"@id\":\"https:\/\/kavicsdental.hu\/#website\"},\"datePublished\":\"2020-04-10T09:53:20+00:00\",\"dateModified\":\"2020-05-09T13:58:34+00:00\",\"description\":\"A fogszab\u00e1lyoz\u00e1s c\u00e9lja korrig\u00e1lni a rossz harap\u00e1st. Tudjon meg minden fontos r\u00e9szletet a fogszab\u00e1lyoz\u00e1sr\u00f3l \u00f6sszefoglal\u00f3 cikk\u00fcnkb\u0151l.\",\"breadcrumb\":{\"@id\":\"https:\/\/kavicsdental.hu\/kezelesek\/fogszabalyozas\/#breadcrumb\"},\"inLanguage\":\"en-GB\",\"potentialAction\":[{\"@type\":\"ReadAction\",\"target\":[\"https:\/\/kavicsdental.hu\/kezelesek\/fogszabalyozas\/\"]}]},{\"@type\":\"BreadcrumbList\",\"@id\":\"https:\/\/kavicsdental.hu\/kezelesek\/fogszabalyozas\/#breadcrumb\",\"itemListElement\":[{\"@type\":\"ListItem\",\"position\":1,\"name\":\"Home\",\"item\":\"https:\/\/kavicsdental.hu\/\"},{\"@type\":\"ListItem\",\"position\":2,\"name\":\"Kezel\u00e9sek\",\"item\":\"https:\/\/kavicsdental.hu\/kezelesek\/\"},{\"@type\":\"ListItem\",\"position\":3,\"name\":\"Fogszab\u00e1lyoz\u00e1s\"}]},{\"@type\":\"WebSite\",\"@id\":\"https:\/\/kavicsdental.hu\/#website\",\"url\":\"https:\/\/kavicsdental.hu\/\",\"name\":\"Kavics Dental\",\"description\":\"\",\"publisher\":{\"@id\":\"https:\/\/kavicsdental.hu\/#organization\"},\"potentialAction\":[{\"@type\":\"SearchAction\",\"target\":{\"@type\":\"EntryPoint\",\"urlTemplate\":\"https:\/\/kavicsdental.hu\/?s={search_term_string}\"},\"query-input\":{\"@type\":\"PropertyValueSpecification\",\"valueRequired\":true,\"valueName\":\"search_term_string\"}}],\"inLanguage\":\"en-GB\"},{\"@type\":\"Organization\",\"@id\":\"https:\/\/kavicsdental.hu\/#organization\",\"name\":\"Kavics Dental\",\"url\":\"https:\/\/kavicsdental.hu\/\",\"logo\":{\"@type\":\"ImageObject\",\"inLanguage\":\"en-GB\",\"@id\":\"https:\/\/kavicsdental.hu\/#\/schema\/logo\/image\/\",\"url\":\"https:\/\/kavicsdental.hu\/wp-content\/uploads\/2020\/04\/kavicsdental_vegleges_logo-2-e1586283925602.jpeg\",\"contentUrl\":\"https:\/\/kavicsdental.hu\/wp-content\/uploads\/2020\/04\/kavicsdental_vegleges_logo-2-e1586283925602.jpeg\",\"width\":618,\"height\":591,\"caption\":\"Kavics Dental\"},\"image\":{\"@id\":\"https:\/\/kavicsdental.hu\/#\/schema\/logo\/image\/\"},\"sameAs\":[\"https:\/\/www.facebook.com\/kavics.dental\/\"]}]}<\/script>\n<!-- \/ Yoast SEO plugin. -->","yoast_head_json":{"title":"Fogszab\u00e1lyoz\u00e1s - Kavics Dental Fogorvosi Rendel\u0151","description":"A fogszab\u00e1lyoz\u00e1s c\u00e9lja korrig\u00e1lni a rossz harap\u00e1st. Tudjon meg minden fontos r\u00e9szletet a fogszab\u00e1lyoz\u00e1sr\u00f3l \u00f6sszefoglal\u00f3 cikk\u00fcnkb\u0151l.","robots":{"index":"index","follow":"follow","max-snippet":"max-snippet:-1","max-image-preview":"max-image-preview:large","max-video-preview":"max-video-preview:-1"},"canonical":"https:\/\/kavicsdental.hu\/en\/kezelesek\/fogszabalyozas\/","og_locale":"en_GB","og_type":"article","og_title":"Fogszab\u00e1lyoz\u00e1s - Kavics Dental Fogorvosi Rendel\u0151","og_description":"A fogszab\u00e1lyoz\u00e1s c\u00e9lja korrig\u00e1lni a rossz harap\u00e1st. Tudjon meg minden fontos r\u00e9szletet a fogszab\u00e1lyoz\u00e1sr\u00f3l \u00f6sszefoglal\u00f3 cikk\u00fcnkb\u0151l.","og_url":"https:\/\/kavicsdental.hu\/en\/kezelesek\/fogszabalyozas\/","og_site_name":"Kavics Dental Fogorvosi Rendel\u0151","article_publisher":"https:\/\/www.facebook.com\/kavics.dental\/","article_modified_time":"2020-05-09T13:58:34+00:00","twitter_card":"summary_large_image","twitter_misc":{"Estimated reading time":"5 minutes"},"schema":{"@context":"https:\/\/schema.org","@graph":[{"@type":"WebPage","@id":"https:\/\/kavicsdental.hu\/kezelesek\/fogszabalyozas\/","url":"https:\/\/kavicsdental.hu\/kezelesek\/fogszabalyozas\/","name":"Fogszab\u00e1lyoz\u00e1s - Kavics Dental Fogorvosi Rendel\u0151","isPartOf":{"@id":"https:\/\/kavicsdental.hu\/#website"},"datePublished":"2020-04-10T09:53:20+00:00","dateModified":"2020-05-09T13:58:34+00:00","description":"A fogszab\u00e1lyoz\u00e1s c\u00e9lja korrig\u00e1lni a rossz harap\u00e1st. Tudjon meg minden fontos r\u00e9szletet a fogszab\u00e1lyoz\u00e1sr\u00f3l \u00f6sszefoglal\u00f3 cikk\u00fcnkb\u0151l.","breadcrumb":{"@id":"https:\/\/kavicsdental.hu\/kezelesek\/fogszabalyozas\/#breadcrumb"},"inLanguage":"en-GB","potentialAction":[{"@type":"ReadAction","target":["https:\/\/kavicsdental.hu\/kezelesek\/fogszabalyozas\/"]}]},{"@type":"BreadcrumbList","@id":"https:\/\/kavicsdental.hu\/kezelesek\/fogszabalyozas\/#breadcrumb","itemListElement":[{"@type":"ListItem","position":1,"name":"Home","item":"https:\/\/kavicsdental.hu\/"},{"@type":"ListItem","position":2,"name":"Kezel\u00e9sek","item":"https:\/\/kavicsdental.hu\/kezelesek\/"},{"@type":"ListItem","position":3,"name":"Fogszab\u00e1lyoz\u00e1s"}]},{"@type":"WebSite","@id":"https:\/\/kavicsdental.hu\/#website","url":"https:\/\/kavicsdental.hu\/","name":"Kavics Dental","description":"","publisher":{"@id":"https:\/\/kavicsdental.hu\/#organization"},"potentialAction":[{"@type":"SearchAction","target":{"@type":"EntryPoint","urlTemplate":"https:\/\/kavicsdental.hu\/?s={search_term_string}"},"query-input":{"@type":"PropertyValueSpecification","valueRequired":true,"valueName":"search_term_string"}}],"inLanguage":"en-GB"},{"@type":"Organization","@id":"https:\/\/kavicsdental.hu\/#organization","name":"Kavics Dental","url":"https:\/\/kavicsdental.hu\/","logo":{"@type":"ImageObject","inLanguage":"en-GB","@id":"https:\/\/kavicsdental.hu\/#\/schema\/logo\/image\/","url":"https:\/\/kavicsdental.hu\/wp-content\/uploads\/2020\/04\/kavicsdental_vegleges_logo-2-e1586283925602.jpeg","contentUrl":"https:\/\/kavicsdental.hu\/wp-content\/uploads\/2020\/04\/kavicsdental_vegleges_logo-2-e1586283925602.jpeg","width":618,"height":591,"caption":"Kavics Dental"},"image":{"@id":"https:\/\/kavicsdental.hu\/#\/schema\/logo\/image\/"},"sameAs":["https:\/\/www.facebook.com\/kavics.dental\/"]}]}},"_links":{"self":[{"href":"https:\/\/kavicsdental.hu\/en\/wp-json\/wp\/v2\/pages\/796","targetHints":{"allow":["GET"]}}],"collection":[{"href":"https:\/\/kavicsdental.hu\/en\/wp-json\/wp\/v2\/pages"}],"about":[{"href":"https:\/\/kavicsdental.hu\/en\/wp-json\/wp\/v2\/types\/page"}],"author":[{"embeddable":true,"href":"https:\/\/kavicsdental.hu\/en\/wp-json\/wp\/v2\/users\/1"}],"replies":[{"embeddable":true,"href":"https:\/\/kavicsdental.hu\/en\/wp-json\/wp\/v2\/comments?post=796"}],"version-history":[{"count":4,"href":"https:\/\/kavicsdental.hu\/en\/wp-json\/wp\/v2\/pages\/796\/revisions"}],"predecessor-version":[{"id":1567,"href":"https:\/\/kavicsdental.hu\/en\/wp-json\/wp\/v2\/pages\/796\/revisions\/1567"}],"up":[{"embeddable":true,"href":"https:\/\/kavicsdental.hu\/en\/wp-json\/wp\/v2\/pages\/294"}],"wp:attachment":[{"href":"https:\/\/kavicsdental.hu\/en\/wp-json\/wp\/v2\/media?parent=796"}],"curies":[{"name":"wp","href":"https:\/\/api.w.org\/{rel}","templated":true}]}}