{"id":906,"date":"2020-04-12T20:25:02","date_gmt":"2020-04-12T20:25:02","guid":{"rendered":"https:\/\/znp.dei.mybluehost.me\/?page_id=906"},"modified":"2020-05-22T14:33:32","modified_gmt":"2020-05-22T14:33:32","slug":"gyermekfogaszat","status":"publish","type":"page","link":"https:\/\/kavicsdental.hu\/en\/kezelesek\/gyermekfogaszat\/","title":{"rendered":"Pediatric dentistry"},"content":{"rendered":"<div data-elementor-type=\"wp-page\" data-elementor-id=\"906\" class=\"elementor elementor-906\">\n\t\t\t\t\t\t<section class=\"elementor-section elementor-top-section elementor-element elementor-element-0a2dd7d elementor-section-boxed elementor-section-height-default elementor-section-height-default\" data-id=\"0a2dd7d\" data-element_type=\"section\">\n\t\t\t\t\t\t<div class=\"elementor-container elementor-column-gap-default\">\n\t\t\t\t\t<div class=\"elementor-column elementor-col-100 elementor-top-column elementor-element elementor-element-07f51b1\" data-id=\"07f51b1\" data-element_type=\"column\">\n\t\t\t<div class=\"elementor-widget-wrap\">\n\t\t\t\t\t\t\t<\/div>\n\t\t<\/div>\n\t\t\t\t\t<\/div>\n\t\t<\/section>\n\t\t\t\t<section class=\"elementor-section elementor-top-section elementor-element elementor-element-259312cd elementor-section-boxed elementor-section-height-default elementor-section-height-default\" data-id=\"259312cd\" data-element_type=\"section\">\n\t\t\t\t\t\t<div class=\"elementor-container elementor-column-gap-default\">\n\t\t\t\t\t<div class=\"elementor-column elementor-col-100 elementor-top-column elementor-element elementor-element-1c85ad29\" data-id=\"1c85ad29\" data-element_type=\"column\">\n\t\t\t<div class=\"elementor-widget-wrap elementor-element-populated\">\n\t\t\t\t\t\t<div class=\"elementor-element elementor-element-6fd93492 elementor-widget elementor-widget-heading\" data-id=\"6fd93492\" data-element_type=\"widget\" data-widget_type=\"heading.default\">\n\t\t\t\t<div class=\"elementor-widget-container\">\n\t\t\t\t\t<h1 class=\"elementor-heading-title elementor-size-default\">Pediatric dentistry<\/h1>\t\t\t\t<\/div>\n\t\t\t\t<\/div>\n\t\t\t\t<div class=\"elementor-element elementor-element-29389106 elementor-widget elementor-widget-spacer\" data-id=\"29389106\" data-element_type=\"widget\" data-widget_type=\"spacer.default\">\n\t\t\t\t<div class=\"elementor-widget-container\">\n\t\t\t\t\t\t\t<div class=\"elementor-spacer\">\n\t\t\t<div class=\"elementor-spacer-inner\"><\/div>\n\t\t<\/div>\n\t\t\t\t\t\t<\/div>\n\t\t\t\t<\/div>\n\t\t\t\t<div class=\"elementor-element elementor-element-51260b4a elementor-widget elementor-widget-text-editor\" data-id=\"51260b4a\" data-element_type=\"widget\" data-widget_type=\"text-editor.default\">\n\t\t\t\t<div class=\"elementor-widget-container\">\n\t\t\t\t\t\t\t\t\t<p>\u00d6sszegy\u0171jt\u00f6tt\u00fcnk n\u00e9h\u00e1ny t\u00e9mak\u00f6rt a gyermekek fogazat\u00e1r\u00f3l, ami sok sz\u00fcl\u0151t foglalkoztat.\u00a0<\/p><p>\u00a0<\/p><h3>Mikor vigyem a gyermekemet fogorvoshoz?<\/h3><p>A gyermekeket \u00e9rdemes min\u00e9l kor\u00e1bban elvinni el\u0151sz\u00f6r a fogorvosi rendel\u0151be. Ezt k\u00f6vet\u0151en \u00e9rdemes rendszeresen j\u00e1rni a gyermekekkel, a fogorvos aj\u00e1nl\u00e1sa szerint. \u00cdgy a gyermekek kor\u00e1n hozz\u00e1szoknak a rendel\u0151i k\u00f6rnyezethez, az illatokhoz, zajokhoz, \u00e9s a k\u00e9s\u0151bbiekben m\u00e1r nyugodtabbak lesznek a kezel\u00e9sekn\u00e9l.<\/p><h3>\u00a0<\/h3><h3>Mikor j\u00f6nnek el\u0151 a gyermekem fogai?<\/h3><p>A tejfogak \u00e1ltal\u00e1ban a baba hath\u00f3napos kor\u00e1t\u00f3l kezdenek el\u0151j\u00f6nni. Mind a 20 tejfog el\u0151 kell hogy t\u00f6rj\u00f6n a gyermek 30 h\u00f3napos kor\u00e1ra. Az els\u0151 marad\u00f3fogak (h\u00e1ts\u00f3 fogak) 6 \u00e9ves kor t\u00e1j\u00e1n kezdenek el megjelenni, miel\u0151tt a tejfogak 6-7 \u00e9ves korban elkezdenek kiesni. Ezut\u00e1n a marad\u00f3fogak sz\u00e9p lassan felv\u00e1ltj\u00e1k a tejfogakat. \u00c1ltal\u00e1ban legel\u0151sz\u00f6r az als\u00f3, el\u00fcls\u0151 fogak esnek ki, amiket a fels\u0151, el\u00fcls\u0151 fogak k\u00f6vetnek. Az \u00f6sszes marad\u00f3fog meg kell hogy jelenjen 14 \u00e9ves korig, kiv\u00e9ve a b\u00f6lcsess\u00e9gfogakat, amik k\u00e9s\u0151bb, jellemz\u0151en 18-25 \u00e9ves korban is megjelenhetnek.<\/p><p>Fontos azt \u00e9szben tartani, hogy minden gyermek m\u00e1s, \u00e9s m\u00e1s \u00fctemben fejl\u0151dik, ez\u00e9rt a fenti sz\u00e1mokat csak hozz\u00e1vet\u0151leges \u00e9rt\u00e9keknek kell tekinteni. Az, hogy az \u00d6n gyermek\u00e9n\u00e9l kicsit m\u00e1s \u00e9letkorban esnek ki a tejfogak, vagy jelennek meg a marad\u00f3fogak, m\u00e9g nem jelent \u00f6nmag\u00e1ban semmi rosszat.<\/p><h3>\u00a0<\/h3><h3>Hogy mossam a gyermekem fogait?<\/h3><p>A gyermek fog\u00e1nak tiszt\u00edt\u00e1sa a napi higi\u00e9nia r\u00e9sze kell hogy legyen. Sokszor seg\u00edt az, ha a gyermek m\u00f6g\u00f6tt \u00fcl\u00fcnk vagy \u00e1llunk, \u00e9s finoman megfogjuk az \u00e1ll\u00e1t, hogy k\u00f6nnyebben el\u00e9rj\u00fck a fels\u0151 \u00e9s a h\u00e1ts\u00f3 fogakat.<\/p><ul><li>Amikor megjelennek az els\u0151 fogak, \u00e9rdemes gyermekekre tervezett fogkef\u00e9t haszn\u00e1lni, egy p\u00f6ttynyi fluoridos fogkr\u00e9mmel.<\/li><li>\u00c9rdemes a gyermek fogmos\u00e1s\u00e1t h\u00e9t\u00e9ves korig ellen\u0151rizni.<\/li><li>Amikor megjelent az \u00f6sszes fog, \u00e9rdemes olyan fogkef\u00e9t haszn\u00e1lni, aminek kicsi a feje \u00e9s puh\u00e1k a s\u00f6rt\u00e9i. A fogmos\u00e1s k\u00f6rk\u00f6r\u00f6s mozg\u00e1ssal, egyszerre a fogazat egy r\u00e9sz\u00e9re koncentr\u00e1lva t\u00f6rt\u00e9njen.<\/li><li>Ne felejtse ki a fog m\u00f6g\u00f6tti ter\u00fcletet, illetve az \u00ednyt sem a fogmos\u00e1sb\u00f3l \u2013 \u00f3vatos mozdulatokkal tegye mindezt.<\/li><li>Fogmos\u00e1s ut\u00e1n nem sz\u00fcks\u00e9ges \u00f6bl\u00f6getni. \u00cdgy hosszabb ideig marad a fluorid a fogon.<\/li><li>Ha lehets\u00e9ges, \u00e9p\u00edtse be a fogmos\u00e1st a gyermek napi rutinj\u00e1ba. Egyszer lefekv\u00e9s el\u0151tt, \u00e9s m\u00e9g egyszer valamikor a nap folyam\u00e1n.<\/li><li>\u00c9rdemes a gyermekeket b\u00edztatni \u00e9s megdics\u00e9rni a helyes fogmos\u00e1s ut\u00e1n.<\/li><\/ul><h3>\u00a0<\/h3><h3>\u00c9rdemes fluoridos fogkr\u00e9met haszn\u00e1lni?<\/h3><p>A fogakra t\u00f6bb m\u00f3don ker\u00fclhet fluorid, p\u00e9ld\u00e1ul a fogkr\u00e9mb\u0151l, helyi fluoridecsetel\u00e9ssel vagy ak\u00e1r n\u00e9h\u00e1ny helyen az iv\u00f3v\u00edzb\u0151l is. \u00a0A fluorid seg\u00edthet megel\u0151zni a fogszuvasod\u00e1st. A gyermekek h\u00e1rom\u00e9ves korig p\u00f6ttynyi fluoridos fogkr\u00e9met haszn\u00e1ljanak, ezt k\u00f6vet\u0151en pedig bors\u00f3nyi fluoridos fogkr\u00e9met. T\u00f6bb v\u00e9lem\u00e9ny l\u00e9tezik arr\u00f3l, hogy mennyi fluoridot tartalmazzon a fogkr\u00e9m, amit a gyermekek haszn\u00e1lnak. \u00c9ppen ez\u00e9rt, nem \u00edrunk itt le egy konkr\u00e9t sz\u00e1mot. Ha nem biztos abban, hogy milyen fluoridtartalm\u00fa fogkr\u00e9met v\u00e1lasszon gyermek\u00e9nek, k\u00e9rdezze meg a fogorvos\u00e1t. A fogkr\u00e9m fluoridtartalma \u00e1ltal\u00e1ban fel van t\u00fcntetve a csomagol\u00e1son.<\/p><h3>\u00a0<\/h3><h3>Milyen s\u00f6rt\u00e9j\u0171 fogkef\u00e9t haszn\u00e1ljunk?<\/h3><p>T\u00f6bb t\u00edpus\u00fa fogkefe l\u00e9tezik, \u00e9l\u00e9nk sz\u00edn\u0171, sz\u00ednv\u00e1lt\u00f3s, mesefigur\u00e1kat tartalmaz\u00f3. Ezek fogorvosi szempontb\u00f3l nem b\u00edrnak jelent\u0151s\u00e9ggel, arra viszont j\u00f3k, hogy a gyermekek nagyobb lelkesed\u00e9ssel mossanak fogat. Ami fontos, hogy a fogkefe a gyermek kor\u00e1nak megfelel\u0151 legyen, kicsi legyen a feje \u00e9s puha, nejlon a s\u00f6rt\u00e9je. A gyermek \u00e9letkor\u00e1nak megfelel\u0151 elektromos fogkefe is haszn\u00e1lhat\u00f3, ami seg\u00edthet abban, hogy a gyermek el\u00e9g ideig mossa a fog\u00e1t.<\/p><h3>\u00a0<\/h3><h3>Mit\u0151l f\u00e1j a gyermekem foga?<\/h3><p>A fogf\u00e1j\u00e1st legt\u00f6bbsz\u00f6r a fogszuvasod\u00e1s okozza a gyermekekn\u00e9l. Sokszor ennek az az oka, hogy a gyermek \u00e9trendje t\u00fal gyakran tartalmaz cukrot. A fogak el\u0151t\u00f6r\u00e9se (fogz\u00e1s) is j\u00e1rhat f\u00e1jdalommal. Amennyiben a gyermeknek f\u00e1jdalomcsillap\u00edt\u00f3ra van sz\u00fcks\u00e9ge, cukormentes gy\u00f3gyszert adjon neki. Ha a f\u00e1jdalom nem m\u00falik el, l\u00e1togasson el fogorvos\u00e1hoz.<\/p><h3>\u00a0<\/h3><h3>Hogy lehet megel\u0151zni a fogszuvasod\u00e1st a gyermekekn\u00e9l?<\/h3><p>A fogszuvasod\u00e1s egyik f\u0151 oka az, hogy a gyermek gyakran fogyaszt cukrot vagy savakat tartalmaz\u00f3 \u00e9teleket, italokat. \u00c9ppen ez\u00e9rt fontos, hogy csak \u00e9tkez\u00e9sekn\u00e9l fogyasszanak ilyen \u00e9teleket vagy italokat. \u00c9tkez\u00e9sek k\u00f6z\u00f6tt ker\u00fclni \u00e9rdemes a gy\u00fcm\u00f6lcsleveket vagy m\u00e1s, cukortartalm\u00fa italok, illetve a nassol\u00e1sn\u00e1l is javasolt elker\u00fclni a magas cukortartalm\u00fa \u00e9teleket. N\u00e9h\u00e1ny babat\u00e1pszer is sok cukrot tartalmaz, ez\u00e9rt \u00e9rdemes mindig ellen\u0151rizni az \u00f6sszetev\u0151ket. <\/p>\t\t\t\t\t\t\t\t<\/div>\n\t\t\t\t<\/div>\n\t\t\t\t<div class=\"elementor-element elementor-element-7068f91a elementor-widget elementor-widget-spacer\" data-id=\"7068f91a\" data-element_type=\"widget\" data-widget_type=\"spacer.default\">\n\t\t\t\t<div class=\"elementor-widget-container\">\n\t\t\t\t\t\t\t<div class=\"elementor-spacer\">\n\t\t\t<div class=\"elementor-spacer-inner\"><\/div>\n\t\t<\/div>\n\t\t\t\t\t\t<\/div>\n\t\t\t\t<\/div>\n\t\t\t\t<div class=\"elementor-element elementor-element-506c995b elementor-widget elementor-widget-template\" data-id=\"506c995b\" data-element_type=\"widget\" data-widget_type=\"template.default\">\n\t\t\t\t<div class=\"elementor-widget-container\">\n\t\t\t\t\t \t\t\t\t<\/div>\n\t\t\t\t<\/div>\n\t\t\t\t\t<\/div>\n\t\t<\/div>\n\t\t\t\t\t<\/div>\n\t\t<\/section>\n\t\t\t\t<\/div>","protected":false},"excerpt":{"rendered":"<p>Gyermekfog\u00e1szat \u00d6sszegy\u0171jt\u00f6tt\u00fcnk n\u00e9h\u00e1ny t\u00e9mak\u00f6rt a gyermekek fogazat\u00e1r\u00f3l, ami sok sz\u00fcl\u0151t foglalkoztat. Mikor vigyem a gyermekemet fogorvoshoz? A gyermekeket \u00e9rdemes min\u00e9l kor\u00e1bban elvinni el\u0151sz\u00f6r a fogorvosi rendel\u0151be. Ezt k\u00f6vet\u0151en \u00e9rdemes rendszeresen j\u00e1rni a gyermekekkel, a fogorvos aj\u00e1nl\u00e1sa szerint. \u00cdgy a gyermekek kor\u00e1n hozz\u00e1szoknak a rendel\u0151i k\u00f6rnyezethez, az illatokhoz, zajokhoz, \u00e9s a k\u00e9s\u0151bbiekben m\u00e1r nyugodtabbak lesznek a [&hellip;]<\/p>","protected":false},"author":1,"featured_media":0,"parent":294,"menu_order":0,"comment_status":"closed","ping_status":"closed","template":"","meta":{"ocean_post_layout":"","ocean_both_sidebars_style":"","ocean_both_sidebars_content_width":0,"ocean_both_sidebars_sidebars_width":0,"ocean_sidebar":"0","ocean_second_sidebar":"0","ocean_disable_margins":"enable","ocean_add_body_class":"","ocean_shortcode_before_top_bar":"","ocean_shortcode_after_top_bar":"","ocean_shortcode_before_header":"","ocean_shortcode_after_header":"","ocean_has_shortcode":"","ocean_shortcode_after_title":"","ocean_shortcode_before_footer_widgets":"","ocean_shortcode_after_footer_widgets":"","ocean_shortcode_before_footer_bottom":"","ocean_shortcode_after_footer_bottom":"","ocean_display_top_bar":"default","ocean_display_header":"default","ocean_header_style":"","ocean_center_header_left_menu":"0","ocean_custom_header_template":"0","ocean_custom_logo":0,"ocean_custom_retina_logo":0,"ocean_custom_logo_max_width":0,"ocean_custom_logo_tablet_max_width":0,"ocean_custom_logo_mobile_max_width":0,"ocean_custom_logo_max_height":0,"ocean_custom_logo_tablet_max_height":0,"ocean_custom_logo_mobile_max_height":0,"ocean_header_custom_menu":"0","ocean_menu_typo_font_family":"0","ocean_menu_typo_font_subset":"","ocean_menu_typo_font_size":0,"ocean_menu_typo_font_size_tablet":0,"ocean_menu_typo_font_size_mobile":0,"ocean_menu_typo_font_size_unit":"px","ocean_menu_typo_font_weight":"","ocean_menu_typo_font_weight_tablet":"","ocean_menu_typo_font_weight_mobile":"","ocean_menu_typo_transform":"","ocean_menu_typo_transform_tablet":"","ocean_menu_typo_transform_mobile":"","ocean_menu_typo_line_height":0,"ocean_menu_typo_line_height_tablet":0,"ocean_menu_typo_line_height_mobile":0,"ocean_menu_typo_line_height_unit":"","ocean_menu_typo_spacing":0,"ocean_menu_typo_spacing_tablet":0,"ocean_menu_typo_spacing_mobile":0,"ocean_menu_typo_spacing_unit":"","ocean_menu_link_color":"","ocean_menu_link_color_hover":"","ocean_menu_link_color_active":"","ocean_menu_link_background":"","ocean_menu_link_hover_background":"","ocean_menu_link_active_background":"","ocean_menu_social_links_bg":"","ocean_menu_social_hover_links_bg":"","ocean_menu_social_links_color":"","ocean_menu_social_hover_links_color":"","ocean_disable_title":"default","ocean_disable_heading":"default","ocean_post_title":"","ocean_post_subheading":"","ocean_post_title_style":"","ocean_post_title_background_color":"","ocean_post_title_background":0,"ocean_post_title_bg_image_position":"","ocean_post_title_bg_image_attachment":"","ocean_post_title_bg_image_repeat":"","ocean_post_title_bg_image_size":"","ocean_post_title_height":0,"ocean_post_title_bg_overlay":0.5,"ocean_post_title_bg_overlay_color":"","ocean_disable_breadcrumbs":"default","ocean_breadcrumbs_color":"","ocean_breadcrumbs_separator_color":"","ocean_breadcrumbs_links_color":"","ocean_breadcrumbs_links_hover_color":"","ocean_display_footer_widgets":"default","ocean_display_footer_bottom":"default","ocean_custom_footer_template":"0","footnotes":""},"class_list":["post-906","page","type-page","status-publish","hentry","entry"],"yoast_head":"<!-- This site is optimized with the Yoast SEO plugin v23.4 - https:\/\/yoast.com\/wordpress\/plugins\/seo\/ -->\n<title>Gyermekfog\u00e1szat - Kavics Dental Fogorvosi Rendel\u0151<\/title>\n<meta name=\"description\" content=\"Mire kell figyelni gyermek\u00fcnkn\u00e9l? \u00d6sszefoglal\u00f3nkban t\u00f6bbek k\u00f6z\u00f6tt arr\u00f3l \u00edrunk, hogy mikor \u00e9rdemes felkeresni a fogorvost, \u00e9s hogy mire j\u00f3 a fluorid.\" \/>\n<meta name=\"robots\" content=\"index, follow, max-snippet:-1, max-image-preview:large, max-video-preview:-1\" \/>\n<link rel=\"canonical\" href=\"https:\/\/kavicsdental.hu\/en\/kezelesek\/gyermekfogaszat\/\" \/>\n<meta property=\"og:locale\" content=\"en_GB\" \/>\n<meta property=\"og:type\" content=\"article\" \/>\n<meta property=\"og:title\" content=\"Gyermekfog\u00e1szat - Kavics Dental Fogorvosi Rendel\u0151\" \/>\n<meta property=\"og:description\" content=\"Mire kell figyelni gyermek\u00fcnkn\u00e9l? \u00d6sszefoglal\u00f3nkban t\u00f6bbek k\u00f6z\u00f6tt arr\u00f3l \u00edrunk, hogy mikor \u00e9rdemes felkeresni a fogorvost, \u00e9s hogy mire j\u00f3 a fluorid.\" \/>\n<meta property=\"og:url\" content=\"https:\/\/kavicsdental.hu\/en\/kezelesek\/gyermekfogaszat\/\" \/>\n<meta property=\"og:site_name\" content=\"Kavics Dental Fogorvosi Rendel\u0151\" \/>\n<meta property=\"article:publisher\" content=\"https:\/\/www.facebook.com\/kavics.dental\/\" \/>\n<meta property=\"article:modified_time\" content=\"2020-05-22T14:33:32+00:00\" \/>\n<meta name=\"twitter:card\" content=\"summary_large_image\" \/>\n<meta name=\"twitter:label1\" content=\"Estimated reading time\" \/>\n\t<meta name=\"twitter:data1\" content=\"4 minutes\" \/>\n<script type=\"application\/ld+json\" class=\"yoast-schema-graph\">{\"@context\":\"https:\/\/schema.org\",\"@graph\":[{\"@type\":\"WebPage\",\"@id\":\"https:\/\/kavicsdental.hu\/kezelesek\/gyermekfogaszat\/\",\"url\":\"https:\/\/kavicsdental.hu\/kezelesek\/gyermekfogaszat\/\",\"name\":\"Gyermekfog\u00e1szat - Kavics Dental Fogorvosi Rendel\u0151\",\"isPartOf\":{\"@id\":\"https:\/\/kavicsdental.hu\/#website\"},\"datePublished\":\"2020-04-12T20:25:02+00:00\",\"dateModified\":\"2020-05-22T14:33:32+00:00\",\"description\":\"Mire kell figyelni gyermek\u00fcnkn\u00e9l? \u00d6sszefoglal\u00f3nkban t\u00f6bbek k\u00f6z\u00f6tt arr\u00f3l \u00edrunk, hogy mikor \u00e9rdemes felkeresni a fogorvost, \u00e9s hogy mire j\u00f3 a fluorid.\",\"breadcrumb\":{\"@id\":\"https:\/\/kavicsdental.hu\/kezelesek\/gyermekfogaszat\/#breadcrumb\"},\"inLanguage\":\"en-GB\",\"potentialAction\":[{\"@type\":\"ReadAction\",\"target\":[\"https:\/\/kavicsdental.hu\/kezelesek\/gyermekfogaszat\/\"]}]},{\"@type\":\"BreadcrumbList\",\"@id\":\"https:\/\/kavicsdental.hu\/kezelesek\/gyermekfogaszat\/#breadcrumb\",\"itemListElement\":[{\"@type\":\"ListItem\",\"position\":1,\"name\":\"Home\",\"item\":\"https:\/\/kavicsdental.hu\/\"},{\"@type\":\"ListItem\",\"position\":2,\"name\":\"Kezel\u00e9sek\",\"item\":\"https:\/\/kavicsdental.hu\/kezelesek\/\"},{\"@type\":\"ListItem\",\"position\":3,\"name\":\"Gyermekfog\u00e1szat\"}]},{\"@type\":\"WebSite\",\"@id\":\"https:\/\/kavicsdental.hu\/#website\",\"url\":\"https:\/\/kavicsdental.hu\/\",\"name\":\"Kavics Dental\",\"description\":\"\",\"publisher\":{\"@id\":\"https:\/\/kavicsdental.hu\/#organization\"},\"potentialAction\":[{\"@type\":\"SearchAction\",\"target\":{\"@type\":\"EntryPoint\",\"urlTemplate\":\"https:\/\/kavicsdental.hu\/?s={search_term_string}\"},\"query-input\":{\"@type\":\"PropertyValueSpecification\",\"valueRequired\":true,\"valueName\":\"search_term_string\"}}],\"inLanguage\":\"en-GB\"},{\"@type\":\"Organization\",\"@id\":\"https:\/\/kavicsdental.hu\/#organization\",\"name\":\"Kavics Dental\",\"url\":\"https:\/\/kavicsdental.hu\/\",\"logo\":{\"@type\":\"ImageObject\",\"inLanguage\":\"en-GB\",\"@id\":\"https:\/\/kavicsdental.hu\/#\/schema\/logo\/image\/\",\"url\":\"https:\/\/kavicsdental.hu\/wp-content\/uploads\/2020\/04\/kavicsdental_vegleges_logo-2-e1586283925602.jpeg\",\"contentUrl\":\"https:\/\/kavicsdental.hu\/wp-content\/uploads\/2020\/04\/kavicsdental_vegleges_logo-2-e1586283925602.jpeg\",\"width\":618,\"height\":591,\"caption\":\"Kavics Dental\"},\"image\":{\"@id\":\"https:\/\/kavicsdental.hu\/#\/schema\/logo\/image\/\"},\"sameAs\":[\"https:\/\/www.facebook.com\/kavics.dental\/\"]}]}<\/script>\n<!-- \/ Yoast SEO plugin. -->","yoast_head_json":{"title":"Gyermekfog\u00e1szat - Kavics Dental Fogorvosi Rendel\u0151","description":"Mire kell figyelni gyermek\u00fcnkn\u00e9l? \u00d6sszefoglal\u00f3nkban t\u00f6bbek k\u00f6z\u00f6tt arr\u00f3l \u00edrunk, hogy mikor \u00e9rdemes felkeresni a fogorvost, \u00e9s hogy mire j\u00f3 a fluorid.","robots":{"index":"index","follow":"follow","max-snippet":"max-snippet:-1","max-image-preview":"max-image-preview:large","max-video-preview":"max-video-preview:-1"},"canonical":"https:\/\/kavicsdental.hu\/en\/kezelesek\/gyermekfogaszat\/","og_locale":"en_GB","og_type":"article","og_title":"Gyermekfog\u00e1szat - Kavics Dental Fogorvosi Rendel\u0151","og_description":"Mire kell figyelni gyermek\u00fcnkn\u00e9l? \u00d6sszefoglal\u00f3nkban t\u00f6bbek k\u00f6z\u00f6tt arr\u00f3l \u00edrunk, hogy mikor \u00e9rdemes felkeresni a fogorvost, \u00e9s hogy mire j\u00f3 a fluorid.","og_url":"https:\/\/kavicsdental.hu\/en\/kezelesek\/gyermekfogaszat\/","og_site_name":"Kavics Dental Fogorvosi Rendel\u0151","article_publisher":"https:\/\/www.facebook.com\/kavics.dental\/","article_modified_time":"2020-05-22T14:33:32+00:00","twitter_card":"summary_large_image","twitter_misc":{"Estimated reading time":"4 minutes"},"schema":{"@context":"https:\/\/schema.org","@graph":[{"@type":"WebPage","@id":"https:\/\/kavicsdental.hu\/kezelesek\/gyermekfogaszat\/","url":"https:\/\/kavicsdental.hu\/kezelesek\/gyermekfogaszat\/","name":"Gyermekfog\u00e1szat - Kavics Dental Fogorvosi Rendel\u0151","isPartOf":{"@id":"https:\/\/kavicsdental.hu\/#website"},"datePublished":"2020-04-12T20:25:02+00:00","dateModified":"2020-05-22T14:33:32+00:00","description":"Mire kell figyelni gyermek\u00fcnkn\u00e9l? \u00d6sszefoglal\u00f3nkban t\u00f6bbek k\u00f6z\u00f6tt arr\u00f3l \u00edrunk, hogy mikor \u00e9rdemes felkeresni a fogorvost, \u00e9s hogy mire j\u00f3 a fluorid.","breadcrumb":{"@id":"https:\/\/kavicsdental.hu\/kezelesek\/gyermekfogaszat\/#breadcrumb"},"inLanguage":"en-GB","potentialAction":[{"@type":"ReadAction","target":["https:\/\/kavicsdental.hu\/kezelesek\/gyermekfogaszat\/"]}]},{"@type":"BreadcrumbList","@id":"https:\/\/kavicsdental.hu\/kezelesek\/gyermekfogaszat\/#breadcrumb","itemListElement":[{"@type":"ListItem","position":1,"name":"Home","item":"https:\/\/kavicsdental.hu\/"},{"@type":"ListItem","position":2,"name":"Kezel\u00e9sek","item":"https:\/\/kavicsdental.hu\/kezelesek\/"},{"@type":"ListItem","position":3,"name":"Gyermekfog\u00e1szat"}]},{"@type":"WebSite","@id":"https:\/\/kavicsdental.hu\/#website","url":"https:\/\/kavicsdental.hu\/","name":"Kavics Dental","description":"","publisher":{"@id":"https:\/\/kavicsdental.hu\/#organization"},"potentialAction":[{"@type":"SearchAction","target":{"@type":"EntryPoint","urlTemplate":"https:\/\/kavicsdental.hu\/?s={search_term_string}"},"query-input":{"@type":"PropertyValueSpecification","valueRequired":true,"valueName":"search_term_string"}}],"inLanguage":"en-GB"},{"@type":"Organization","@id":"https:\/\/kavicsdental.hu\/#organization","name":"Kavics Dental","url":"https:\/\/kavicsdental.hu\/","logo":{"@type":"ImageObject","inLanguage":"en-GB","@id":"https:\/\/kavicsdental.hu\/#\/schema\/logo\/image\/","url":"https:\/\/kavicsdental.hu\/wp-content\/uploads\/2020\/04\/kavicsdental_vegleges_logo-2-e1586283925602.jpeg","contentUrl":"https:\/\/kavicsdental.hu\/wp-content\/uploads\/2020\/04\/kavicsdental_vegleges_logo-2-e1586283925602.jpeg","width":618,"height":591,"caption":"Kavics Dental"},"image":{"@id":"https:\/\/kavicsdental.hu\/#\/schema\/logo\/image\/"},"sameAs":["https:\/\/www.facebook.com\/kavics.dental\/"]}]}},"_links":{"self":[{"href":"https:\/\/kavicsdental.hu\/en\/wp-json\/wp\/v2\/pages\/906","targetHints":{"allow":["GET"]}}],"collection":[{"href":"https:\/\/kavicsdental.hu\/en\/wp-json\/wp\/v2\/pages"}],"about":[{"href":"https:\/\/kavicsdental.hu\/en\/wp-json\/wp\/v2\/types\/page"}],"author":[{"embeddable":true,"href":"https:\/\/kavicsdental.hu\/en\/wp-json\/wp\/v2\/users\/1"}],"replies":[{"embeddable":true,"href":"https:\/\/kavicsdental.hu\/en\/wp-json\/wp\/v2\/comments?post=906"}],"version-history":[{"count":6,"href":"https:\/\/kavicsdental.hu\/en\/wp-json\/wp\/v2\/pages\/906\/revisions"}],"predecessor-version":[{"id":1580,"href":"https:\/\/kavicsdental.hu\/en\/wp-json\/wp\/v2\/pages\/906\/revisions\/1580"}],"up":[{"embeddable":true,"href":"https:\/\/kavicsdental.hu\/en\/wp-json\/wp\/v2\/pages\/294"}],"wp:attachment":[{"href":"https:\/\/kavicsdental.hu\/en\/wp-json\/wp\/v2\/media?parent=906"}],"curies":[{"name":"wp","href":"https:\/\/api.w.org\/{rel}","templated":true}]}}