{"id":908,"date":"2020-04-12T20:26:28","date_gmt":"2020-04-12T20:26:28","guid":{"rendered":"https:\/\/znp.dei.mybluehost.me\/?page_id=908"},"modified":"2020-05-22T14:20:26","modified_gmt":"2020-05-22T14:20:26","slug":"fogpotlasok","status":"publish","type":"page","link":"https:\/\/kavicsdental.hu\/en\/kezelesek\/fogpotlasok\/","title":{"rendered":"Prosthodontics"},"content":{"rendered":"<div data-elementor-type=\"wp-page\" data-elementor-id=\"908\" class=\"elementor elementor-908\">\n\t\t\t\t\t\t<section class=\"elementor-section elementor-top-section elementor-element elementor-element-4728e30 elementor-section-boxed elementor-section-height-default elementor-section-height-default\" data-id=\"4728e30\" data-element_type=\"section\">\n\t\t\t\t\t\t<div class=\"elementor-container elementor-column-gap-default\">\n\t\t\t\t\t<div class=\"elementor-column elementor-col-100 elementor-top-column elementor-element elementor-element-f3cc8f4\" data-id=\"f3cc8f4\" data-element_type=\"column\">\n\t\t\t<div class=\"elementor-widget-wrap elementor-element-populated\">\n\t\t\t\t\t\t<div class=\"elementor-element elementor-element-75cee58 elementor-widget elementor-widget-heading\" data-id=\"75cee58\" data-element_type=\"widget\" data-widget_type=\"heading.default\">\n\t\t\t\t<div class=\"elementor-widget-container\">\n\t\t\t\t\t<h1 class=\"elementor-heading-title elementor-size-default\">Prosthodontics<\/h1>\t\t\t\t<\/div>\n\t\t\t\t<\/div>\n\t\t\t\t<div class=\"elementor-element elementor-element-0b8b883 elementor-widget elementor-widget-spacer\" data-id=\"0b8b883\" data-element_type=\"widget\" data-widget_type=\"spacer.default\">\n\t\t\t\t<div class=\"elementor-widget-container\">\n\t\t\t\t\t\t\t<div class=\"elementor-spacer\">\n\t\t\t<div class=\"elementor-spacer-inner\"><\/div>\n\t\t<\/div>\n\t\t\t\t\t\t<\/div>\n\t\t\t\t<\/div>\n\t\t\t\t<div class=\"elementor-element elementor-element-5ac47fb elementor-widget elementor-widget-text-editor\" data-id=\"5ac47fb\" data-element_type=\"widget\" data-widget_type=\"text-editor.default\">\n\t\t\t\t<div class=\"elementor-widget-container\">\n\t\t\t\t\t\t\t\t\t<p>Akiknek egy vagy t\u00f6bb foguk hi\u00e1nyzik, nagyon is tudat\u00e1ban lehetnek annak, hogy ez milyen hat\u00e1ssal van a kin\u00e9zet\u00fckre \u00e9s az \u00e1ltal\u00e1nos eg\u00e9szs\u00e9g\u00fckre. A fogak egy\u00fcttes feladata, hogy el\u0151seg\u00edts\u00e9k a r\u00e1g\u00e1st, a besz\u00e9det \u00e9s a mosolyg\u00e1st. A foghi\u00e1ny neh\u00e9zs\u00e9get okozhat ezeken a ter\u00fcleteken. Szerencs\u00e9re a hi\u00e1nyz\u00f3 fogakat lehet p\u00f3tolni.<\/p><p>Miel\u0151tt bemutatjuk a fogp\u00f3tl\u00e1s lehet\u0151s\u00e9get, fontos megeml\u00edteni, hogy mi\u00e9rt is k\u00edv\u00e1natos a hi\u00e1nyz\u00f3 fogak p\u00f3tl\u00e1sa.<\/p><p>Az els\u0151, mindenki el\u0151tt ismert ok az, hogy a hi\u00e1nyz\u00f3 fogak eszt\u00e9tikailag zavar\u00f3ak lehetnek. Ezenfel\u00fcl a hi\u00e1nyz\u00f3 fog \u00e9rintheti a besz\u00e9det, a h\u00e1ts\u00f3 fogak (\u0151rl\u0151fogak) hi\u00e1nya pedig nehez\u00edti a r\u00e1g\u00e1st. Ezek a lehets\u00e9ges k\u00f6vetkezm\u00e9nyek sz\u00e9lesebb k\u00f6rben ismertek. Kev\u00e9sb\u00e9 ismert, hogy a megl\u00e9v\u0151 fogak eltol\u00f3dhatnak, illetve csontvesztes\u00e9g alakulhat ki a hi\u00e1nyz\u00f3 fog k\u00f6r\u00fcl. A fogak elveszt\u00e9se \u00e9s a csontvesztes\u00e9g egy id\u0151 ut\u00e1n azt eredm\u00e9nyezhetik, hogy arc szerkezete megv\u00e1ltozik.<\/p><p><strong>T\u00edpusok<\/strong><\/p><p>Mivel egy fogp\u00f3tl\u00e1s \u00e9veken kereszt\u00fcl szolg\u00e1lja a p\u00e1cienst, \u00e9rdemes \u00e1tgondolni, hogy a fogp\u00f3tl\u00e1si alternat\u00edv\u00e1k k\u00f6z\u00fcl melyik az adott p\u00e1ciens sz\u00e1m\u00e1ra a legmegfelel\u0151bb.<\/p><p>Alapvet\u0151en h\u00e1rom alternat\u00edva l\u00e9tezik: r\u00f6gz\u00edtett fogp\u00f3tl\u00e1s, kivehet\u0151 fogp\u00f3tl\u00e1s, illetve implant\u00e1tumra k\u00e9sz\u00edtett fogp\u00f3tl\u00e1s. Mint minden m\u00e1sn\u00e1l, itt is vannak \u00e1tmenetek a k\u00fcl\u00f6nb\u00f6z\u0151 t\u00edpusok k\u00f6z\u00f6tt, p\u00e9ld\u00e1ul l\u00e9tezik olyan fogp\u00f3tl\u00e1s, amely r\u00f6gz\u00edtett \u00e9s kivehet\u0151 elemeket is tartalmaz.<\/p><p><strong>R\u00f6gz\u00edtett fogp\u00f3tl\u00e1s, h\u00eddp\u00f3tl\u00e1s<\/strong><\/p><p>A r\u00f6gz\u00edtett fogp\u00f3tl\u00e1s l\u00e9nyege, hogy a hi\u00e1nyz\u00f3 fogak miatti r\u00e9st t\u00f6lti ki a fogm\u0171, amely a megl\u00e9v\u0151, el\u0151z\u0151leg el\u0151k\u00e9sz\u00edtett fogakon r\u00f6gz\u00fcl ragaszt\u00e1ssal. Azaz a p\u00e1ciens nem, csak a fogorvos tudja a r\u00f6gz\u00edtett fogp\u00f3tl\u00e1st elt\u00e1vol\u00edtani.<\/p><p>A r\u00f6gz\u00edtett fogp\u00f3tl\u00e1s vagy h\u00eddp\u00f3tl\u00e1s elk\u00e9sz\u00edt\u00e9se t\u00f6bb alkalmat vesz ig\u00e9nybe. Az els\u0151 l\u00e1togat\u00e1s alkalm\u00e1val a fogorvos el\u0151k\u00e9sz\u00edti, azaz lecsiszolja azokat a fogakat, amelyeken a h\u00edd k\u00e9s\u0151bb r\u00f6gz\u00fcl majd. Ezut\u00e1n lenyomatot k\u00e9sz\u00edt a fogakr\u00f3l, amely alapj\u00e1n a fogtechnikus elk\u00e9sz\u00edti a h\u00eddp\u00f3tl\u00e1st. A fogorvos ezut\u00e1n bepr\u00f3b\u00e1lja, igaz\u00edtja \u00e9s v\u00e9g\u00fcl beragasztja a fogp\u00f3tl\u00e1st.<\/p><p><strong>Kivehet\u0151 fogp\u00f3tl\u00e1s<\/strong><\/p><p>A kivehet\u0151 fogp\u00f3tl\u00e1s (sokan prot\u00e9zisk\u00e9nt ismerik) abban k\u00fcl\u00fcnb\u00f6zik a r\u00f6gz\u00edtett fogp\u00f3tl\u00e1st\u00f3l, hogy azt a p\u00e1ciens ki tudja venni a sz\u00e1j\u00e1b\u00f3l. \u00c1ltal\u00e1ban egy alaplemezb\u0151l \u00e9s azon r\u00f6gz\u00fcl\u0151 m\u0171fogakb\u00f3l \u00e1ll, ahol az alaplemez sz\u00edne megegyezik az \u00edny sz\u00edn\u00e9vel. Gyakran a kivehet\u0151 fogp\u00f3tl\u00e1s f\u00e9m kapoccsal kapcsol\u00f3dik a p\u00e1ciens fogaihoz.<\/p><p><strong>Implant\u00e1tumra k\u00e9sz\u00edtett fogp\u00f3tl\u00e1s<\/strong><\/p><p>Az implant\u00e1tum egy be\u00fcltett m\u0171 foggy\u00f6k\u00e9r, amire ut\u00e1na r\u00f6gz\u00edtett vagy kivehet\u0151 fogp\u00f3tl\u00e1st lehet k\u00e9sz\u00edteni. A k\u00fcl\u00f6nbs\u00e9g teh\u00e1t az az el\u0151bb megeml\u00edtett fogp\u00f3tl\u00e1sok \u00e9s az implant\u00e1tumra k\u00e9sz\u00edtett fogp\u00f3tl\u00e1s k\u00f6z\u00f6tt, hogy a fogorvos nem a megl\u00e9v\u0151 fogakon r\u00f6gz\u00edti a fogm\u0171vet, hanem az implant\u00e1tumon. Ez p\u00e9ld\u00e1ul azt jelenti, hogy a foghi\u00e1ny okozta h\u00e9zag k\u00e9t sz\u00e9l\u00e9n l\u00e9v\u0151 fogakat nem kell lecsiszolni. Az implant\u00e1tum behelyez\u00e9se egy seb\u00e9szi beavatkoz\u00e1s, ami nem minden p\u00e1ciensn\u00e9l v\u00e9gezhet\u0151 el.<\/p><p><strong>\u00d6sszefoglal\u00f3<\/strong><\/p><p>A fent eml\u00edtett fogp\u00f3tl\u00e1si m\u00f3dok mindegyik\u00e9nek van el\u0151nye is h\u00e1tr\u00e1nya is. P\u00e9ld\u00e1ul az\u00e9rt, mert ha az egyik jobb lenne az \u00f6sszes t\u00f6bbin\u00e9l minden szempontb\u00f3l, akkor a t\u00f6bbi nem l\u00e9tezne. A k\u00fcl\u00f6nb\u00f6z\u0151 fogp\u00f3tl\u00e1si m\u00f3dok \u00f6sszehasonl\u00edt\u00e1s\u00e1ra egy m\u00e1sik cikk\u00fcnkben v\u00e1llalkozunk majd, most csak fel szeretn\u00e9nk h\u00edvni arra a figyelmet, hogy a p\u00e1ciens eg\u00e9szs\u00e9gi \u00e1llapot\u00e1t\u00f3l, elk\u00e9pzel\u00e9seit\u0151l, anyagi lehet\u0151s\u00e9geit\u0151l \u00e9s m\u00e9g sok m\u00e1s t\u00e9nyez\u0151t\u0151l f\u00fcgg, hogy az adott helyzetben melyik fogp\u00f3tl\u00e1si m\u00f3d a legindokoltabb.<\/p>\t\t\t\t\t\t\t\t<\/div>\n\t\t\t\t<\/div>\n\t\t\t\t<div class=\"elementor-element elementor-element-455b0ce elementor-widget elementor-widget-spacer\" data-id=\"455b0ce\" data-element_type=\"widget\" data-widget_type=\"spacer.default\">\n\t\t\t\t<div class=\"elementor-widget-container\">\n\t\t\t\t\t\t\t<div class=\"elementor-spacer\">\n\t\t\t<div class=\"elementor-spacer-inner\"><\/div>\n\t\t<\/div>\n\t\t\t\t\t\t<\/div>\n\t\t\t\t<\/div>\n\t\t\t\t\t<\/div>\n\t\t<\/div>\n\t\t\t\t\t<\/div>\n\t\t<\/section>\n\t\t\t\t<section class=\"elementor-section elementor-top-section elementor-element elementor-element-427dd95 elementor-section-boxed elementor-section-height-default elementor-section-height-default\" data-id=\"427dd95\" data-element_type=\"section\">\n\t\t\t\t\t\t<div class=\"elementor-container elementor-column-gap-default\">\n\t\t\t\t\t<div class=\"elementor-column elementor-col-100 elementor-top-column elementor-element elementor-element-e203a8d\" data-id=\"e203a8d\" data-element_type=\"column\">\n\t\t\t<div class=\"elementor-widget-wrap elementor-element-populated\">\n\t\t\t\t\t\t<div class=\"elementor-element elementor-element-ceb68ed elementor-widget elementor-widget-template\" data-id=\"ceb68ed\" data-element_type=\"widget\" data-widget_type=\"template.default\">\n\t\t\t\t<div class=\"elementor-widget-container\">\n\t\t\t\t\t \t\t\t\t<\/div>\n\t\t\t\t<\/div>\n\t\t\t\t\t<\/div>\n\t\t<\/div>\n\t\t\t\t\t<\/div>\n\t\t<\/section>\n\t\t\t\t<\/div>","protected":false},"excerpt":{"rendered":"<p>Fogp\u00f3tl\u00e1sok Akiknek egy vagy t\u00f6bb foguk hi\u00e1nyzik, nagyon is tudat\u00e1ban lehetnek annak, hogy ez milyen hat\u00e1ssal van a kin\u00e9zet\u00fckre \u00e9s az \u00e1ltal\u00e1nos eg\u00e9szs\u00e9g\u00fckre. A fogak egy\u00fcttes feladata, hogy el\u0151seg\u00edts\u00e9k a r\u00e1g\u00e1st, a besz\u00e9det \u00e9s a mosolyg\u00e1st. A foghi\u00e1ny neh\u00e9zs\u00e9get okozhat ezeken a ter\u00fcleteken. Szerencs\u00e9re a hi\u00e1nyz\u00f3 fogakat lehet p\u00f3tolni. Miel\u0151tt bemutatjuk a fogp\u00f3tl\u00e1s lehet\u0151s\u00e9get, fontos [&hellip;]<\/p>","protected":false},"author":1,"featured_media":0,"parent":294,"menu_order":0,"comment_status":"closed","ping_status":"closed","template":"","meta":{"ocean_post_layout":"","ocean_both_sidebars_style":"","ocean_both_sidebars_content_width":0,"ocean_both_sidebars_sidebars_width":0,"ocean_sidebar":"0","ocean_second_sidebar":"0","ocean_disable_margins":"enable","ocean_add_body_class":"","ocean_shortcode_before_top_bar":"","ocean_shortcode_after_top_bar":"","ocean_shortcode_before_header":"","ocean_shortcode_after_header":"","ocean_has_shortcode":"","ocean_shortcode_after_title":"","ocean_shortcode_before_footer_widgets":"","ocean_shortcode_after_footer_widgets":"","ocean_shortcode_before_footer_bottom":"","ocean_shortcode_after_footer_bottom":"","ocean_display_top_bar":"default","ocean_display_header":"default","ocean_header_style":"","ocean_center_header_left_menu":"0","ocean_custom_header_template":"0","ocean_custom_logo":0,"ocean_custom_retina_logo":0,"ocean_custom_logo_max_width":0,"ocean_custom_logo_tablet_max_width":0,"ocean_custom_logo_mobile_max_width":0,"ocean_custom_logo_max_height":0,"ocean_custom_logo_tablet_max_height":0,"ocean_custom_logo_mobile_max_height":0,"ocean_header_custom_menu":"0","ocean_menu_typo_font_family":"0","ocean_menu_typo_font_subset":"","ocean_menu_typo_font_size":0,"ocean_menu_typo_font_size_tablet":0,"ocean_menu_typo_font_size_mobile":0,"ocean_menu_typo_font_size_unit":"px","ocean_menu_typo_font_weight":"","ocean_menu_typo_font_weight_tablet":"","ocean_menu_typo_font_weight_mobile":"","ocean_menu_typo_transform":"","ocean_menu_typo_transform_tablet":"","ocean_menu_typo_transform_mobile":"","ocean_menu_typo_line_height":0,"ocean_menu_typo_line_height_tablet":0,"ocean_menu_typo_line_height_mobile":0,"ocean_menu_typo_line_height_unit":"","ocean_menu_typo_spacing":0,"ocean_menu_typo_spacing_tablet":0,"ocean_menu_typo_spacing_mobile":0,"ocean_menu_typo_spacing_unit":"","ocean_menu_link_color":"","ocean_menu_link_color_hover":"","ocean_menu_link_color_active":"","ocean_menu_link_background":"","ocean_menu_link_hover_background":"","ocean_menu_link_active_background":"","ocean_menu_social_links_bg":"","ocean_menu_social_hover_links_bg":"","ocean_menu_social_links_color":"","ocean_menu_social_hover_links_color":"","ocean_disable_title":"default","ocean_disable_heading":"default","ocean_post_title":"","ocean_post_subheading":"","ocean_post_title_style":"","ocean_post_title_background_color":"","ocean_post_title_background":0,"ocean_post_title_bg_image_position":"","ocean_post_title_bg_image_attachment":"","ocean_post_title_bg_image_repeat":"","ocean_post_title_bg_image_size":"","ocean_post_title_height":0,"ocean_post_title_bg_overlay":0.5,"ocean_post_title_bg_overlay_color":"","ocean_disable_breadcrumbs":"default","ocean_breadcrumbs_color":"","ocean_breadcrumbs_separator_color":"","ocean_breadcrumbs_links_color":"","ocean_breadcrumbs_links_hover_color":"","ocean_display_footer_widgets":"default","ocean_display_footer_bottom":"default","ocean_custom_footer_template":"0","footnotes":""},"class_list":["post-908","page","type-page","status-publish","hentry","entry"],"yoast_head":"<!-- This site is optimized with the Yoast SEO plugin v23.4 - https:\/\/yoast.com\/wordpress\/plugins\/seo\/ -->\n<title>Fogp\u00f3tl\u00e1sok - Kavics Dental Fogorvosi Rendel\u0151<\/title>\n<meta name=\"description\" content=\"Hogyan lehet p\u00f3tolni a hi\u00e1nyz\u00f3 fogakat? R\u00f6gz\u00edtett fogp\u00f3tl\u00e1s vagy ink\u00e1bb implant\u00e1tum? \u00d6sszefoglal\u00f3 cikk\u00fcnkb\u0151l megtudhatja, milyen megold\u00e1sok l\u00e9teznek.\" \/>\n<meta name=\"robots\" content=\"index, follow, max-snippet:-1, max-image-preview:large, max-video-preview:-1\" \/>\n<link rel=\"canonical\" href=\"https:\/\/kavicsdental.hu\/en\/kezelesek\/fogpotlasok\/\" \/>\n<meta property=\"og:locale\" content=\"en_GB\" \/>\n<meta property=\"og:type\" content=\"article\" \/>\n<meta property=\"og:title\" content=\"Fogp\u00f3tl\u00e1sok - Kavics Dental Fogorvosi Rendel\u0151\" \/>\n<meta property=\"og:description\" content=\"Hogyan lehet p\u00f3tolni a hi\u00e1nyz\u00f3 fogakat? R\u00f6gz\u00edtett fogp\u00f3tl\u00e1s vagy ink\u00e1bb implant\u00e1tum? \u00d6sszefoglal\u00f3 cikk\u00fcnkb\u0151l megtudhatja, milyen megold\u00e1sok l\u00e9teznek.\" \/>\n<meta property=\"og:url\" content=\"https:\/\/kavicsdental.hu\/en\/kezelesek\/fogpotlasok\/\" \/>\n<meta property=\"og:site_name\" content=\"Kavics Dental Fogorvosi Rendel\u0151\" \/>\n<meta property=\"article:publisher\" content=\"https:\/\/www.facebook.com\/kavics.dental\/\" \/>\n<meta property=\"article:modified_time\" content=\"2020-05-22T14:20:26+00:00\" \/>\n<meta name=\"twitter:card\" content=\"summary_large_image\" \/>\n<meta name=\"twitter:label1\" content=\"Estimated reading time\" \/>\n\t<meta name=\"twitter:data1\" content=\"4 minutes\" \/>\n<script type=\"application\/ld+json\" class=\"yoast-schema-graph\">{\"@context\":\"https:\/\/schema.org\",\"@graph\":[{\"@type\":\"WebPage\",\"@id\":\"https:\/\/kavicsdental.hu\/kezelesek\/fogpotlasok\/\",\"url\":\"https:\/\/kavicsdental.hu\/kezelesek\/fogpotlasok\/\",\"name\":\"Fogp\u00f3tl\u00e1sok - Kavics Dental Fogorvosi Rendel\u0151\",\"isPartOf\":{\"@id\":\"https:\/\/kavicsdental.hu\/#website\"},\"datePublished\":\"2020-04-12T20:26:28+00:00\",\"dateModified\":\"2020-05-22T14:20:26+00:00\",\"description\":\"Hogyan lehet p\u00f3tolni a hi\u00e1nyz\u00f3 fogakat? R\u00f6gz\u00edtett fogp\u00f3tl\u00e1s vagy ink\u00e1bb implant\u00e1tum? \u00d6sszefoglal\u00f3 cikk\u00fcnkb\u0151l megtudhatja, milyen megold\u00e1sok l\u00e9teznek.\",\"breadcrumb\":{\"@id\":\"https:\/\/kavicsdental.hu\/kezelesek\/fogpotlasok\/#breadcrumb\"},\"inLanguage\":\"en-GB\",\"potentialAction\":[{\"@type\":\"ReadAction\",\"target\":[\"https:\/\/kavicsdental.hu\/kezelesek\/fogpotlasok\/\"]}]},{\"@type\":\"BreadcrumbList\",\"@id\":\"https:\/\/kavicsdental.hu\/kezelesek\/fogpotlasok\/#breadcrumb\",\"itemListElement\":[{\"@type\":\"ListItem\",\"position\":1,\"name\":\"Home\",\"item\":\"https:\/\/kavicsdental.hu\/\"},{\"@type\":\"ListItem\",\"position\":2,\"name\":\"Kezel\u00e9sek\",\"item\":\"https:\/\/kavicsdental.hu\/kezelesek\/\"},{\"@type\":\"ListItem\",\"position\":3,\"name\":\"Fogp\u00f3tl\u00e1sok\"}]},{\"@type\":\"WebSite\",\"@id\":\"https:\/\/kavicsdental.hu\/#website\",\"url\":\"https:\/\/kavicsdental.hu\/\",\"name\":\"Kavics Dental\",\"description\":\"\",\"publisher\":{\"@id\":\"https:\/\/kavicsdental.hu\/#organization\"},\"potentialAction\":[{\"@type\":\"SearchAction\",\"target\":{\"@type\":\"EntryPoint\",\"urlTemplate\":\"https:\/\/kavicsdental.hu\/?s={search_term_string}\"},\"query-input\":{\"@type\":\"PropertyValueSpecification\",\"valueRequired\":true,\"valueName\":\"search_term_string\"}}],\"inLanguage\":\"en-GB\"},{\"@type\":\"Organization\",\"@id\":\"https:\/\/kavicsdental.hu\/#organization\",\"name\":\"Kavics Dental\",\"url\":\"https:\/\/kavicsdental.hu\/\",\"logo\":{\"@type\":\"ImageObject\",\"inLanguage\":\"en-GB\",\"@id\":\"https:\/\/kavicsdental.hu\/#\/schema\/logo\/image\/\",\"url\":\"https:\/\/kavicsdental.hu\/wp-content\/uploads\/2020\/04\/kavicsdental_vegleges_logo-2-e1586283925602.jpeg\",\"contentUrl\":\"https:\/\/kavicsdental.hu\/wp-content\/uploads\/2020\/04\/kavicsdental_vegleges_logo-2-e1586283925602.jpeg\",\"width\":618,\"height\":591,\"caption\":\"Kavics Dental\"},\"image\":{\"@id\":\"https:\/\/kavicsdental.hu\/#\/schema\/logo\/image\/\"},\"sameAs\":[\"https:\/\/www.facebook.com\/kavics.dental\/\"]}]}<\/script>\n<!-- \/ Yoast SEO plugin. -->","yoast_head_json":{"title":"Fogp\u00f3tl\u00e1sok - Kavics Dental Fogorvosi Rendel\u0151","description":"Hogyan lehet p\u00f3tolni a hi\u00e1nyz\u00f3 fogakat? R\u00f6gz\u00edtett fogp\u00f3tl\u00e1s vagy ink\u00e1bb implant\u00e1tum? \u00d6sszefoglal\u00f3 cikk\u00fcnkb\u0151l megtudhatja, milyen megold\u00e1sok l\u00e9teznek.","robots":{"index":"index","follow":"follow","max-snippet":"max-snippet:-1","max-image-preview":"max-image-preview:large","max-video-preview":"max-video-preview:-1"},"canonical":"https:\/\/kavicsdental.hu\/en\/kezelesek\/fogpotlasok\/","og_locale":"en_GB","og_type":"article","og_title":"Fogp\u00f3tl\u00e1sok - Kavics Dental Fogorvosi Rendel\u0151","og_description":"Hogyan lehet p\u00f3tolni a hi\u00e1nyz\u00f3 fogakat? R\u00f6gz\u00edtett fogp\u00f3tl\u00e1s vagy ink\u00e1bb implant\u00e1tum? \u00d6sszefoglal\u00f3 cikk\u00fcnkb\u0151l megtudhatja, milyen megold\u00e1sok l\u00e9teznek.","og_url":"https:\/\/kavicsdental.hu\/en\/kezelesek\/fogpotlasok\/","og_site_name":"Kavics Dental Fogorvosi Rendel\u0151","article_publisher":"https:\/\/www.facebook.com\/kavics.dental\/","article_modified_time":"2020-05-22T14:20:26+00:00","twitter_card":"summary_large_image","twitter_misc":{"Estimated reading time":"4 minutes"},"schema":{"@context":"https:\/\/schema.org","@graph":[{"@type":"WebPage","@id":"https:\/\/kavicsdental.hu\/kezelesek\/fogpotlasok\/","url":"https:\/\/kavicsdental.hu\/kezelesek\/fogpotlasok\/","name":"Fogp\u00f3tl\u00e1sok - Kavics Dental Fogorvosi Rendel\u0151","isPartOf":{"@id":"https:\/\/kavicsdental.hu\/#website"},"datePublished":"2020-04-12T20:26:28+00:00","dateModified":"2020-05-22T14:20:26+00:00","description":"Hogyan lehet p\u00f3tolni a hi\u00e1nyz\u00f3 fogakat? R\u00f6gz\u00edtett fogp\u00f3tl\u00e1s vagy ink\u00e1bb implant\u00e1tum? \u00d6sszefoglal\u00f3 cikk\u00fcnkb\u0151l megtudhatja, milyen megold\u00e1sok l\u00e9teznek.","breadcrumb":{"@id":"https:\/\/kavicsdental.hu\/kezelesek\/fogpotlasok\/#breadcrumb"},"inLanguage":"en-GB","potentialAction":[{"@type":"ReadAction","target":["https:\/\/kavicsdental.hu\/kezelesek\/fogpotlasok\/"]}]},{"@type":"BreadcrumbList","@id":"https:\/\/kavicsdental.hu\/kezelesek\/fogpotlasok\/#breadcrumb","itemListElement":[{"@type":"ListItem","position":1,"name":"Home","item":"https:\/\/kavicsdental.hu\/"},{"@type":"ListItem","position":2,"name":"Kezel\u00e9sek","item":"https:\/\/kavicsdental.hu\/kezelesek\/"},{"@type":"ListItem","position":3,"name":"Fogp\u00f3tl\u00e1sok"}]},{"@type":"WebSite","@id":"https:\/\/kavicsdental.hu\/#website","url":"https:\/\/kavicsdental.hu\/","name":"Kavics Dental","description":"","publisher":{"@id":"https:\/\/kavicsdental.hu\/#organization"},"potentialAction":[{"@type":"SearchAction","target":{"@type":"EntryPoint","urlTemplate":"https:\/\/kavicsdental.hu\/?s={search_term_string}"},"query-input":{"@type":"PropertyValueSpecification","valueRequired":true,"valueName":"search_term_string"}}],"inLanguage":"en-GB"},{"@type":"Organization","@id":"https:\/\/kavicsdental.hu\/#organization","name":"Kavics Dental","url":"https:\/\/kavicsdental.hu\/","logo":{"@type":"ImageObject","inLanguage":"en-GB","@id":"https:\/\/kavicsdental.hu\/#\/schema\/logo\/image\/","url":"https:\/\/kavicsdental.hu\/wp-content\/uploads\/2020\/04\/kavicsdental_vegleges_logo-2-e1586283925602.jpeg","contentUrl":"https:\/\/kavicsdental.hu\/wp-content\/uploads\/2020\/04\/kavicsdental_vegleges_logo-2-e1586283925602.jpeg","width":618,"height":591,"caption":"Kavics Dental"},"image":{"@id":"https:\/\/kavicsdental.hu\/#\/schema\/logo\/image\/"},"sameAs":["https:\/\/www.facebook.com\/kavics.dental\/"]}]}},"_links":{"self":[{"href":"https:\/\/kavicsdental.hu\/en\/wp-json\/wp\/v2\/pages\/908","targetHints":{"allow":["GET"]}}],"collection":[{"href":"https:\/\/kavicsdental.hu\/en\/wp-json\/wp\/v2\/pages"}],"about":[{"href":"https:\/\/kavicsdental.hu\/en\/wp-json\/wp\/v2\/types\/page"}],"author":[{"embeddable":true,"href":"https:\/\/kavicsdental.hu\/en\/wp-json\/wp\/v2\/users\/1"}],"replies":[{"embeddable":true,"href":"https:\/\/kavicsdental.hu\/en\/wp-json\/wp\/v2\/comments?post=908"}],"version-history":[{"count":6,"href":"https:\/\/kavicsdental.hu\/en\/wp-json\/wp\/v2\/pages\/908\/revisions"}],"predecessor-version":[{"id":1579,"href":"https:\/\/kavicsdental.hu\/en\/wp-json\/wp\/v2\/pages\/908\/revisions\/1579"}],"up":[{"embeddable":true,"href":"https:\/\/kavicsdental.hu\/en\/wp-json\/wp\/v2\/pages\/294"}],"wp:attachment":[{"href":"https:\/\/kavicsdental.hu\/en\/wp-json\/wp\/v2\/media?parent=908"}],"curies":[{"name":"wp","href":"https:\/\/api.w.org\/{rel}","templated":true}]}}