{"id":910,"date":"2020-04-12T20:26:59","date_gmt":"2020-04-12T20:26:59","guid":{"rendered":"https:\/\/znp.dei.mybluehost.me\/?page_id=910"},"modified":"2020-04-25T23:10:01","modified_gmt":"2020-04-25T23:10:01","slug":"implantatumok","status":"publish","type":"page","link":"https:\/\/kavicsdental.hu\/en\/kezelesek\/implantatumok\/","title":{"rendered":"Dental implants"},"content":{"rendered":"<div data-elementor-type=\"wp-page\" data-elementor-id=\"910\" class=\"elementor elementor-910\">\n\t\t\t\t\t\t<section class=\"elementor-section elementor-top-section elementor-element elementor-element-4885cb5d elementor-section-boxed elementor-section-height-default elementor-section-height-default\" data-id=\"4885cb5d\" data-element_type=\"section\">\n\t\t\t\t\t\t<div class=\"elementor-container elementor-column-gap-default\">\n\t\t\t\t\t<div class=\"elementor-column elementor-col-100 elementor-top-column elementor-element elementor-element-1c165cd9\" data-id=\"1c165cd9\" data-element_type=\"column\">\n\t\t\t<div class=\"elementor-widget-wrap elementor-element-populated\">\n\t\t\t\t\t\t<div class=\"elementor-element elementor-element-5811c37a elementor-widget elementor-widget-heading\" data-id=\"5811c37a\" data-element_type=\"widget\" data-widget_type=\"heading.default\">\n\t\t\t\t<div class=\"elementor-widget-container\">\n\t\t\t\t\t<h1 class=\"elementor-heading-title elementor-size-default\">Dental implants<\/h1>\t\t\t\t<\/div>\n\t\t\t\t<\/div>\n\t\t\t\t<div class=\"elementor-element elementor-element-31a5b18a elementor-widget elementor-widget-spacer\" data-id=\"31a5b18a\" data-element_type=\"widget\" data-widget_type=\"spacer.default\">\n\t\t\t\t<div class=\"elementor-widget-container\">\n\t\t\t\t\t\t\t<div class=\"elementor-spacer\">\n\t\t\t<div class=\"elementor-spacer-inner\"><\/div>\n\t\t<\/div>\n\t\t\t\t\t\t<\/div>\n\t\t\t\t<\/div>\n\t\t\t\t<div class=\"elementor-element elementor-element-7bfd6297 elementor-widget elementor-widget-text-editor\" data-id=\"7bfd6297\" data-element_type=\"widget\" data-widget_type=\"text-editor.default\">\n\t\t\t\t<div class=\"elementor-widget-container\">\n\t\t\t\t\t\t\t\t\t<p>Az implant\u00e1tum egy tit\u00e1n csavar, amire fogp\u00f3tl\u00e1st lehet k\u00e9sz\u00edteni. A foggy\u00f6k\u00e9r funkci\u00f3j\u00e1t l\u00e1tja el, sokszor ez\u00e9rt m\u0171 foggy\u00f6k\u00e9rnek is szokt\u00e1k h\u00edvni. Az \u00e1llkapocscsontba helyezik be, a fels\u0151be \u00e9s az als\u00f3ba egyar\u00e1nt ker\u00fclhet implant\u00e1tum. Fog\u00e1szati implant\u00e1tumokkal t\u00f6bb \u00e9vtizede haszn\u00e1lnak. Sok p\u00e1ciens \u2013 fiatalok \u00e9s id\u0151sek egyar\u00e1nt \u2013 v\u00e1lasztja az implant\u00e1tumot egy vagy t\u00f6bb fog p\u00f3tl\u00e1s\u00e1ra. \u00a0<\/p><h2>\u00a0<\/h2><h2>Implant\u00e1l\u00e1s menete<\/h2><p>Az implant\u00e1l\u00e1s t\u00f6bb m\u00f3don t\u00f6rt\u00e9nhet. Most egy lehets\u00e9ges verzi\u00f3t mutatunk be.<\/p><p>Az els\u0151 l\u00e9p\u00e9sben a fogorvos behelyezi az implant\u00e1tumot az \u00e1llkapocscsontba. Az implant\u00e1tum teteje kicsivel a csont teteje f\u00f6l\u00f6tt van. Az implant\u00e1tumba egy \u00fagynevezett gy\u00f3gyul\u00e1si csavart tesz a fogorvos. A gy\u00f3gyul\u00e1si csavar megakad\u00e1lyozza, hogy \u00ednysz\u00f6vet vagy egy\u00e9b t\u00f6rmel\u00e9k ker\u00fclj\u00f6n az implant\u00e1tumba. Az \u00ednyt ezut\u00e1n visszahajtja az implant\u00e1tumra, \u00e9s \u00f6sszevarja. Az implant\u00e1tum 3 \u2013 6 h\u00f3napon kereszt\u00fcl van ebben az \u00e1llapotban, ez a gy\u00f3gyul\u00e1si id\u0151szak. Ez alatt az id\u0151 alatt az implant\u00e1tum r\u00f6gz\u00fcl a csontban. El\u0151fordulhat duzzanat \u00e9s \u00e9rz\u00e9kenys\u00e9g az implant\u00e1tum behelyez\u00e9s\u00e9t k\u00f6vet\u0151 n\u00e9h\u00e1ny napban.<\/p><p>A m\u00e1sodik l\u00e9p\u00e9sben a fogorvos az implant\u00e1tumot felszabad\u00edtja. Ezt azt jelenti, hogy az implant\u00e1tumot fed\u0151 \u00ednyt felhajtja. Ezut\u00e1n egy csavart helyez az implant\u00e1tumba, amit fel\u00e9p\u00edtm\u00e9nynek h\u00edvnak. A fel\u00e9p\u00edtm\u00e9nyre k\u00e9sz\u00fcl majd a fogkorona, amint a k\u00f6rnyez\u0151 \u00edny meggy\u00f3gyult.<\/p><p>A harmadik l\u00e9p\u00e9sben a fogorvos elk\u00e9sz\u00edti a fogkoron\u00e1t, ami sz\u00edn\u00e9t \u00e9s kialak\u00edt\u00e1s\u00e1t tekintve illeszkedik a szomsz\u00e9dos fogakhoz. A fogkoron\u00e1t r\u00f6gz\u00edti a fel\u00e9p\u00edtm\u00e9nyhez.<\/p><p>M\u00e9g egyszer szeretn\u00e9nk hangs\u00falyozni, hogy az implant\u00e1l\u00e1snak ez csak egy lehets\u00e9ges m\u00f3dja. L\u00e9tezik sok vari\u00e1ci\u00f3, az implant\u00e1tum t\u00edpus\u00e1t\u00f3l \u00e9s a p\u00e1ciens fogazat\u00e1t\u00f3l f\u00fcgg\u0151en v\u00e1ltozhatnak egyes l\u00e9p\u00e9sek. Ami k\u00f6z\u00f6s mindegyik lehet\u0151s\u00e9gben az az, hogy beker\u00fcl egy implant\u00e1tum a csontba (foggy\u00f6k\u00e9r helyett), \u00e9s arra k\u00e9sz\u00fcl egy fogkorona. A hagyom\u00e1nyos h\u00eddp\u00f3tl\u00e1ssal szemben teh\u00e1t nem a k\u00f6rnyez\u0151 fogakon r\u00f6gz\u00fcl a korona, hanem az implant\u00e1tumon. \u00a0<\/p><h2>\u00a0<\/h2><h2>Kinek lehet implant\u00e1tumot behelyezni?<\/h2><p>Ha j\u00f3 az \u00e1ltal\u00e1nos eg\u00e9szs\u00e9ge, \u00e9s az \u00e1llkapocscsontja megfelel\u0151, az implant\u00e1tum lehet egy j\u00f3 alternat\u00edva \u00d6nnek. Az implant\u00e1l\u00e1s szempontj\u00e1b\u00f3l az \u00e1ltal\u00e1nos eg\u00e9szs\u00e9g fontosabb, mint az \u00e9letkor.<\/p><p>Implant\u00e1tum nem \u00fcltethet\u0151 be mindenkinek. Fontos, hogy legyen megfelel\u0151 csont\u00e1llom\u00e1ny. Vagy ha nincs megfelel\u0151 csont\u00e1llom\u00e1nya, ki lehessen azt alak\u00edtani p\u00e9ld\u00e1ul csontp\u00f3tl\u00e1ssal. Vannak olyan k\u00f6r\u00fclm\u00e9nyek, amelyek lass\u00edtj\u00e1k a gy\u00f3gyul\u00e1si folyamatot, \u00e9s ez\u00e9rt az implant\u00e1l\u00e1s nem felt\u00e9tlen\u00fcl aj\u00e1nlott. A cukorbetegs\u00e9g, leuk\u00e9mia \u00e9s a doh\u00e1nyz\u00e1s p\u00e9ld\u00e1ul ilyenek. Ak\u00e1rcsak az eredeti fogak meg\u0151rz\u00e9s\u00e9n\u00e9l, az implant\u00e1tum behelyez\u00e9se ut\u00e1n is fontos a j\u00f3 sz\u00e1jhigi\u00e9nia. Ellenkez\u0151 esetben fog\u00ednybetegs\u00e9g alakulhat ki, ami meggyeng\u00edti az implant\u00e1tumot tart\u00f3 csontot \u00e9s sz\u00f6veteket.<\/p><h2>\u00a0<\/h2><h2>F\u00e1j az implant\u00e1tum behelyez\u00e9se?<\/h2><p>Az implant\u00e1tum behelyez\u00e9se sok esetben k\u00f6nnyebb is lehet, mint egy fogh\u00faz\u00e1s. Legt\u00f6bbsz\u00f6r helyi \u00e9rz\u00e9stelen\u00edt\u00e9sben v\u00e9gzik. A kezel\u00e9s alatt nem \u00e9rez f\u00e1jdalmat, de &#8211; a fogh\u00faz\u00e1sokhoz hasonl\u00f3an &#8211; a kezel\u00e9st k\u00f6vet\u0151 h\u00e9tben \u00e9rz\u00e9keny lehet a kezelt ter\u00fclet.<\/p>\t\t\t\t\t\t\t\t<\/div>\n\t\t\t\t<\/div>\n\t\t\t\t<div class=\"elementor-element elementor-element-36522eee elementor-widget elementor-widget-spacer\" data-id=\"36522eee\" data-element_type=\"widget\" data-widget_type=\"spacer.default\">\n\t\t\t\t<div class=\"elementor-widget-container\">\n\t\t\t\t\t\t\t<div class=\"elementor-spacer\">\n\t\t\t<div class=\"elementor-spacer-inner\"><\/div>\n\t\t<\/div>\n\t\t\t\t\t\t<\/div>\n\t\t\t\t<\/div>\n\t\t\t\t<div class=\"elementor-element elementor-element-5ecc594f elementor-widget elementor-widget-template\" data-id=\"5ecc594f\" data-element_type=\"widget\" data-widget_type=\"template.default\">\n\t\t\t\t<div class=\"elementor-widget-container\">\n\t\t\t\t\t \t\t\t\t<\/div>\n\t\t\t\t<\/div>\n\t\t\t\t\t<\/div>\n\t\t<\/div>\n\t\t\t\t\t<\/div>\n\t\t<\/section>\n\t\t\t\t<\/div>","protected":false},"excerpt":{"rendered":"<p>Implant\u00e1tumok Az implant\u00e1tum egy tit\u00e1n csavar, amire fogp\u00f3tl\u00e1st lehet k\u00e9sz\u00edteni. A foggy\u00f6k\u00e9r funkci\u00f3j\u00e1t l\u00e1tja el, sokszor ez\u00e9rt m\u0171 foggy\u00f6k\u00e9rnek is szokt\u00e1k h\u00edvni. Az \u00e1llkapocscsontba helyezik be, a fels\u0151be \u00e9s az als\u00f3ba egyar\u00e1nt ker\u00fclhet implant\u00e1tum. Fog\u00e1szati implant\u00e1tumokkal t\u00f6bb \u00e9vtizede haszn\u00e1lnak. Sok p\u00e1ciens \u2013 fiatalok \u00e9s id\u0151sek egyar\u00e1nt \u2013 v\u00e1lasztja az implant\u00e1tumot egy vagy t\u00f6bb fog p\u00f3tl\u00e1s\u00e1ra. [&hellip;]<\/p>","protected":false},"author":1,"featured_media":0,"parent":294,"menu_order":0,"comment_status":"closed","ping_status":"closed","template":"","meta":{"ocean_post_layout":"","ocean_both_sidebars_style":"","ocean_both_sidebars_content_width":0,"ocean_both_sidebars_sidebars_width":0,"ocean_sidebar":"0","ocean_second_sidebar":"0","ocean_disable_margins":"enable","ocean_add_body_class":"","ocean_shortcode_before_top_bar":"","ocean_shortcode_after_top_bar":"","ocean_shortcode_before_header":"","ocean_shortcode_after_header":"","ocean_has_shortcode":"","ocean_shortcode_after_title":"","ocean_shortcode_before_footer_widgets":"","ocean_shortcode_after_footer_widgets":"","ocean_shortcode_before_footer_bottom":"","ocean_shortcode_after_footer_bottom":"","ocean_display_top_bar":"default","ocean_display_header":"default","ocean_header_style":"","ocean_center_header_left_menu":"0","ocean_custom_header_template":"0","ocean_custom_logo":0,"ocean_custom_retina_logo":0,"ocean_custom_logo_max_width":0,"ocean_custom_logo_tablet_max_width":0,"ocean_custom_logo_mobile_max_width":0,"ocean_custom_logo_max_height":0,"ocean_custom_logo_tablet_max_height":0,"ocean_custom_logo_mobile_max_height":0,"ocean_header_custom_menu":"0","ocean_menu_typo_font_family":"0","ocean_menu_typo_font_subset":"","ocean_menu_typo_font_size":0,"ocean_menu_typo_font_size_tablet":0,"ocean_menu_typo_font_size_mobile":0,"ocean_menu_typo_font_size_unit":"px","ocean_menu_typo_font_weight":"","ocean_menu_typo_font_weight_tablet":"","ocean_menu_typo_font_weight_mobile":"","ocean_menu_typo_transform":"","ocean_menu_typo_transform_tablet":"","ocean_menu_typo_transform_mobile":"","ocean_menu_typo_line_height":0,"ocean_menu_typo_line_height_tablet":0,"ocean_menu_typo_line_height_mobile":0,"ocean_menu_typo_line_height_unit":"","ocean_menu_typo_spacing":0,"ocean_menu_typo_spacing_tablet":0,"ocean_menu_typo_spacing_mobile":0,"ocean_menu_typo_spacing_unit":"","ocean_menu_link_color":"","ocean_menu_link_color_hover":"","ocean_menu_link_color_active":"","ocean_menu_link_background":"","ocean_menu_link_hover_background":"","ocean_menu_link_active_background":"","ocean_menu_social_links_bg":"","ocean_menu_social_hover_links_bg":"","ocean_menu_social_links_color":"","ocean_menu_social_hover_links_color":"","ocean_disable_title":"default","ocean_disable_heading":"default","ocean_post_title":"","ocean_post_subheading":"","ocean_post_title_style":"","ocean_post_title_background_color":"","ocean_post_title_background":0,"ocean_post_title_bg_image_position":"","ocean_post_title_bg_image_attachment":"","ocean_post_title_bg_image_repeat":"","ocean_post_title_bg_image_size":"","ocean_post_title_height":0,"ocean_post_title_bg_overlay":0.5,"ocean_post_title_bg_overlay_color":"","ocean_disable_breadcrumbs":"default","ocean_breadcrumbs_color":"","ocean_breadcrumbs_separator_color":"","ocean_breadcrumbs_links_color":"","ocean_breadcrumbs_links_hover_color":"","ocean_display_footer_widgets":"default","ocean_display_footer_bottom":"default","ocean_custom_footer_template":"0","footnotes":""},"class_list":["post-910","page","type-page","status-publish","hentry","entry"],"yoast_head":"<!-- This site is optimized with the Yoast SEO plugin v23.4 - https:\/\/yoast.com\/wordpress\/plugins\/seo\/ -->\n<title>Implant\u00e1tumok - Kavics Dental Fogorvosi Rendel\u0151<\/title>\n<meta name=\"description\" content=\"Az implant\u00e1tum egy tit\u00e1n csavar, amire fogp\u00f3tl\u00e1st lehet k\u00e9sz\u00edteni. Le\u00edrjuk, mi az implant\u00e1l\u00e1s menete, \u00e9s hogy kinek lehet j\u00f3 opci\u00f3 a hi\u00e1nyz\u00f3 fog p\u00f3tl\u00e1s\u00e1ra.\" \/>\n<meta name=\"robots\" content=\"index, follow, max-snippet:-1, max-image-preview:large, max-video-preview:-1\" \/>\n<link rel=\"canonical\" href=\"https:\/\/kavicsdental.hu\/en\/kezelesek\/implantatumok\/\" \/>\n<meta property=\"og:locale\" content=\"en_GB\" \/>\n<meta property=\"og:type\" content=\"article\" \/>\n<meta property=\"og:title\" content=\"Implant\u00e1tumok - Kavics Dental Fogorvosi Rendel\u0151\" \/>\n<meta property=\"og:description\" content=\"Az implant\u00e1tum egy tit\u00e1n csavar, amire fogp\u00f3tl\u00e1st lehet k\u00e9sz\u00edteni. Le\u00edrjuk, mi az implant\u00e1l\u00e1s menete, \u00e9s hogy kinek lehet j\u00f3 opci\u00f3 a hi\u00e1nyz\u00f3 fog p\u00f3tl\u00e1s\u00e1ra.\" \/>\n<meta property=\"og:url\" content=\"https:\/\/kavicsdental.hu\/en\/kezelesek\/implantatumok\/\" \/>\n<meta property=\"og:site_name\" content=\"Kavics Dental Fogorvosi Rendel\u0151\" \/>\n<meta property=\"article:publisher\" content=\"https:\/\/www.facebook.com\/kavics.dental\/\" \/>\n<meta property=\"article:modified_time\" content=\"2020-04-25T23:10:01+00:00\" \/>\n<meta name=\"twitter:card\" content=\"summary_large_image\" \/>\n<meta name=\"twitter:label1\" content=\"Estimated reading time\" \/>\n\t<meta name=\"twitter:data1\" content=\"3 minutes\" \/>\n<script type=\"application\/ld+json\" class=\"yoast-schema-graph\">{\"@context\":\"https:\/\/schema.org\",\"@graph\":[{\"@type\":\"WebPage\",\"@id\":\"https:\/\/kavicsdental.hu\/kezelesek\/implantatumok\/\",\"url\":\"https:\/\/kavicsdental.hu\/kezelesek\/implantatumok\/\",\"name\":\"Implant\u00e1tumok - Kavics Dental Fogorvosi Rendel\u0151\",\"isPartOf\":{\"@id\":\"https:\/\/kavicsdental.hu\/#website\"},\"datePublished\":\"2020-04-12T20:26:59+00:00\",\"dateModified\":\"2020-04-25T23:10:01+00:00\",\"description\":\"Az implant\u00e1tum egy tit\u00e1n csavar, amire fogp\u00f3tl\u00e1st lehet k\u00e9sz\u00edteni. Le\u00edrjuk, mi az implant\u00e1l\u00e1s menete, \u00e9s hogy kinek lehet j\u00f3 opci\u00f3 a hi\u00e1nyz\u00f3 fog p\u00f3tl\u00e1s\u00e1ra.\",\"breadcrumb\":{\"@id\":\"https:\/\/kavicsdental.hu\/kezelesek\/implantatumok\/#breadcrumb\"},\"inLanguage\":\"en-GB\",\"potentialAction\":[{\"@type\":\"ReadAction\",\"target\":[\"https:\/\/kavicsdental.hu\/kezelesek\/implantatumok\/\"]}]},{\"@type\":\"BreadcrumbList\",\"@id\":\"https:\/\/kavicsdental.hu\/kezelesek\/implantatumok\/#breadcrumb\",\"itemListElement\":[{\"@type\":\"ListItem\",\"position\":1,\"name\":\"Home\",\"item\":\"https:\/\/kavicsdental.hu\/\"},{\"@type\":\"ListItem\",\"position\":2,\"name\":\"Kezel\u00e9sek\",\"item\":\"https:\/\/kavicsdental.hu\/kezelesek\/\"},{\"@type\":\"ListItem\",\"position\":3,\"name\":\"Implant\u00e1tumok\"}]},{\"@type\":\"WebSite\",\"@id\":\"https:\/\/kavicsdental.hu\/#website\",\"url\":\"https:\/\/kavicsdental.hu\/\",\"name\":\"Kavics Dental\",\"description\":\"\",\"publisher\":{\"@id\":\"https:\/\/kavicsdental.hu\/#organization\"},\"potentialAction\":[{\"@type\":\"SearchAction\",\"target\":{\"@type\":\"EntryPoint\",\"urlTemplate\":\"https:\/\/kavicsdental.hu\/?s={search_term_string}\"},\"query-input\":{\"@type\":\"PropertyValueSpecification\",\"valueRequired\":true,\"valueName\":\"search_term_string\"}}],\"inLanguage\":\"en-GB\"},{\"@type\":\"Organization\",\"@id\":\"https:\/\/kavicsdental.hu\/#organization\",\"name\":\"Kavics Dental\",\"url\":\"https:\/\/kavicsdental.hu\/\",\"logo\":{\"@type\":\"ImageObject\",\"inLanguage\":\"en-GB\",\"@id\":\"https:\/\/kavicsdental.hu\/#\/schema\/logo\/image\/\",\"url\":\"https:\/\/kavicsdental.hu\/wp-content\/uploads\/2020\/04\/kavicsdental_vegleges_logo-2-e1586283925602.jpeg\",\"contentUrl\":\"https:\/\/kavicsdental.hu\/wp-content\/uploads\/2020\/04\/kavicsdental_vegleges_logo-2-e1586283925602.jpeg\",\"width\":618,\"height\":591,\"caption\":\"Kavics Dental\"},\"image\":{\"@id\":\"https:\/\/kavicsdental.hu\/#\/schema\/logo\/image\/\"},\"sameAs\":[\"https:\/\/www.facebook.com\/kavics.dental\/\"]}]}<\/script>\n<!-- \/ Yoast SEO plugin. -->","yoast_head_json":{"title":"Implant\u00e1tumok - Kavics Dental Fogorvosi Rendel\u0151","description":"Az implant\u00e1tum egy tit\u00e1n csavar, amire fogp\u00f3tl\u00e1st lehet k\u00e9sz\u00edteni. Le\u00edrjuk, mi az implant\u00e1l\u00e1s menete, \u00e9s hogy kinek lehet j\u00f3 opci\u00f3 a hi\u00e1nyz\u00f3 fog p\u00f3tl\u00e1s\u00e1ra.","robots":{"index":"index","follow":"follow","max-snippet":"max-snippet:-1","max-image-preview":"max-image-preview:large","max-video-preview":"max-video-preview:-1"},"canonical":"https:\/\/kavicsdental.hu\/en\/kezelesek\/implantatumok\/","og_locale":"en_GB","og_type":"article","og_title":"Implant\u00e1tumok - Kavics Dental Fogorvosi Rendel\u0151","og_description":"Az implant\u00e1tum egy tit\u00e1n csavar, amire fogp\u00f3tl\u00e1st lehet k\u00e9sz\u00edteni. Le\u00edrjuk, mi az implant\u00e1l\u00e1s menete, \u00e9s hogy kinek lehet j\u00f3 opci\u00f3 a hi\u00e1nyz\u00f3 fog p\u00f3tl\u00e1s\u00e1ra.","og_url":"https:\/\/kavicsdental.hu\/en\/kezelesek\/implantatumok\/","og_site_name":"Kavics Dental Fogorvosi Rendel\u0151","article_publisher":"https:\/\/www.facebook.com\/kavics.dental\/","article_modified_time":"2020-04-25T23:10:01+00:00","twitter_card":"summary_large_image","twitter_misc":{"Estimated reading time":"3 minutes"},"schema":{"@context":"https:\/\/schema.org","@graph":[{"@type":"WebPage","@id":"https:\/\/kavicsdental.hu\/kezelesek\/implantatumok\/","url":"https:\/\/kavicsdental.hu\/kezelesek\/implantatumok\/","name":"Implant\u00e1tumok - Kavics Dental Fogorvosi Rendel\u0151","isPartOf":{"@id":"https:\/\/kavicsdental.hu\/#website"},"datePublished":"2020-04-12T20:26:59+00:00","dateModified":"2020-04-25T23:10:01+00:00","description":"Az implant\u00e1tum egy tit\u00e1n csavar, amire fogp\u00f3tl\u00e1st lehet k\u00e9sz\u00edteni. Le\u00edrjuk, mi az implant\u00e1l\u00e1s menete, \u00e9s hogy kinek lehet j\u00f3 opci\u00f3 a hi\u00e1nyz\u00f3 fog p\u00f3tl\u00e1s\u00e1ra.","breadcrumb":{"@id":"https:\/\/kavicsdental.hu\/kezelesek\/implantatumok\/#breadcrumb"},"inLanguage":"en-GB","potentialAction":[{"@type":"ReadAction","target":["https:\/\/kavicsdental.hu\/kezelesek\/implantatumok\/"]}]},{"@type":"BreadcrumbList","@id":"https:\/\/kavicsdental.hu\/kezelesek\/implantatumok\/#breadcrumb","itemListElement":[{"@type":"ListItem","position":1,"name":"Home","item":"https:\/\/kavicsdental.hu\/"},{"@type":"ListItem","position":2,"name":"Kezel\u00e9sek","item":"https:\/\/kavicsdental.hu\/kezelesek\/"},{"@type":"ListItem","position":3,"name":"Implant\u00e1tumok"}]},{"@type":"WebSite","@id":"https:\/\/kavicsdental.hu\/#website","url":"https:\/\/kavicsdental.hu\/","name":"Kavics Dental","description":"","publisher":{"@id":"https:\/\/kavicsdental.hu\/#organization"},"potentialAction":[{"@type":"SearchAction","target":{"@type":"EntryPoint","urlTemplate":"https:\/\/kavicsdental.hu\/?s={search_term_string}"},"query-input":{"@type":"PropertyValueSpecification","valueRequired":true,"valueName":"search_term_string"}}],"inLanguage":"en-GB"},{"@type":"Organization","@id":"https:\/\/kavicsdental.hu\/#organization","name":"Kavics Dental","url":"https:\/\/kavicsdental.hu\/","logo":{"@type":"ImageObject","inLanguage":"en-GB","@id":"https:\/\/kavicsdental.hu\/#\/schema\/logo\/image\/","url":"https:\/\/kavicsdental.hu\/wp-content\/uploads\/2020\/04\/kavicsdental_vegleges_logo-2-e1586283925602.jpeg","contentUrl":"https:\/\/kavicsdental.hu\/wp-content\/uploads\/2020\/04\/kavicsdental_vegleges_logo-2-e1586283925602.jpeg","width":618,"height":591,"caption":"Kavics Dental"},"image":{"@id":"https:\/\/kavicsdental.hu\/#\/schema\/logo\/image\/"},"sameAs":["https:\/\/www.facebook.com\/kavics.dental\/"]}]}},"_links":{"self":[{"href":"https:\/\/kavicsdental.hu\/en\/wp-json\/wp\/v2\/pages\/910","targetHints":{"allow":["GET"]}}],"collection":[{"href":"https:\/\/kavicsdental.hu\/en\/wp-json\/wp\/v2\/pages"}],"about":[{"href":"https:\/\/kavicsdental.hu\/en\/wp-json\/wp\/v2\/types\/page"}],"author":[{"embeddable":true,"href":"https:\/\/kavicsdental.hu\/en\/wp-json\/wp\/v2\/users\/1"}],"replies":[{"embeddable":true,"href":"https:\/\/kavicsdental.hu\/en\/wp-json\/wp\/v2\/comments?post=910"}],"version-history":[{"count":5,"href":"https:\/\/kavicsdental.hu\/en\/wp-json\/wp\/v2\/pages\/910\/revisions"}],"predecessor-version":[{"id":1182,"href":"https:\/\/kavicsdental.hu\/en\/wp-json\/wp\/v2\/pages\/910\/revisions\/1182"}],"up":[{"embeddable":true,"href":"https:\/\/kavicsdental.hu\/en\/wp-json\/wp\/v2\/pages\/294"}],"wp:attachment":[{"href":"https:\/\/kavicsdental.hu\/en\/wp-json\/wp\/v2\/media?parent=910"}],"curies":[{"name":"wp","href":"https:\/\/api.w.org\/{rel}","templated":true}]}}