{"id":912,"date":"2020-04-12T20:27:27","date_gmt":"2020-04-12T20:27:27","guid":{"rendered":"https:\/\/znp.dei.mybluehost.me\/?page_id=912"},"modified":"2020-05-22T14:34:57","modified_gmt":"2020-05-22T14:34:57","slug":"szajsebeszet","status":"publish","type":"page","link":"https:\/\/kavicsdental.hu\/en\/kezelesek\/szajsebeszet\/","title":{"rendered":"Oral surgery"},"content":{"rendered":"<div data-elementor-type=\"wp-page\" data-elementor-id=\"912\" class=\"elementor elementor-912\">\n\t\t\t\t\t\t<section class=\"elementor-section elementor-top-section elementor-element elementor-element-3d20bc6 elementor-section-boxed elementor-section-height-default elementor-section-height-default\" data-id=\"3d20bc6\" data-element_type=\"section\">\n\t\t\t\t\t\t<div class=\"elementor-container elementor-column-gap-default\">\n\t\t\t\t\t<div class=\"elementor-column elementor-col-100 elementor-top-column elementor-element elementor-element-336438ab\" data-id=\"336438ab\" data-element_type=\"column\">\n\t\t\t<div class=\"elementor-widget-wrap elementor-element-populated\">\n\t\t\t\t\t\t<div class=\"elementor-element elementor-element-ededaba elementor-widget elementor-widget-heading\" data-id=\"ededaba\" data-element_type=\"widget\" data-widget_type=\"heading.default\">\n\t\t\t\t<div class=\"elementor-widget-container\">\n\t\t\t\t\t<h1 class=\"elementor-heading-title elementor-size-default\">Oral surgery<\/h1>\t\t\t\t<\/div>\n\t\t\t\t<\/div>\n\t\t\t\t<div class=\"elementor-element elementor-element-23112dfd elementor-widget elementor-widget-spacer\" data-id=\"23112dfd\" data-element_type=\"widget\" data-widget_type=\"spacer.default\">\n\t\t\t\t<div class=\"elementor-widget-container\">\n\t\t\t\t\t\t\t<div class=\"elementor-spacer\">\n\t\t\t<div class=\"elementor-spacer-inner\"><\/div>\n\t\t<\/div>\n\t\t\t\t\t\t<\/div>\n\t\t\t\t<\/div>\n\t\t\t\t<div class=\"elementor-element elementor-element-12408325 elementor-widget elementor-widget-text-editor\" data-id=\"12408325\" data-element_type=\"widget\" data-widget_type=\"text-editor.default\">\n\t\t\t\t<div class=\"elementor-widget-container\">\n\t\t\t\t\t\t\t\t\t<p>A sz\u00e1jseb\u00e9szet vagy dentoalveol\u00e1ris seb\u00e9szet olyan beavatkoz\u00e1sokat foglal mag\u00e1ban, amelyek a fogat k\u00f6zvetlen\u00fcl k\u00f6r\u00fclvev\u0151 csontot \u00e9rintik. A leggyakrabban az al\u00e1bbi esetekkel tal\u00e1lkozunk:<\/p><ul><li><strong>Fogelt\u00e1vol\u00edt\u00e1s, bet\u00f6rt gy\u00f6k\u00e9r elt\u00e1vol\u00edt\u00e1sa<\/strong>: Bizonyos esetekben a fogelt\u00e1vol\u00edt\u00e1s nem v\u00e9gezhet\u0151 el a hagyom\u00e1nyos m\u00f3don (fog\u00f3 seg\u00edts\u00e9g\u00e9vel), mert p\u00e9ld\u00e1ul a fog koronai r\u00e9sze nem megfelel\u0151. Lehet ez az\u00e9rt, mert a korona let\u00f6rt, \u00e9s a fog\u00f3val nem lehet megfogni a fog megmaradt r\u00e9sz\u00e9t. M\u00e1s esetekben a fog gy\u00f6kereinek form\u00e1ja, helyzete, a fogat k\u00f6r\u00fclvev\u0151 csont s\u0171r\u0171s\u00e9ge vagy egy\u00e9b t\u00e9nyez\u0151 teszi sz\u00fcks\u00e9gess\u00e9 a seb\u00e9szi fogelt\u00e1vol\u00edt\u00e1st.<\/li><\/ul><p>\u00a0<\/p><ul><li><strong>B\u00f6lcsess\u00e9gfog elt\u00e1vol\u00edt\u00e1sa<\/strong>: A seb\u00e9szi fogelt\u00e1vol\u00edt\u00e1sok nagyon sokszor \u00e9rintik a b\u00f6lcsess\u00e9gfogat. B\u00e1r \u00e1ltal\u00e1nos fog\u00e1szat keretein bel\u00fcl is t\u00f6rt\u00e9nik b\u00f6lcsess\u00e9gfog elt\u00e1vol\u00edt\u00e1s, sokszor az indokolja a seb\u00e9szi beavatkoz\u00e1st, hogy a ter\u00fclet nehezen megk\u00f6zel\u00edthet\u0151, a b\u00f6lcsess\u00e9gfog lehet, hogy csak r\u00e9szben t\u00f6rt el\u0151, vagy olyan sz\u00f6gben, ami nem teszi lehet\u0151v\u00e9 a sima fogelt\u00e1vol\u00edt\u00e1st. A b\u00f6lcsess\u00e9gfog elt\u00e1vol\u00edt\u00e1sa sokszor a fogszab\u00e1lyoz\u00e1si kezel\u00e9st eg\u00e9sz\u00edti ki. A c\u00e9l ezekben az esetekben az, hogy a fogszab\u00e1lyoz\u00f3 kezel\u00e9st k\u00f6vet\u0151en a b\u00f6lcsess\u00e9gfog esetleges el\u0151t\u00f6r\u00e9se, helyzet\u00e9nek v\u00e1ltoz\u00e1sa ne tolja el a m\u00e1r szab\u00e1lyozott fogakat.<\/li><\/ul><p>\u00a0<\/p><ul><li><strong>Fogszab\u00e1lyoz\u00f3 kezel\u00e9s sor\u00e1n<\/strong>: akkor is sz\u00fcks\u00e9g lehet sz\u00e1jseb\u00e9szeti beavatkoz\u00e1sra, ha a szemfog valami\u00e9rt nem t\u00f6rt el\u0151. Ebben az esetben a sz\u00e1jseb\u00e9sz felszabad\u00edtja a fog koronai r\u00e9sz\u00e9t, hogy a fogszab\u00e1lyoz\u00f3 orvos egy sorba tudja \u00e1ll\u00edtani a fogat a t\u00f6bbivel. Olyan eset is el\u0151fordul, hogy valakinek sz\u00e1mfeletti foga van (azaz plusz egy foga), vagy nagyon torl\u00f3dtak a fogai, \u00e9s ez\u00e9rt sz\u00fcks\u00e9ges a fogelt\u00e1vol\u00edt\u00e1s.<\/li><\/ul><p>\u00a0<\/p><ul><li><strong>Ciszt\u00e1k vagy egy\u00e9b s\u00e9r\u00fcl\u00e9sek elt\u00e1vol\u00edt\u00e1s\u00e1t<\/strong> is sokszor sz\u00e1jseb\u00e9sz v\u00e9gzi. A fog\u00e1szati ciszta egy \u00e1ltal\u00e1ban folyad\u00e9kkal teli zs\u00e1k, amely k\u00fcl\u00f6nb\u00f6z\u0151 sz\u00f6vetekben tud kialakulni.<\/li><\/ul><p>\u00a0<\/p><ul><li><strong>Gy\u00f6k\u00e9rcs\u00facs rezekci\u00f3<\/strong>: n\u00e9h\u00e1ny esetben sz\u00fcks\u00e9ges lehet a gy\u00f6k\u00e9rcs\u00facs seb\u00e9szi elt\u00e1vol\u00edt\u00e1sa. P\u00e9ld\u00e1ul akkor van erre sz\u00fcks\u00e9g, ha a gyullad\u00e1s el\u00e9rte a fog gy\u00f6ker\u00e9t \u00e9s \u00e1tterjedt a k\u00f6rnyez\u0151 csontsz\u00f6vetre. Ilyenkor a sz\u00e1jseb\u00e9sz a foggy\u00f6k\u00e9r gyulladt r\u00e9sz\u00e9t elt\u00e1vol\u00edtja, \u00e9s gy\u00f6k\u00e9rt\u00f6m\u00e9ssel z\u00e1rja a fogat.<\/li><\/ul><p>\u00a0<\/p><ul><li><strong>Csontp\u00f3tl\u00e1s<\/strong>: ha p\u00e9ld\u00e1ul implant\u00e1tum behelyez\u00e9s\u00e9hez nem elegend\u0151 a megl\u00e9v\u0151 csont\u00e1llom\u00e1ny, \u00e9s csontp\u00f3tl\u00e1sra van sz\u00fcks\u00e9g, akkor is \u00e1ltal\u00e1ban sz\u00e1jseb\u00e9sz bevon\u00e1sa indokolt. <\/li><\/ul>\t\t\t\t\t\t\t\t<\/div>\n\t\t\t\t<\/div>\n\t\t\t\t<div class=\"elementor-element elementor-element-11d879e7 elementor-widget elementor-widget-spacer\" data-id=\"11d879e7\" data-element_type=\"widget\" data-widget_type=\"spacer.default\">\n\t\t\t\t<div class=\"elementor-widget-container\">\n\t\t\t\t\t\t\t<div class=\"elementor-spacer\">\n\t\t\t<div class=\"elementor-spacer-inner\"><\/div>\n\t\t<\/div>\n\t\t\t\t\t\t<\/div>\n\t\t\t\t<\/div>\n\t\t\t\t<div class=\"elementor-element elementor-element-1d4d8dff elementor-widget elementor-widget-template\" data-id=\"1d4d8dff\" data-element_type=\"widget\" data-widget_type=\"template.default\">\n\t\t\t\t<div class=\"elementor-widget-container\">\n\t\t\t\t\t \t\t\t\t<\/div>\n\t\t\t\t<\/div>\n\t\t\t\t\t<\/div>\n\t\t<\/div>\n\t\t\t\t\t<\/div>\n\t\t<\/section>\n\t\t\t\t<\/div>","protected":false},"excerpt":{"rendered":"<p>Sz\u00e1jseb\u00e9szet A sz\u00e1jseb\u00e9szet vagy dentoalveol\u00e1ris seb\u00e9szet olyan beavatkoz\u00e1sokat foglal mag\u00e1ban, amelyek a fogat k\u00f6zvetlen\u00fcl k\u00f6r\u00fclvev\u0151 csontot \u00e9rintik. A leggyakrabban az al\u00e1bbi esetekkel tal\u00e1lkozunk: Fogelt\u00e1vol\u00edt\u00e1s, bet\u00f6rt gy\u00f6k\u00e9r elt\u00e1vol\u00edt\u00e1sa: Bizonyos esetekben a fogelt\u00e1vol\u00edt\u00e1s nem v\u00e9gezhet\u0151 el a hagyom\u00e1nyos m\u00f3don (fog\u00f3 seg\u00edts\u00e9g\u00e9vel), mert p\u00e9ld\u00e1ul a fog koronai r\u00e9sze nem megfelel\u0151. Lehet ez az\u00e9rt, mert a korona let\u00f6rt, \u00e9s [&hellip;]<\/p>","protected":false},"author":1,"featured_media":0,"parent":294,"menu_order":0,"comment_status":"closed","ping_status":"closed","template":"","meta":{"ocean_post_layout":"","ocean_both_sidebars_style":"","ocean_both_sidebars_content_width":0,"ocean_both_sidebars_sidebars_width":0,"ocean_sidebar":"0","ocean_second_sidebar":"0","ocean_disable_margins":"enable","ocean_add_body_class":"","ocean_shortcode_before_top_bar":"","ocean_shortcode_after_top_bar":"","ocean_shortcode_before_header":"","ocean_shortcode_after_header":"","ocean_has_shortcode":"","ocean_shortcode_after_title":"","ocean_shortcode_before_footer_widgets":"","ocean_shortcode_after_footer_widgets":"","ocean_shortcode_before_footer_bottom":"","ocean_shortcode_after_footer_bottom":"","ocean_display_top_bar":"default","ocean_display_header":"default","ocean_header_style":"","ocean_center_header_left_menu":"0","ocean_custom_header_template":"0","ocean_custom_logo":0,"ocean_custom_retina_logo":0,"ocean_custom_logo_max_width":0,"ocean_custom_logo_tablet_max_width":0,"ocean_custom_logo_mobile_max_width":0,"ocean_custom_logo_max_height":0,"ocean_custom_logo_tablet_max_height":0,"ocean_custom_logo_mobile_max_height":0,"ocean_header_custom_menu":"0","ocean_menu_typo_font_family":"0","ocean_menu_typo_font_subset":"","ocean_menu_typo_font_size":0,"ocean_menu_typo_font_size_tablet":0,"ocean_menu_typo_font_size_mobile":0,"ocean_menu_typo_font_size_unit":"px","ocean_menu_typo_font_weight":"","ocean_menu_typo_font_weight_tablet":"","ocean_menu_typo_font_weight_mobile":"","ocean_menu_typo_transform":"","ocean_menu_typo_transform_tablet":"","ocean_menu_typo_transform_mobile":"","ocean_menu_typo_line_height":0,"ocean_menu_typo_line_height_tablet":0,"ocean_menu_typo_line_height_mobile":0,"ocean_menu_typo_line_height_unit":"","ocean_menu_typo_spacing":0,"ocean_menu_typo_spacing_tablet":0,"ocean_menu_typo_spacing_mobile":0,"ocean_menu_typo_spacing_unit":"","ocean_menu_link_color":"","ocean_menu_link_color_hover":"","ocean_menu_link_color_active":"","ocean_menu_link_background":"","ocean_menu_link_hover_background":"","ocean_menu_link_active_background":"","ocean_menu_social_links_bg":"","ocean_menu_social_hover_links_bg":"","ocean_menu_social_links_color":"","ocean_menu_social_hover_links_color":"","ocean_disable_title":"default","ocean_disable_heading":"default","ocean_post_title":"","ocean_post_subheading":"","ocean_post_title_style":"","ocean_post_title_background_color":"","ocean_post_title_background":0,"ocean_post_title_bg_image_position":"","ocean_post_title_bg_image_attachment":"","ocean_post_title_bg_image_repeat":"","ocean_post_title_bg_image_size":"","ocean_post_title_height":0,"ocean_post_title_bg_overlay":0.5,"ocean_post_title_bg_overlay_color":"","ocean_disable_breadcrumbs":"default","ocean_breadcrumbs_color":"","ocean_breadcrumbs_separator_color":"","ocean_breadcrumbs_links_color":"","ocean_breadcrumbs_links_hover_color":"","ocean_display_footer_widgets":"default","ocean_display_footer_bottom":"default","ocean_custom_footer_template":"0","footnotes":""},"class_list":["post-912","page","type-page","status-publish","hentry","entry"],"yoast_head":"<!-- This site is optimized with the Yoast SEO plugin v23.4 - https:\/\/yoast.com\/wordpress\/plugins\/seo\/ -->\n<title>Sz\u00e1jseb\u00e9szet - Kavics Dental Fogorvosi Rendel\u0151<\/title>\n<meta name=\"description\" content=\"Milyen sz\u00e1jseb\u00e9szeti kezel\u00e9sek l\u00e9teznek m\u00e9g a fogelt\u00e1vol\u00edt\u00e1son k\u00edv\u00fcl? \u00d6sszefoglal\u00f3 cikk\u00fcnkben bemutatjuk a f\u0151bb kezel\u00e9si lehet\u0151s\u00e9geket.\" \/>\n<meta name=\"robots\" content=\"index, follow, max-snippet:-1, max-image-preview:large, max-video-preview:-1\" \/>\n<link rel=\"canonical\" href=\"https:\/\/kavicsdental.hu\/en\/kezelesek\/szajsebeszet\/\" \/>\n<meta property=\"og:locale\" content=\"en_GB\" \/>\n<meta property=\"og:type\" content=\"article\" \/>\n<meta property=\"og:title\" content=\"Sz\u00e1jseb\u00e9szet - Kavics Dental Fogorvosi Rendel\u0151\" \/>\n<meta property=\"og:description\" content=\"Milyen sz\u00e1jseb\u00e9szeti kezel\u00e9sek l\u00e9teznek m\u00e9g a fogelt\u00e1vol\u00edt\u00e1son k\u00edv\u00fcl? \u00d6sszefoglal\u00f3 cikk\u00fcnkben bemutatjuk a f\u0151bb kezel\u00e9si lehet\u0151s\u00e9geket.\" \/>\n<meta property=\"og:url\" content=\"https:\/\/kavicsdental.hu\/en\/kezelesek\/szajsebeszet\/\" \/>\n<meta property=\"og:site_name\" content=\"Kavics Dental Fogorvosi Rendel\u0151\" \/>\n<meta property=\"article:publisher\" content=\"https:\/\/www.facebook.com\/kavics.dental\/\" \/>\n<meta property=\"article:modified_time\" content=\"2020-05-22T14:34:57+00:00\" \/>\n<meta name=\"twitter:card\" content=\"summary_large_image\" \/>\n<meta name=\"twitter:label1\" content=\"Estimated reading time\" \/>\n\t<meta name=\"twitter:data1\" content=\"3 minutes\" \/>\n<script type=\"application\/ld+json\" class=\"yoast-schema-graph\">{\"@context\":\"https:\/\/schema.org\",\"@graph\":[{\"@type\":\"WebPage\",\"@id\":\"https:\/\/kavicsdental.hu\/kezelesek\/szajsebeszet\/\",\"url\":\"https:\/\/kavicsdental.hu\/kezelesek\/szajsebeszet\/\",\"name\":\"Sz\u00e1jseb\u00e9szet - Kavics Dental Fogorvosi Rendel\u0151\",\"isPartOf\":{\"@id\":\"https:\/\/kavicsdental.hu\/#website\"},\"datePublished\":\"2020-04-12T20:27:27+00:00\",\"dateModified\":\"2020-05-22T14:34:57+00:00\",\"description\":\"Milyen sz\u00e1jseb\u00e9szeti kezel\u00e9sek l\u00e9teznek m\u00e9g a fogelt\u00e1vol\u00edt\u00e1son k\u00edv\u00fcl? \u00d6sszefoglal\u00f3 cikk\u00fcnkben bemutatjuk a f\u0151bb kezel\u00e9si lehet\u0151s\u00e9geket.\",\"breadcrumb\":{\"@id\":\"https:\/\/kavicsdental.hu\/kezelesek\/szajsebeszet\/#breadcrumb\"},\"inLanguage\":\"en-GB\",\"potentialAction\":[{\"@type\":\"ReadAction\",\"target\":[\"https:\/\/kavicsdental.hu\/kezelesek\/szajsebeszet\/\"]}]},{\"@type\":\"BreadcrumbList\",\"@id\":\"https:\/\/kavicsdental.hu\/kezelesek\/szajsebeszet\/#breadcrumb\",\"itemListElement\":[{\"@type\":\"ListItem\",\"position\":1,\"name\":\"Home\",\"item\":\"https:\/\/kavicsdental.hu\/\"},{\"@type\":\"ListItem\",\"position\":2,\"name\":\"Kezel\u00e9sek\",\"item\":\"https:\/\/kavicsdental.hu\/kezelesek\/\"},{\"@type\":\"ListItem\",\"position\":3,\"name\":\"Sz\u00e1jseb\u00e9szet\"}]},{\"@type\":\"WebSite\",\"@id\":\"https:\/\/kavicsdental.hu\/#website\",\"url\":\"https:\/\/kavicsdental.hu\/\",\"name\":\"Kavics Dental\",\"description\":\"\",\"publisher\":{\"@id\":\"https:\/\/kavicsdental.hu\/#organization\"},\"potentialAction\":[{\"@type\":\"SearchAction\",\"target\":{\"@type\":\"EntryPoint\",\"urlTemplate\":\"https:\/\/kavicsdental.hu\/?s={search_term_string}\"},\"query-input\":{\"@type\":\"PropertyValueSpecification\",\"valueRequired\":true,\"valueName\":\"search_term_string\"}}],\"inLanguage\":\"en-GB\"},{\"@type\":\"Organization\",\"@id\":\"https:\/\/kavicsdental.hu\/#organization\",\"name\":\"Kavics Dental\",\"url\":\"https:\/\/kavicsdental.hu\/\",\"logo\":{\"@type\":\"ImageObject\",\"inLanguage\":\"en-GB\",\"@id\":\"https:\/\/kavicsdental.hu\/#\/schema\/logo\/image\/\",\"url\":\"https:\/\/kavicsdental.hu\/wp-content\/uploads\/2020\/04\/kavicsdental_vegleges_logo-2-e1586283925602.jpeg\",\"contentUrl\":\"https:\/\/kavicsdental.hu\/wp-content\/uploads\/2020\/04\/kavicsdental_vegleges_logo-2-e1586283925602.jpeg\",\"width\":618,\"height\":591,\"caption\":\"Kavics Dental\"},\"image\":{\"@id\":\"https:\/\/kavicsdental.hu\/#\/schema\/logo\/image\/\"},\"sameAs\":[\"https:\/\/www.facebook.com\/kavics.dental\/\"]}]}<\/script>\n<!-- \/ Yoast SEO plugin. -->","yoast_head_json":{"title":"Sz\u00e1jseb\u00e9szet - Kavics Dental Fogorvosi Rendel\u0151","description":"Milyen sz\u00e1jseb\u00e9szeti kezel\u00e9sek l\u00e9teznek m\u00e9g a fogelt\u00e1vol\u00edt\u00e1son k\u00edv\u00fcl? \u00d6sszefoglal\u00f3 cikk\u00fcnkben bemutatjuk a f\u0151bb kezel\u00e9si lehet\u0151s\u00e9geket.","robots":{"index":"index","follow":"follow","max-snippet":"max-snippet:-1","max-image-preview":"max-image-preview:large","max-video-preview":"max-video-preview:-1"},"canonical":"https:\/\/kavicsdental.hu\/en\/kezelesek\/szajsebeszet\/","og_locale":"en_GB","og_type":"article","og_title":"Sz\u00e1jseb\u00e9szet - Kavics Dental Fogorvosi Rendel\u0151","og_description":"Milyen sz\u00e1jseb\u00e9szeti kezel\u00e9sek l\u00e9teznek m\u00e9g a fogelt\u00e1vol\u00edt\u00e1son k\u00edv\u00fcl? \u00d6sszefoglal\u00f3 cikk\u00fcnkben bemutatjuk a f\u0151bb kezel\u00e9si lehet\u0151s\u00e9geket.","og_url":"https:\/\/kavicsdental.hu\/en\/kezelesek\/szajsebeszet\/","og_site_name":"Kavics Dental Fogorvosi Rendel\u0151","article_publisher":"https:\/\/www.facebook.com\/kavics.dental\/","article_modified_time":"2020-05-22T14:34:57+00:00","twitter_card":"summary_large_image","twitter_misc":{"Estimated reading time":"3 minutes"},"schema":{"@context":"https:\/\/schema.org","@graph":[{"@type":"WebPage","@id":"https:\/\/kavicsdental.hu\/kezelesek\/szajsebeszet\/","url":"https:\/\/kavicsdental.hu\/kezelesek\/szajsebeszet\/","name":"Sz\u00e1jseb\u00e9szet - Kavics Dental Fogorvosi Rendel\u0151","isPartOf":{"@id":"https:\/\/kavicsdental.hu\/#website"},"datePublished":"2020-04-12T20:27:27+00:00","dateModified":"2020-05-22T14:34:57+00:00","description":"Milyen sz\u00e1jseb\u00e9szeti kezel\u00e9sek l\u00e9teznek m\u00e9g a fogelt\u00e1vol\u00edt\u00e1son k\u00edv\u00fcl? \u00d6sszefoglal\u00f3 cikk\u00fcnkben bemutatjuk a f\u0151bb kezel\u00e9si lehet\u0151s\u00e9geket.","breadcrumb":{"@id":"https:\/\/kavicsdental.hu\/kezelesek\/szajsebeszet\/#breadcrumb"},"inLanguage":"en-GB","potentialAction":[{"@type":"ReadAction","target":["https:\/\/kavicsdental.hu\/kezelesek\/szajsebeszet\/"]}]},{"@type":"BreadcrumbList","@id":"https:\/\/kavicsdental.hu\/kezelesek\/szajsebeszet\/#breadcrumb","itemListElement":[{"@type":"ListItem","position":1,"name":"Home","item":"https:\/\/kavicsdental.hu\/"},{"@type":"ListItem","position":2,"name":"Kezel\u00e9sek","item":"https:\/\/kavicsdental.hu\/kezelesek\/"},{"@type":"ListItem","position":3,"name":"Sz\u00e1jseb\u00e9szet"}]},{"@type":"WebSite","@id":"https:\/\/kavicsdental.hu\/#website","url":"https:\/\/kavicsdental.hu\/","name":"Kavics Dental","description":"","publisher":{"@id":"https:\/\/kavicsdental.hu\/#organization"},"potentialAction":[{"@type":"SearchAction","target":{"@type":"EntryPoint","urlTemplate":"https:\/\/kavicsdental.hu\/?s={search_term_string}"},"query-input":{"@type":"PropertyValueSpecification","valueRequired":true,"valueName":"search_term_string"}}],"inLanguage":"en-GB"},{"@type":"Organization","@id":"https:\/\/kavicsdental.hu\/#organization","name":"Kavics Dental","url":"https:\/\/kavicsdental.hu\/","logo":{"@type":"ImageObject","inLanguage":"en-GB","@id":"https:\/\/kavicsdental.hu\/#\/schema\/logo\/image\/","url":"https:\/\/kavicsdental.hu\/wp-content\/uploads\/2020\/04\/kavicsdental_vegleges_logo-2-e1586283925602.jpeg","contentUrl":"https:\/\/kavicsdental.hu\/wp-content\/uploads\/2020\/04\/kavicsdental_vegleges_logo-2-e1586283925602.jpeg","width":618,"height":591,"caption":"Kavics Dental"},"image":{"@id":"https:\/\/kavicsdental.hu\/#\/schema\/logo\/image\/"},"sameAs":["https:\/\/www.facebook.com\/kavics.dental\/"]}]}},"_links":{"self":[{"href":"https:\/\/kavicsdental.hu\/en\/wp-json\/wp\/v2\/pages\/912","targetHints":{"allow":["GET"]}}],"collection":[{"href":"https:\/\/kavicsdental.hu\/en\/wp-json\/wp\/v2\/pages"}],"about":[{"href":"https:\/\/kavicsdental.hu\/en\/wp-json\/wp\/v2\/types\/page"}],"author":[{"embeddable":true,"href":"https:\/\/kavicsdental.hu\/en\/wp-json\/wp\/v2\/users\/1"}],"replies":[{"embeddable":true,"href":"https:\/\/kavicsdental.hu\/en\/wp-json\/wp\/v2\/comments?post=912"}],"version-history":[{"count":3,"href":"https:\/\/kavicsdental.hu\/en\/wp-json\/wp\/v2\/pages\/912\/revisions"}],"predecessor-version":[{"id":1581,"href":"https:\/\/kavicsdental.hu\/en\/wp-json\/wp\/v2\/pages\/912\/revisions\/1581"}],"up":[{"embeddable":true,"href":"https:\/\/kavicsdental.hu\/en\/wp-json\/wp\/v2\/pages\/294"}],"wp:attachment":[{"href":"https:\/\/kavicsdental.hu\/en\/wp-json\/wp\/v2\/media?parent=912"}],"curies":[{"name":"wp","href":"https:\/\/api.w.org\/{rel}","templated":true}]}}