{"id":914,"date":"2020-04-12T20:27:54","date_gmt":"2020-04-12T20:27:54","guid":{"rendered":"https:\/\/znp.dei.mybluehost.me\/?page_id=914"},"modified":"2020-04-27T00:06:46","modified_gmt":"2020-04-27T00:06:46","slug":"fogmegtarto-kezelesek","status":"publish","type":"page","link":"https:\/\/kavicsdental.hu\/en\/kezelesek\/fogmegtarto-kezelesek\/","title":{"rendered":"Conservative dentistry"},"content":{"rendered":"<div data-elementor-type=\"wp-page\" data-elementor-id=\"914\" class=\"elementor elementor-914\">\n\t\t\t\t\t\t<section class=\"elementor-section elementor-top-section elementor-element elementor-element-55024fd5 elementor-section-boxed elementor-section-height-default elementor-section-height-default\" data-id=\"55024fd5\" data-element_type=\"section\">\n\t\t\t\t\t\t<div class=\"elementor-container elementor-column-gap-default\">\n\t\t\t\t\t<div class=\"elementor-column elementor-col-100 elementor-top-column elementor-element elementor-element-5c8ec05e\" data-id=\"5c8ec05e\" data-element_type=\"column\">\n\t\t\t<div class=\"elementor-widget-wrap elementor-element-populated\">\n\t\t\t\t\t\t<div class=\"elementor-element elementor-element-23ed8c0a elementor-widget elementor-widget-heading\" data-id=\"23ed8c0a\" data-element_type=\"widget\" data-widget_type=\"heading.default\">\n\t\t\t\t<div class=\"elementor-widget-container\">\n\t\t\t\t\t<h1 class=\"elementor-heading-title elementor-size-default\">Conservative dentistry<\/h1>\t\t\t\t<\/div>\n\t\t\t\t<\/div>\n\t\t\t\t<div class=\"elementor-element elementor-element-78b79766 elementor-widget elementor-widget-spacer\" data-id=\"78b79766\" data-element_type=\"widget\" data-widget_type=\"spacer.default\">\n\t\t\t\t<div class=\"elementor-widget-container\">\n\t\t\t\t\t\t\t<div class=\"elementor-spacer\">\n\t\t\t<div class=\"elementor-spacer-inner\"><\/div>\n\t\t<\/div>\n\t\t\t\t\t\t<\/div>\n\t\t\t\t<\/div>\n\t\t\t\t<div class=\"elementor-element elementor-element-20a5c57d elementor-widget elementor-widget-text-editor\" data-id=\"20a5c57d\" data-element_type=\"widget\" data-widget_type=\"text-editor.default\">\n\t\t\t\t<div class=\"elementor-widget-container\">\n\t\t\t\t\t\t\t\t\t<p>A fogmegtart\u00f3 kezel\u00e9sek c\u00e9lja, hogy meg lehessen menteni a k\u00e1rosodott fogat. Akkor van sz\u00fcks\u00e9g ilyen kezel\u00e9sekre, amikor a fog m\u00e1r k\u00e1rosodott, de a fogelt\u00e1vol\u00edt\u00e1s m\u00e9g elker\u00fclhet\u0151. Jellemz\u0151en ide tartoznak a t\u00f6m\u00e9sek, inlay-ek, onlay-ek, fogkoron\u00e1k, illetve a gy\u00f6k\u00e9rkezel\u00e9s. Ha csak a fog k\u00fclseje s\u00e9r\u00fclt, a t\u00f6m\u00e9st\u0151l a fogkoron\u00e1ig terjednek a lehet\u0151s\u00e9gek. Ha a fog belseje is \u00e9rintett m\u00e1r, gy\u00f6k\u00e9rkezel\u00e9sre van sz\u00fcks\u00e9g.<\/p><h2>\u00a0<\/h2><h2>Fogt\u00f6m\u00e9s<\/h2><p>\u00a0A fogszuvasod\u00e1s k\u00e1ros\u00edtja a fogzom\u00e1ncot \u00e9s az alatta l\u00e9v\u0151 dentint. A t\u00f6m\u00e9s seg\u00edt a fog eredeti funkci\u00f3j\u00e1t \u00e9s alakj\u00e1t vissza\u00e1ll\u00edtani. Ezenk\u00edv\u00fcl megakad\u00e1lyozza a tov\u00e1bbi fogszuvasod\u00e1st, mert a bakt\u00e9riumok nem tudnak bejutni a kor\u00e1bban szuvas ter\u00fcletre.<\/p><h3>\u00a0<\/h3><h3>Amalg\u00e1m \u00e9s feh\u00e9r t\u00f6m\u00e9s<\/h3><p>T\u00f6bb t\u00edpus\u00fa fog\u00e1szati t\u00f6m\u0151anyag l\u00e9tezik. R\u00e9gen amalg\u00e1m t\u00f6m\u00e9st k\u00e9sz\u00edtettek a leggyakrabban. Az amalg\u00e1m t\u00f6m\u00e9sek tart\u00f3sak \u00e9s hat\u00e9konyak, de a mai eszt\u00e9tikai ig\u00e9nyeknek m\u00e1r nem felelnek meg. Az \u00faj t\u00edpus\u00fa anyagok k\u00f6z\u00fcl a kompozit t\u00f6m\u00e9s \u00e9s az \u00fcvegionomer t\u00f6m\u00e9s egyar\u00e1nt n\u00e9pszer\u0171ek. Mindk\u00e9t anyag t\u00f6bb fogsz\u00ednben l\u00e9tezik, \u00edgy a p\u00e1ciens eredeti fogsz\u00edn\u00e9hez igazod\u00f3 t\u00f6m\u00e9st lehet k\u00e9sz\u00edteni. Az ilyen, \u00faj t\u00edpus\u00fa t\u00f6m\u00e9seket sok p\u00e1ciens feh\u00e9r t\u00f6m\u00e9sk\u00e9nt ismeri. Ezenk\u00edv\u00fcl aranyb\u00f3l is k\u00e9sz\u00edtenek t\u00f6m\u00e9seket.<\/p><h3>\u00a0<\/h3><h3>Fogt\u00f6m\u00e9s menete<\/h3><p>El\u0151sz\u00f6r a fogorvos elt\u00e1vol\u00edtja a szuvas r\u00e9sz\u00e9t a fognak. Ezut\u00e1n megfelel\u0151en el\u0151k\u00e9sz\u00edti a fogat, hogy a t\u00f6m\u00e9s ne essen majd ki. A megfelel\u0151 el\u0151k\u00e9sz\u00edt\u00e9s att\u00f3l f\u00fcgg\u0151en v\u00e1ltozik p\u00e9ld\u00e1ul, hogy milyen t\u00f6m\u0151anyagot haszn\u00e1l a fogorvos, vagy hogy hol van \u00e9s mekkora a fogszuvasod\u00e1s. Az el\u0151k\u00e9sz\u00edt\u00e9s ut\u00e1n a fogorvos a t\u00f6m\u0151anyagot a kialak\u00edtott \u00fcregbe juttatja. Miut\u00e1n a t\u00f6m\u0151anyag a fogban megkem\u00e9nyedett, form\u00e1ra igaz\u00edtja \u00e9s pol\u00edrozza a fogat.<\/p><h3>\u00a0<\/h3><h3>Inlay, onlay, fogkorona<\/h3><p>Az inlay \u00e9s az onlay abban k\u00fcl\u00f6nb\u00f6znek a t\u00f6m\u00e9st\u0151l, hogy nem a p\u00e1ciens sz\u00e1j\u00e1ban k\u00e9sz\u00edti el a fogorvos azokat. Elk\u00e9sz\u00edt\u00e9s\u00fck hasonl\u00f3 a fogkoron\u00e1\u00e9hoz. A fogorvos el\u0151sz\u00f6r elt\u00e1vol\u00edtja a szuvas r\u00e9szt, lenyomatot k\u00e9sz\u00edt a fogr\u00f3l. A fogtechnika ezt k\u00f6vet\u0151en elk\u00e9sz\u00edti a fogm\u0171vet, a fogorvos pedig beragasztja azt. \u00c1ltal\u00e1noss\u00e1gban elmondhat\u00f3, hogy a t\u00f6m\u00e9s kev\u00e9sb\u00e9 tart\u00f3s, mint a h\u00e1rom fogm\u0171 b\u00e1rmelyike, \u00e1ra viszont kedvez\u0151bb.<\/p><p>A h\u00e1rom fogm\u0171 (inlay, onlay, korona) abban k\u00fcl\u00f6nb\u00f6zik egym\u00e1st\u00f3l, hogy a fog mekkora r\u00e9sz\u00e9t kell p\u00f3tolni. Az inlay a fog cs\u00fccskeit nem fedi, m\u00edg az onlay igen. A fogkorona pedig a fog eg\u00e9sz koronai r\u00e9sz\u00e9t fedi. R\u00f6viden teh\u00e1t att\u00f3l f\u00fcgg, hogy melyikre van sz\u00fcks\u00e9g a h\u00e1rom k\u00f6z\u00fcl, hogy a fog mennyire k\u00e1rosodott.<\/p><p>\u00a0<\/p><h2>Root canal treatment<\/h2><p>Ha a fog belsej\u00e9t is el\u00e9ri a k\u00e1rosod\u00e1s, akkor gy\u00f6k\u00e9rkezel\u00e9sre van sz\u00fcks\u00e9g. A fog belsej\u00e9ben l\u00e9v\u0151 fogb\u00e9l gyullad\u00e1sa eset\u00e9n ugyanis a gyullad\u00e1s \u00e1tterjedhet a foggy\u00f6keret k\u00f6r\u00fclvev\u0151 sz\u00f6vetekre. Ez duzzanatot \u00e9s f\u00e1jdalmat okozhat. M\u00e9g ha nem is l\u00e9p fel f\u00e1jdalom, a fogat tart\u00f3 csont k\u00e1rosodhat. Gy\u00f6k\u00e9rkezel\u00e9s n\u00e9lk\u00fcl a fogat el\u0151bb-ut\u00f3bb val\u00f3sz\u00edn\u0171leg ki kellene majd h\u00fazni. \u00a0<\/p><h3>\u00a0<\/h3><h3>Gy\u00f6k\u00e9rkezel\u00e9s menete<\/h3><p>A gy\u00f6k\u00e9rkezel\u00e9s legt\u00f6bbsz\u00f6r t\u00f6bb alkalmat ig\u00e9nyel. A menete r\u00f6viden:<\/p><ul><li>A p\u00e1ciens \u00e9rz\u00e9stelen\u00edt\u0151t kap, a fogorvos ezut\u00e1n a fogkorona fel\u0151l megnyitja a pulpakamr\u00e1t, amiben a fogb\u00e9l van.<\/li><li>A fogb\u00e9lt a fogorvos elt\u00e1vol\u00edtja a pulpakamr\u00e1b\u00f3l, illetve a gy\u00f6k\u00e9rcsatorn\u00e1kb\u00f3l. Mindegyik gy\u00f6k\u00e9rcsatorn\u00e1t k\u00fcl\u00f6n megtiszt\u00edtja \u00e9s fert\u0151tlen\u00edti.<\/li><li>Gy\u00f3gyszeres t\u00f6m\u00e9st tesz a pulpakamr\u00e1ba \u00e9s a gy\u00f6k\u00e9rcsatorn\u00e1kba a gyullad\u00e1s ellen.<\/li><li>A gy\u00f6k\u00e9rcsatorn\u00e1kat egy gumiszer\u0171 anyaggal kit\u00f6lti.<\/li><li>Ideiglenesen vagy v\u00e9glegesen lez\u00e1rja a pulpakamr\u00e1t. Ut\u00e1na pedig fel\u00e9p\u00edti a fogat p\u00e9ld\u00e1ul fogt\u00f6m\u00e9ssel vagy fogkoron\u00e1val.\u00a0<\/li><\/ul>\t\t\t\t\t\t\t\t<\/div>\n\t\t\t\t<\/div>\n\t\t\t\t<div class=\"elementor-element elementor-element-28b795db elementor-widget elementor-widget-spacer\" data-id=\"28b795db\" data-element_type=\"widget\" data-widget_type=\"spacer.default\">\n\t\t\t\t<div class=\"elementor-widget-container\">\n\t\t\t\t\t\t\t<div class=\"elementor-spacer\">\n\t\t\t<div class=\"elementor-spacer-inner\"><\/div>\n\t\t<\/div>\n\t\t\t\t\t\t<\/div>\n\t\t\t\t<\/div>\n\t\t\t\t<div class=\"elementor-element elementor-element-60ee57f0 elementor-widget elementor-widget-template\" data-id=\"60ee57f0\" data-element_type=\"widget\" data-widget_type=\"template.default\">\n\t\t\t\t<div class=\"elementor-widget-container\">\n\t\t\t\t\t \t\t\t\t<\/div>\n\t\t\t\t<\/div>\n\t\t\t\t\t<\/div>\n\t\t<\/div>\n\t\t\t\t\t<\/div>\n\t\t<\/section>\n\t\t\t\t<\/div>","protected":false},"excerpt":{"rendered":"<p>Fogmegtart\u00f3 kezel\u00e9sek A fogmegtart\u00f3 kezel\u00e9sek c\u00e9lja, hogy meg lehessen menteni a k\u00e1rosodott fogat. Akkor van sz\u00fcks\u00e9g ilyen kezel\u00e9sekre, amikor a fog m\u00e1r k\u00e1rosodott, de a fogelt\u00e1vol\u00edt\u00e1s m\u00e9g elker\u00fclhet\u0151. Jellemz\u0151en ide tartoznak a t\u00f6m\u00e9sek, inlay-ek, onlay-ek, fogkoron\u00e1k, illetve a gy\u00f6k\u00e9rkezel\u00e9s. Ha csak a fog k\u00fclseje s\u00e9r\u00fclt, a t\u00f6m\u00e9st\u0151l a fogkoron\u00e1ig terjednek a lehet\u0151s\u00e9gek. Ha a fog [&hellip;]<\/p>","protected":false},"author":1,"featured_media":0,"parent":294,"menu_order":0,"comment_status":"closed","ping_status":"closed","template":"","meta":{"ocean_post_layout":"","ocean_both_sidebars_style":"","ocean_both_sidebars_content_width":0,"ocean_both_sidebars_sidebars_width":0,"ocean_sidebar":"0","ocean_second_sidebar":"0","ocean_disable_margins":"enable","ocean_add_body_class":"","ocean_shortcode_before_top_bar":"","ocean_shortcode_after_top_bar":"","ocean_shortcode_before_header":"","ocean_shortcode_after_header":"","ocean_has_shortcode":"","ocean_shortcode_after_title":"","ocean_shortcode_before_footer_widgets":"","ocean_shortcode_after_footer_widgets":"","ocean_shortcode_before_footer_bottom":"","ocean_shortcode_after_footer_bottom":"","ocean_display_top_bar":"default","ocean_display_header":"default","ocean_header_style":"","ocean_center_header_left_menu":"0","ocean_custom_header_template":"0","ocean_custom_logo":0,"ocean_custom_retina_logo":0,"ocean_custom_logo_max_width":0,"ocean_custom_logo_tablet_max_width":0,"ocean_custom_logo_mobile_max_width":0,"ocean_custom_logo_max_height":0,"ocean_custom_logo_tablet_max_height":0,"ocean_custom_logo_mobile_max_height":0,"ocean_header_custom_menu":"0","ocean_menu_typo_font_family":"0","ocean_menu_typo_font_subset":"","ocean_menu_typo_font_size":0,"ocean_menu_typo_font_size_tablet":0,"ocean_menu_typo_font_size_mobile":0,"ocean_menu_typo_font_size_unit":"px","ocean_menu_typo_font_weight":"","ocean_menu_typo_font_weight_tablet":"","ocean_menu_typo_font_weight_mobile":"","ocean_menu_typo_transform":"","ocean_menu_typo_transform_tablet":"","ocean_menu_typo_transform_mobile":"","ocean_menu_typo_line_height":0,"ocean_menu_typo_line_height_tablet":0,"ocean_menu_typo_line_height_mobile":0,"ocean_menu_typo_line_height_unit":"","ocean_menu_typo_spacing":0,"ocean_menu_typo_spacing_tablet":0,"ocean_menu_typo_spacing_mobile":0,"ocean_menu_typo_spacing_unit":"","ocean_menu_link_color":"","ocean_menu_link_color_hover":"","ocean_menu_link_color_active":"","ocean_menu_link_background":"","ocean_menu_link_hover_background":"","ocean_menu_link_active_background":"","ocean_menu_social_links_bg":"","ocean_menu_social_hover_links_bg":"","ocean_menu_social_links_color":"","ocean_menu_social_hover_links_color":"","ocean_disable_title":"default","ocean_disable_heading":"default","ocean_post_title":"","ocean_post_subheading":"","ocean_post_title_style":"","ocean_post_title_background_color":"","ocean_post_title_background":0,"ocean_post_title_bg_image_position":"","ocean_post_title_bg_image_attachment":"","ocean_post_title_bg_image_repeat":"","ocean_post_title_bg_image_size":"","ocean_post_title_height":0,"ocean_post_title_bg_overlay":0.5,"ocean_post_title_bg_overlay_color":"","ocean_disable_breadcrumbs":"default","ocean_breadcrumbs_color":"","ocean_breadcrumbs_separator_color":"","ocean_breadcrumbs_links_color":"","ocean_breadcrumbs_links_hover_color":"","ocean_display_footer_widgets":"default","ocean_display_footer_bottom":"default","ocean_custom_footer_template":"0","footnotes":""},"class_list":["post-914","page","type-page","status-publish","hentry","entry"],"yoast_head":"<!-- This site is optimized with the Yoast SEO plugin v23.4 - https:\/\/yoast.com\/wordpress\/plugins\/seo\/ -->\n<title>Fogmegtart\u00f3 kezel\u00e9sek - Kavics Dental Fogorvosi Rendel\u0151<\/title>\n<meta name=\"description\" content=\"A fogmegtart\u00f3 kezel\u00e9s c\u00e9lja, hogy a k\u00e1rosodott fogat ne kelljen kih\u00fazni. Milyen megold\u00e1sok l\u00e9teznek? T\u00f6m\u00e9s, fogkorona, gy\u00f6k\u00e9rkezel\u00e9s, esetleg m\u00e1s?\" \/>\n<meta name=\"robots\" content=\"index, follow, max-snippet:-1, max-image-preview:large, max-video-preview:-1\" \/>\n<link rel=\"canonical\" href=\"https:\/\/kavicsdental.hu\/en\/kezelesek\/fogmegtarto-kezelesek\/\" \/>\n<meta property=\"og:locale\" content=\"en_GB\" \/>\n<meta property=\"og:type\" content=\"article\" \/>\n<meta property=\"og:title\" content=\"Fogmegtart\u00f3 kezel\u00e9sek - Kavics Dental Fogorvosi Rendel\u0151\" \/>\n<meta property=\"og:description\" content=\"A fogmegtart\u00f3 kezel\u00e9s c\u00e9lja, hogy a k\u00e1rosodott fogat ne kelljen kih\u00fazni. Milyen megold\u00e1sok l\u00e9teznek? T\u00f6m\u00e9s, fogkorona, gy\u00f6k\u00e9rkezel\u00e9s, esetleg m\u00e1s?\" \/>\n<meta property=\"og:url\" content=\"https:\/\/kavicsdental.hu\/en\/kezelesek\/fogmegtarto-kezelesek\/\" \/>\n<meta property=\"og:site_name\" content=\"Kavics Dental Fogorvosi Rendel\u0151\" \/>\n<meta property=\"article:publisher\" content=\"https:\/\/www.facebook.com\/kavics.dental\/\" \/>\n<meta property=\"article:modified_time\" content=\"2020-04-27T00:06:46+00:00\" \/>\n<meta name=\"twitter:card\" content=\"summary_large_image\" \/>\n<meta name=\"twitter:label1\" content=\"Estimated reading time\" \/>\n\t<meta name=\"twitter:data1\" content=\"4 minutes\" \/>\n<script type=\"application\/ld+json\" class=\"yoast-schema-graph\">{\"@context\":\"https:\/\/schema.org\",\"@graph\":[{\"@type\":\"WebPage\",\"@id\":\"https:\/\/kavicsdental.hu\/kezelesek\/fogmegtarto-kezelesek\/\",\"url\":\"https:\/\/kavicsdental.hu\/kezelesek\/fogmegtarto-kezelesek\/\",\"name\":\"Fogmegtart\u00f3 kezel\u00e9sek - Kavics Dental Fogorvosi Rendel\u0151\",\"isPartOf\":{\"@id\":\"https:\/\/kavicsdental.hu\/#website\"},\"datePublished\":\"2020-04-12T20:27:54+00:00\",\"dateModified\":\"2020-04-27T00:06:46+00:00\",\"description\":\"A fogmegtart\u00f3 kezel\u00e9s c\u00e9lja, hogy a k\u00e1rosodott fogat ne kelljen kih\u00fazni. Milyen megold\u00e1sok l\u00e9teznek? T\u00f6m\u00e9s, fogkorona, gy\u00f6k\u00e9rkezel\u00e9s, esetleg m\u00e1s?\",\"breadcrumb\":{\"@id\":\"https:\/\/kavicsdental.hu\/kezelesek\/fogmegtarto-kezelesek\/#breadcrumb\"},\"inLanguage\":\"en-GB\",\"potentialAction\":[{\"@type\":\"ReadAction\",\"target\":[\"https:\/\/kavicsdental.hu\/kezelesek\/fogmegtarto-kezelesek\/\"]}]},{\"@type\":\"BreadcrumbList\",\"@id\":\"https:\/\/kavicsdental.hu\/kezelesek\/fogmegtarto-kezelesek\/#breadcrumb\",\"itemListElement\":[{\"@type\":\"ListItem\",\"position\":1,\"name\":\"Home\",\"item\":\"https:\/\/kavicsdental.hu\/\"},{\"@type\":\"ListItem\",\"position\":2,\"name\":\"Kezel\u00e9sek\",\"item\":\"https:\/\/kavicsdental.hu\/kezelesek\/\"},{\"@type\":\"ListItem\",\"position\":3,\"name\":\"Fogmegtart\u00f3 kezel\u00e9sek\"}]},{\"@type\":\"WebSite\",\"@id\":\"https:\/\/kavicsdental.hu\/#website\",\"url\":\"https:\/\/kavicsdental.hu\/\",\"name\":\"Kavics Dental\",\"description\":\"\",\"publisher\":{\"@id\":\"https:\/\/kavicsdental.hu\/#organization\"},\"potentialAction\":[{\"@type\":\"SearchAction\",\"target\":{\"@type\":\"EntryPoint\",\"urlTemplate\":\"https:\/\/kavicsdental.hu\/?s={search_term_string}\"},\"query-input\":{\"@type\":\"PropertyValueSpecification\",\"valueRequired\":true,\"valueName\":\"search_term_string\"}}],\"inLanguage\":\"en-GB\"},{\"@type\":\"Organization\",\"@id\":\"https:\/\/kavicsdental.hu\/#organization\",\"name\":\"Kavics Dental\",\"url\":\"https:\/\/kavicsdental.hu\/\",\"logo\":{\"@type\":\"ImageObject\",\"inLanguage\":\"en-GB\",\"@id\":\"https:\/\/kavicsdental.hu\/#\/schema\/logo\/image\/\",\"url\":\"https:\/\/kavicsdental.hu\/wp-content\/uploads\/2020\/04\/kavicsdental_vegleges_logo-2-e1586283925602.jpeg\",\"contentUrl\":\"https:\/\/kavicsdental.hu\/wp-content\/uploads\/2020\/04\/kavicsdental_vegleges_logo-2-e1586283925602.jpeg\",\"width\":618,\"height\":591,\"caption\":\"Kavics Dental\"},\"image\":{\"@id\":\"https:\/\/kavicsdental.hu\/#\/schema\/logo\/image\/\"},\"sameAs\":[\"https:\/\/www.facebook.com\/kavics.dental\/\"]}]}<\/script>\n<!-- \/ Yoast SEO plugin. -->","yoast_head_json":{"title":"Fogmegtart\u00f3 kezel\u00e9sek - Kavics Dental Fogorvosi Rendel\u0151","description":"A fogmegtart\u00f3 kezel\u00e9s c\u00e9lja, hogy a k\u00e1rosodott fogat ne kelljen kih\u00fazni. Milyen megold\u00e1sok l\u00e9teznek? T\u00f6m\u00e9s, fogkorona, gy\u00f6k\u00e9rkezel\u00e9s, esetleg m\u00e1s?","robots":{"index":"index","follow":"follow","max-snippet":"max-snippet:-1","max-image-preview":"max-image-preview:large","max-video-preview":"max-video-preview:-1"},"canonical":"https:\/\/kavicsdental.hu\/en\/kezelesek\/fogmegtarto-kezelesek\/","og_locale":"en_GB","og_type":"article","og_title":"Fogmegtart\u00f3 kezel\u00e9sek - Kavics Dental Fogorvosi Rendel\u0151","og_description":"A fogmegtart\u00f3 kezel\u00e9s c\u00e9lja, hogy a k\u00e1rosodott fogat ne kelljen kih\u00fazni. Milyen megold\u00e1sok l\u00e9teznek? T\u00f6m\u00e9s, fogkorona, gy\u00f6k\u00e9rkezel\u00e9s, esetleg m\u00e1s?","og_url":"https:\/\/kavicsdental.hu\/en\/kezelesek\/fogmegtarto-kezelesek\/","og_site_name":"Kavics Dental Fogorvosi Rendel\u0151","article_publisher":"https:\/\/www.facebook.com\/kavics.dental\/","article_modified_time":"2020-04-27T00:06:46+00:00","twitter_card":"summary_large_image","twitter_misc":{"Estimated reading time":"4 minutes"},"schema":{"@context":"https:\/\/schema.org","@graph":[{"@type":"WebPage","@id":"https:\/\/kavicsdental.hu\/kezelesek\/fogmegtarto-kezelesek\/","url":"https:\/\/kavicsdental.hu\/kezelesek\/fogmegtarto-kezelesek\/","name":"Fogmegtart\u00f3 kezel\u00e9sek - Kavics Dental Fogorvosi Rendel\u0151","isPartOf":{"@id":"https:\/\/kavicsdental.hu\/#website"},"datePublished":"2020-04-12T20:27:54+00:00","dateModified":"2020-04-27T00:06:46+00:00","description":"A fogmegtart\u00f3 kezel\u00e9s c\u00e9lja, hogy a k\u00e1rosodott fogat ne kelljen kih\u00fazni. Milyen megold\u00e1sok l\u00e9teznek? T\u00f6m\u00e9s, fogkorona, gy\u00f6k\u00e9rkezel\u00e9s, esetleg m\u00e1s?","breadcrumb":{"@id":"https:\/\/kavicsdental.hu\/kezelesek\/fogmegtarto-kezelesek\/#breadcrumb"},"inLanguage":"en-GB","potentialAction":[{"@type":"ReadAction","target":["https:\/\/kavicsdental.hu\/kezelesek\/fogmegtarto-kezelesek\/"]}]},{"@type":"BreadcrumbList","@id":"https:\/\/kavicsdental.hu\/kezelesek\/fogmegtarto-kezelesek\/#breadcrumb","itemListElement":[{"@type":"ListItem","position":1,"name":"Home","item":"https:\/\/kavicsdental.hu\/"},{"@type":"ListItem","position":2,"name":"Kezel\u00e9sek","item":"https:\/\/kavicsdental.hu\/kezelesek\/"},{"@type":"ListItem","position":3,"name":"Fogmegtart\u00f3 kezel\u00e9sek"}]},{"@type":"WebSite","@id":"https:\/\/kavicsdental.hu\/#website","url":"https:\/\/kavicsdental.hu\/","name":"Kavics Dental","description":"","publisher":{"@id":"https:\/\/kavicsdental.hu\/#organization"},"potentialAction":[{"@type":"SearchAction","target":{"@type":"EntryPoint","urlTemplate":"https:\/\/kavicsdental.hu\/?s={search_term_string}"},"query-input":{"@type":"PropertyValueSpecification","valueRequired":true,"valueName":"search_term_string"}}],"inLanguage":"en-GB"},{"@type":"Organization","@id":"https:\/\/kavicsdental.hu\/#organization","name":"Kavics Dental","url":"https:\/\/kavicsdental.hu\/","logo":{"@type":"ImageObject","inLanguage":"en-GB","@id":"https:\/\/kavicsdental.hu\/#\/schema\/logo\/image\/","url":"https:\/\/kavicsdental.hu\/wp-content\/uploads\/2020\/04\/kavicsdental_vegleges_logo-2-e1586283925602.jpeg","contentUrl":"https:\/\/kavicsdental.hu\/wp-content\/uploads\/2020\/04\/kavicsdental_vegleges_logo-2-e1586283925602.jpeg","width":618,"height":591,"caption":"Kavics Dental"},"image":{"@id":"https:\/\/kavicsdental.hu\/#\/schema\/logo\/image\/"},"sameAs":["https:\/\/www.facebook.com\/kavics.dental\/"]}]}},"_links":{"self":[{"href":"https:\/\/kavicsdental.hu\/en\/wp-json\/wp\/v2\/pages\/914","targetHints":{"allow":["GET"]}}],"collection":[{"href":"https:\/\/kavicsdental.hu\/en\/wp-json\/wp\/v2\/pages"}],"about":[{"href":"https:\/\/kavicsdental.hu\/en\/wp-json\/wp\/v2\/types\/page"}],"author":[{"embeddable":true,"href":"https:\/\/kavicsdental.hu\/en\/wp-json\/wp\/v2\/users\/1"}],"replies":[{"embeddable":true,"href":"https:\/\/kavicsdental.hu\/en\/wp-json\/wp\/v2\/comments?post=914"}],"version-history":[{"count":3,"href":"https:\/\/kavicsdental.hu\/en\/wp-json\/wp\/v2\/pages\/914\/revisions"}],"predecessor-version":[{"id":1184,"href":"https:\/\/kavicsdental.hu\/en\/wp-json\/wp\/v2\/pages\/914\/revisions\/1184"}],"up":[{"embeddable":true,"href":"https:\/\/kavicsdental.hu\/en\/wp-json\/wp\/v2\/pages\/294"}],"wp:attachment":[{"href":"https:\/\/kavicsdental.hu\/en\/wp-json\/wp\/v2\/media?parent=914"}],"curies":[{"name":"wp","href":"https:\/\/api.w.org\/{rel}","templated":true}]}}