{"id":916,"date":"2020-04-12T20:28:19","date_gmt":"2020-04-12T20:28:19","guid":{"rendered":"https:\/\/znp.dei.mybluehost.me\/?page_id=916"},"modified":"2020-04-24T23:15:48","modified_gmt":"2020-04-24T23:15:48","slug":"megelozo-fogaszat","status":"publish","type":"page","link":"https:\/\/kavicsdental.hu\/en\/kezelesek\/megelozo-fogaszat\/","title":{"rendered":"Preventive dentistry"},"content":{"rendered":"<div data-elementor-type=\"wp-page\" data-elementor-id=\"916\" class=\"elementor elementor-916\">\n\t\t\t\t\t\t<section class=\"elementor-section elementor-top-section elementor-element elementor-element-560e5e59 elementor-section-boxed elementor-section-height-default elementor-section-height-default\" data-id=\"560e5e59\" data-element_type=\"section\" data-e-type=\"section\">\n\t\t\t\t\t\t<div class=\"elementor-container elementor-column-gap-default\">\n\t\t\t\t\t<div class=\"elementor-column elementor-col-100 elementor-top-column elementor-element elementor-element-1b99f136\" data-id=\"1b99f136\" data-element_type=\"column\" data-e-type=\"column\">\n\t\t\t<div class=\"elementor-widget-wrap elementor-element-populated\">\n\t\t\t\t\t\t<div class=\"elementor-element elementor-element-19c47fd3 elementor-widget elementor-widget-heading\" data-id=\"19c47fd3\" data-element_type=\"widget\" data-e-type=\"widget\" data-widget_type=\"heading.default\">\n\t\t\t\t<div class=\"elementor-widget-container\">\n\t\t\t\t\t<h1 class=\"elementor-heading-title elementor-size-default\">Preventive dentistry<\/h1>\t\t\t\t<\/div>\n\t\t\t\t<\/div>\n\t\t\t\t<div class=\"elementor-element elementor-element-e25374c elementor-widget elementor-widget-spacer\" data-id=\"e25374c\" data-element_type=\"widget\" data-e-type=\"widget\" data-widget_type=\"spacer.default\">\n\t\t\t\t<div class=\"elementor-widget-container\">\n\t\t\t\t\t\t\t<div class=\"elementor-spacer\">\n\t\t\t<div class=\"elementor-spacer-inner\"><\/div>\n\t\t<\/div>\n\t\t\t\t\t\t<\/div>\n\t\t\t\t<\/div>\n\t\t\t\t<div class=\"elementor-element elementor-element-75494244 elementor-widget elementor-widget-text-editor\" data-id=\"75494244\" data-element_type=\"widget\" data-e-type=\"widget\" data-widget_type=\"text-editor.default\">\n\t\t\t\t<div class=\"elementor-widget-container\">\n\t\t\t\t\t\t\t\t\t<p>A megel\u0151z\u0151 fog\u00e1szat (vagy m\u00e1s sz\u00f3val: prevent\u00edv fog\u00e1szat) c\u00e9lja, hogy a fogak hosszabb ideig legyenek panaszmentesek, \u00e9s kevesebb fog\u00e1szati ell\u00e1t\u00e1st kelljen a p\u00e1ciensnek ig\u00e9nybe venni. A fogelveszt\u00e9sek k\u00e9t f\u0151 oka a fogszuvasod\u00e1s \u00e9s a fog\u00ednybetegs\u00e9g. Min\u00e9l hat\u00e9konyabban v\u00e9dekez\u00fcnk e k\u00e9t probl\u00e9ma ellen, ann\u00e1l nagyobb val\u00f3sz\u00edn\u0171s\u00e9ggel tudjuk megtartani a fogainkat.<\/p><h2>Mib\u0151l \u00e1ll a megel\u0151z\u0151 fog\u00e1szat?<\/h2><p>Alapvet\u0151en k\u00e9t ter\u00fcleten lehet tenni az\u00e9rt, hogy a fogaink eg\u00e9szs\u00e9ge megfelel\u0151 legyen. Egyr\u00e9szt olyan \u00e9letvitelt \u00e9rdemes kialak\u00edtani, ami seg\u00edt elker\u00fclni a fogszuvasod\u00e1st \u00e9s a fog\u00ednybetegs\u00e9get. Ez\u00e9rt a p\u00e1ciens maga tud tenni, persze a fogorvos ir\u00e1ny\u00edt\u00e1sa mellett.<\/p><p>M\u00e1sr\u00e9szt a kezdeti probl\u00e9m\u00e1kat fel kell tudni id\u0151ben fedezni, \u00e9s tudni kell azokat kezelni. Ez a f\u00e1zis a fogorvosi rendel\u0151ben t\u00f6rt\u00e9nik. A korai felismer\u00e9sben j\u00e1tszik szerepet a fog\u00e1szati r\u00f6ntgen. V\u00e9g\u00fcl pedig a felismert, korai probl\u00e9m\u00e1t kezelni kell, hogy ne alakuljon ki nagyobb baj. Ebben j\u00e1tszik szerepet p\u00e9ld\u00e1ul a fogk\u0151elt\u00e1vol\u00edt\u00e1s vagy egy\u00e9b megel\u0151z\u0151 kezel\u00e9sek.<\/p><p>Vegy\u00fck sorra, hogy az egyes ter\u00fcletekre mi jellemz\u0151:<\/p><h3>\u00c9letvitel<\/h3><p>\u00c9letviteln\u00e9l besz\u00e9lni kell arr\u00f3l, hogy:<\/p><ul><li>milyen \u00e9teleket \u00e9s italokat fogyasztunk,<\/li><li>milyen egy\u00e9b szok\u00e1saink vannak, amik k\u00e1rosak lehetnek (pl. doh\u00e1nyz\u00e1s),<\/li><li>fog\u00e1pol\u00e1si szok\u00e1saink milyenek.<\/li><\/ul><p>\u00c9rdemes ker\u00fclni a cukros, savas \u00e9telek \u00e9s italok gyakori, nagy mennyis\u00e9g\u0171 fogyaszt\u00e1s\u00e1t. Hasznos lehet, ha p\u00e9ld\u00e1ul csak \u00e9tkez\u00e9sekn\u00e9l fogyasztunk ilyeneket. Savas italokn\u00e1l \u00e9rdemes sz\u00edv\u00f3sz\u00e1lat haszn\u00e1lni, mert akkor a sav kev\u00e9sb\u00e9 \u00e9ri a fogakat. A doh\u00e1nyz\u00e1s elsz\u00ednezheti a fogakat, fogelveszt\u00e9shez vezethet, \u00e9s a fog\u00ednybetegs\u00e9get is rosszabb\u00e1 teheti. Doh\u00e1nyosoknak mindenk\u00e9ppen aj\u00e1nlott a szok\u00e1sosn\u00e1l gyakrabban felkeresni a fogorvosukat. A nagym\u00e9rt\u00e9k\u0171 alkoholfogyaszt\u00e1s is okozhat fog\u00e1szati probl\u00e9m\u00e1kat. Sok alkoholos ital tartalmaz nagy mennyis\u00e9gben cukrot vagy savat.<\/p><p>Fontos a helyes sz\u00e1j\u00e1pol\u00e1s. Mosson fogat k\u00f6zvetlen\u00fcl lefekv\u00e9s el\u0151tt, \u00e9s m\u00e9g egyszer napk\u00f6zben valamikor. Haszn\u00e1ljon megfelel\u0151 fogkef\u00e9t (pl. kisfej\u0171, puha s\u00f6rt\u00e9j\u0171t), helyes technik\u00e1val mosson fogat, haszn\u00e1ljon fluoridos fogkr\u00e9met. Sz\u00e1jvizet is \u00e9rdemes haszn\u00e1lni, illetve fogk\u00f6ztiszt\u00edt\u00f3 kef\u00e9t, fogselymet is. A sz\u00e1jv\u00edz antibakteri\u00e1lis \u00f6sszetev\u0151i seg\u00edthetek megel\u0151zni a fog\u00ednybetegs\u00e9get, a fluorid pedig seg\u00edt megel\u0151zni a fogszuvasod\u00e1st. A fogk\u00f6ztiszt\u00edt\u00f3 kefe, fogselyem pedig abban seg\u00edtenek, hogy a fogfelsz\u00edn nagyobb r\u00e9sz\u00e9t tudjuk megtiszt\u00edtani. Elektromos fogkef\u00e9t is \u00e9rdemes lehet haszn\u00e1lni.<\/p><p>Ez a r\u00f6vid felsorol\u00e1s arr\u00f3l sz\u00f3lt, hogy mit tehet \u00d6n a fogai\u00e9rt. N\u00e9zz\u00fck, hogyan lehet megel\u0151zni a nagyobb bajt a korai felismer\u00e9ssel \u00e9s kezel\u00e9ssel a rendel\u0151ben.<\/p><h3>Megel\u0151z\u00e9s a rendel\u0151ben<\/h3><p>A megel\u0151z\u00e9s alapja a rendszeres fogorvosi vizsg\u00e1lat. \u00c1ltal\u00e1ban f\u00e9l\u00e9vente minimum egyszer \u00e9rdemes elmenni egy fog\u00e1szati ellen\u0151rz\u00e9sre, kiv\u00e9ve ha az \u00d6n fogazata enn\u00e9l gyakrabban k\u00edv\u00e1n ellen\u0151rz\u00e9st. A vizsg\u00e1lat c\u00e9lja, hogy az esetleges probl\u00e9m\u00e1kat kor\u00e1n fel lehessen ismerni, \u00e9s id\u0151ben meg lehessen tenni a sz\u00fcks\u00e9ges l\u00e9p\u00e9seket. A probl\u00e9m\u00e1k egy r\u00e9sze sz\u00e1j\u00fcregi vizsg\u00e1lattal felismerhet\u0151, m\u00edg egy m\u00e1sik r\u00e9sz\u00fck csak fogr\u00f6ntgen seg\u00edts\u00e9g\u00e9vel.<\/p><h4>Fog\u00e1szati r\u00f6ntgen<\/h4><p>Az\u00e9rt van sz\u00fcks\u00e9g fog\u00e1szati r\u00f6ntgenre, mert bizonyos elv\u00e1ltoz\u00e1soknak (pl. kezdeti fogszuvasod\u00e1s) nem felt\u00e9tlen\u00fcl vannak jelei. A fog lehet, hogy eg\u00e9szs\u00e9gesnek n\u00e9z ki, de egy r\u00e9sze szuvas, gyullad\u00e1s alakult ki a gy\u00f6k\u00e9r k\u00f6r\u00fcl, vagy elkezdett fogyni a csont a fog k\u00f6r\u00fcl. Gyermekekn\u00e9l lehet l\u00e1tni a r\u00f6ntgenen, hogy a marad\u00f3fogak hol vannak, \u00e9s nagyj\u00e1b\u00f3l mikor fognak el\u0151t\u00f6rni. Feln\u0151ttekn\u00e9l a b\u00f6lcsess\u00e9gfogak helyzete miatt \u00e9rdemes sokszor r\u00f6ntgent k\u00e9sz\u00edteni.<\/p><p>A sz\u00e1j\u00fcregi vizsg\u00e1lattal \u00e9s a r\u00f6ntgennel \u00e1tfog\u00f3bb k\u00e9pet kap a fogorvos az \u00d6n \u00e1llapot\u00e1r\u00f3l, mint ha csak az egyikre kellene hagyatkoznia. Megfelel\u0151 \u00e9letvitel mellett is sz\u00fcks\u00e9ges lehet bizonyos megel\u0151z\u0151 fog\u00e1szati kezel\u00e9sek elv\u00e9gz\u00e9se. Ezek k\u00f6vetkeznek most.<\/p><h4>Megel\u0151z\u0151 fog\u00e1szati kezel\u00e9sek<\/h4><p>A megel\u0151z\u0151 fog\u00e1szati kezel\u00e9sek lehetnek rendszeresek vagy egyszeriek. A sz\u00e1jhigi\u00e9ni\u00e1s tan\u00e1csad\u00e1s \u00e9s a fogk\u0151elt\u00e1vol\u00edt\u00e1s p\u00e9ld\u00e1ul szinte minden fog\u00e1szati ellen\u0151rz\u00e9st jellemzik. C\u00e9ljuk, hogy a fogazat eg\u00e9sze eg\u00e9szs\u00e9ges maradjon. Ha a kialakul\u00f3 probl\u00e9ma egy fogat \u00e9rint, sz\u00fcks\u00e9ges lehet egy egyszeri kezel\u00e9s, ami megel\u0151zi a fog tov\u00e1bbi k\u00e1rosod\u00e1s\u00e1t.<\/p><h5>Fogk\u0151elt\u00e1vol\u00edt\u00e1s<\/h5><p>Megfelel\u0151 \u00e9letvitel mellett is k\u00e9pz\u0151dik fogk\u0151, amit a fogorvos vagy a dent\u00e1lhigi\u00e9nikus elt\u00e1vol\u00edt. Az\u00e9rt van erre sz\u00fcks\u00e9g, mert a fogk\u0151k\u00e9pz\u0151d\u00e9s id\u0151vel fog\u00ednybetegs\u00e9ghez, fog\u00e1gybetegs\u00e9ghez, majd fogelveszt\u00e9shez vezet.<\/p><h5>Dental sealants<\/h5><p>A fogak r\u00e1g\u00f3felsz\u00edn\u00e9t v\u00e9deni lehet \u00fagy, ha egy anyaggal bevonjuk azt. Ez az anyag sim\u00e1bb\u00e1 teszi a fog felsz\u00edn\u00e9t, \u00e9s seg\u00edt megakad\u00e1lyozni a fogszuvasod\u00e1s kialakul\u00e1s\u00e1t a nehezen tiszt\u00edthat\u00f3 fogfelsz\u00edneken. K\u00e9rje a fogorvosa tan\u00e1cs\u00e1t, hogy \u00d6nn\u00e9l javasolt-e ilyen kezel\u00e9s.<\/p><h5>Egy\u00e9b fog\u00e1szati kezel\u00e9sek<\/h5><p>Minden olyan fog\u00e1szati kezel\u00e9s ide tartozik, amivel egy k\u00e9s\u0151bbi nagyobb bajt lehet megel\u0151zni. A p\u00e1ciens ezzel p\u00e9nzt \u00e9s id\u0151t takar\u00edt meg. P\u00e9ld\u00e1ul egy rosszul elk\u00e9sz\u00edtett t\u00f6m\u00e9s miatt a p\u00e1ciens nem tudja j\u00f3l tiszt\u00edtani a fog\u00e1t. A rossz t\u00f6m\u00e9st \u00e9rdemes korrig\u00e1lni, hogy ne alakuljon ki szuvass\u00e1g a nehezen tiszt\u00edthat\u00f3 r\u00e9szen. A szuvass\u00e1g okozta probl\u00e9m\u00e1t ugyanis k\u00e9s\u0151bb csak nagyobb beavatkoz\u00e1ssal lehet orvosolni.<\/p><p>A j\u00f3 fogorvos meg tudja \u00edt\u00e9lni, hogy mi az a pont, amikor \u00e9rdemes egy kezel\u00e9st elkezdeni. Nem j\u00f3 se t\u00fal k\u00e9s\u0151n, se t\u00fal kor\u00e1n l\u00e9pni. Az els\u0151 esetben a megel\u0151z\u00e9s esetleg nem lesz sikeres. A m\u00e1sodik esetben meg olyan kezel\u00e9st v\u00e9geztek el, amire nem felt\u00e9tlen\u00fcl lett volna sz\u00fcks\u00e9g.<\/p>\t\t\t\t\t\t\t\t<\/div>\n\t\t\t\t<\/div>\n\t\t\t\t<div class=\"elementor-element elementor-element-3710989d elementor-widget elementor-widget-spacer\" data-id=\"3710989d\" data-element_type=\"widget\" data-e-type=\"widget\" data-widget_type=\"spacer.default\">\n\t\t\t\t<div class=\"elementor-widget-container\">\n\t\t\t\t\t\t\t<div class=\"elementor-spacer\">\n\t\t\t<div class=\"elementor-spacer-inner\"><\/div>\n\t\t<\/div>\n\t\t\t\t\t\t<\/div>\n\t\t\t\t<\/div>\n\t\t\t\t<div class=\"elementor-element elementor-element-1c20124e elementor-widget elementor-widget-template\" data-id=\"1c20124e\" data-element_type=\"widget\" data-e-type=\"widget\" data-widget_type=\"template.default\">\n\t\t\t\t<div class=\"elementor-widget-container\">\n\t\t\t\t\t \t\t\t\t<\/div>\n\t\t\t\t<\/div>\n\t\t\t\t\t<\/div>\n\t\t<\/div>\n\t\t\t\t\t<\/div>\n\t\t<\/section>\n\t\t\t\t<\/div>","protected":false},"excerpt":{"rendered":"<p>Megel\u0151z\u0151 fog\u00e1szat A megel\u0151z\u0151 fog\u00e1szat (vagy m\u00e1s sz\u00f3val: prevent\u00edv fog\u00e1szat) c\u00e9lja, hogy a fogak hosszabb ideig legyenek panaszmentesek, \u00e9s kevesebb fog\u00e1szati ell\u00e1t\u00e1st kelljen a p\u00e1ciensnek ig\u00e9nybe venni. A fogelveszt\u00e9sek k\u00e9t f\u0151 oka a fogszuvasod\u00e1s \u00e9s a fog\u00ednybetegs\u00e9g. Min\u00e9l hat\u00e9konyabban v\u00e9dekez\u00fcnk e k\u00e9t probl\u00e9ma ellen, ann\u00e1l nagyobb val\u00f3sz\u00edn\u0171s\u00e9ggel tudjuk megtartani a fogainkat. Mib\u0151l \u00e1ll a megel\u0151z\u0151 [&hellip;]<\/p>","protected":false},"author":1,"featured_media":0,"parent":294,"menu_order":0,"comment_status":"closed","ping_status":"closed","template":"","meta":{"ocean_post_layout":"","ocean_both_sidebars_style":"","ocean_both_sidebars_content_width":0,"ocean_both_sidebars_sidebars_width":0,"ocean_sidebar":"0","ocean_second_sidebar":"0","ocean_disable_margins":"enable","ocean_add_body_class":"","ocean_shortcode_before_top_bar":"","ocean_shortcode_after_top_bar":"","ocean_shortcode_before_header":"","ocean_shortcode_after_header":"","ocean_has_shortcode":"","ocean_shortcode_after_title":"","ocean_shortcode_before_footer_widgets":"","ocean_shortcode_after_footer_widgets":"","ocean_shortcode_before_footer_bottom":"","ocean_shortcode_after_footer_bottom":"","ocean_display_top_bar":"default","ocean_display_header":"default","ocean_header_style":"","ocean_center_header_left_menu":"0","ocean_custom_header_template":"0","ocean_custom_logo":0,"ocean_custom_retina_logo":0,"ocean_custom_logo_max_width":0,"ocean_custom_logo_tablet_max_width":0,"ocean_custom_logo_mobile_max_width":0,"ocean_custom_logo_max_height":0,"ocean_custom_logo_tablet_max_height":0,"ocean_custom_logo_mobile_max_height":0,"ocean_header_custom_menu":"0","ocean_menu_typo_font_family":"0","ocean_menu_typo_font_subset":"","ocean_menu_typo_font_size":0,"ocean_menu_typo_font_size_tablet":0,"ocean_menu_typo_font_size_mobile":0,"ocean_menu_typo_font_size_unit":"px","ocean_menu_typo_font_weight":"","ocean_menu_typo_font_weight_tablet":"","ocean_menu_typo_font_weight_mobile":"","ocean_menu_typo_transform":"","ocean_menu_typo_transform_tablet":"","ocean_menu_typo_transform_mobile":"","ocean_menu_typo_line_height":0,"ocean_menu_typo_line_height_tablet":0,"ocean_menu_typo_line_height_mobile":0,"ocean_menu_typo_line_height_unit":"","ocean_menu_typo_spacing":0,"ocean_menu_typo_spacing_tablet":0,"ocean_menu_typo_spacing_mobile":0,"ocean_menu_typo_spacing_unit":"","ocean_menu_link_color":"","ocean_menu_link_color_hover":"","ocean_menu_link_color_active":"","ocean_menu_link_background":"","ocean_menu_link_hover_background":"","ocean_menu_link_active_background":"","ocean_menu_social_links_bg":"","ocean_menu_social_hover_links_bg":"","ocean_menu_social_links_color":"","ocean_menu_social_hover_links_color":"","ocean_disable_title":"default","ocean_disable_heading":"default","ocean_post_title":"","ocean_post_subheading":"","ocean_post_title_style":"","ocean_post_title_background_color":"","ocean_post_title_background":0,"ocean_post_title_bg_image_position":"","ocean_post_title_bg_image_attachment":"","ocean_post_title_bg_image_repeat":"","ocean_post_title_bg_image_size":"","ocean_post_title_height":0,"ocean_post_title_bg_overlay":0.5,"ocean_post_title_bg_overlay_color":"","ocean_disable_breadcrumbs":"default","ocean_breadcrumbs_color":"","ocean_breadcrumbs_separator_color":"","ocean_breadcrumbs_links_color":"","ocean_breadcrumbs_links_hover_color":"","ocean_display_footer_widgets":"default","ocean_display_footer_bottom":"default","ocean_custom_footer_template":"0","footnotes":""},"class_list":["post-916","page","type-page","status-publish","hentry","entry"],"yoast_head":"<!-- This site is optimized with the Yoast SEO plugin v27.4 - https:\/\/yoast.com\/product\/yoast-seo-wordpress\/ -->\n<title>Megel\u0151z\u0151 fog\u00e1szat - Kavics Dental Fogorvosi Rendel\u0151<\/title>\n<meta name=\"description\" content=\"A megel\u0151z\u0151 fog\u00e1szat l\u00e9nyege, hogy kevesebb fog\u00e1szati kezel\u00e9sre legyen sz\u00fcks\u00e9g hossz\u00fat\u00e1von. Mire kell figyelni az \u00e9trendben? Mire j\u00f3 a rendszeres ellen\u0151rz\u00e9s?\" \/>\n<meta name=\"robots\" content=\"index, follow, max-snippet:-1, max-image-preview:large, max-video-preview:-1\" \/>\n<link rel=\"canonical\" href=\"https:\/\/kavicsdental.hu\/en\/kezelesek\/megelozo-fogaszat\/\" \/>\n<meta property=\"og:locale\" content=\"en_GB\" \/>\n<meta property=\"og:type\" content=\"article\" \/>\n<meta property=\"og:title\" content=\"Megel\u0151z\u0151 fog\u00e1szat - Kavics Dental Fogorvosi Rendel\u0151\" \/>\n<meta property=\"og:description\" content=\"A megel\u0151z\u0151 fog\u00e1szat l\u00e9nyege, hogy kevesebb fog\u00e1szati kezel\u00e9sre legyen sz\u00fcks\u00e9g hossz\u00fat\u00e1von. Mire kell figyelni az \u00e9trendben? Mire j\u00f3 a rendszeres ellen\u0151rz\u00e9s?\" \/>\n<meta property=\"og:url\" content=\"https:\/\/kavicsdental.hu\/en\/kezelesek\/megelozo-fogaszat\/\" \/>\n<meta property=\"og:site_name\" content=\"Kavics Dental Fogorvosi Rendel\u0151\" \/>\n<meta property=\"article:publisher\" content=\"https:\/\/www.facebook.com\/kavics.dental\/\" \/>\n<meta property=\"article:modified_time\" content=\"2020-04-24T23:15:48+00:00\" \/>\n<meta name=\"twitter:card\" content=\"summary_large_image\" \/>\n<meta name=\"twitter:label1\" content=\"Estimated reading time\" \/>\n\t<meta name=\"twitter:data1\" content=\"6 minutes\" \/>\n<script type=\"application\/ld+json\" class=\"yoast-schema-graph\">{\"@context\":\"https:\\\/\\\/schema.org\",\"@graph\":[{\"@type\":\"WebPage\",\"@id\":\"https:\\\/\\\/kavicsdental.hu\\\/kezelesek\\\/megelozo-fogaszat\\\/\",\"url\":\"https:\\\/\\\/kavicsdental.hu\\\/kezelesek\\\/megelozo-fogaszat\\\/\",\"name\":\"Megel\u0151z\u0151 fog\u00e1szat - Kavics Dental Fogorvosi Rendel\u0151\",\"isPartOf\":{\"@id\":\"https:\\\/\\\/kavicsdental.hu\\\/#website\"},\"datePublished\":\"2020-04-12T20:28:19+00:00\",\"dateModified\":\"2020-04-24T23:15:48+00:00\",\"description\":\"A megel\u0151z\u0151 fog\u00e1szat l\u00e9nyege, hogy kevesebb fog\u00e1szati kezel\u00e9sre legyen sz\u00fcks\u00e9g hossz\u00fat\u00e1von. Mire kell figyelni az \u00e9trendben? Mire j\u00f3 a rendszeres ellen\u0151rz\u00e9s?\",\"breadcrumb\":{\"@id\":\"https:\\\/\\\/kavicsdental.hu\\\/kezelesek\\\/megelozo-fogaszat\\\/#breadcrumb\"},\"inLanguage\":\"en-GB\",\"potentialAction\":[{\"@type\":\"ReadAction\",\"target\":[\"https:\\\/\\\/kavicsdental.hu\\\/kezelesek\\\/megelozo-fogaszat\\\/\"]}]},{\"@type\":\"BreadcrumbList\",\"@id\":\"https:\\\/\\\/kavicsdental.hu\\\/kezelesek\\\/megelozo-fogaszat\\\/#breadcrumb\",\"itemListElement\":[{\"@type\":\"ListItem\",\"position\":1,\"name\":\"Home\",\"item\":\"https:\\\/\\\/kavicsdental.hu\\\/\"},{\"@type\":\"ListItem\",\"position\":2,\"name\":\"Kezel\u00e9sek\",\"item\":\"https:\\\/\\\/kavicsdental.hu\\\/kezelesek\\\/\"},{\"@type\":\"ListItem\",\"position\":3,\"name\":\"Megel\u0151z\u0151 fog\u00e1szat\"}]},{\"@type\":\"WebSite\",\"@id\":\"https:\\\/\\\/kavicsdental.hu\\\/#website\",\"url\":\"https:\\\/\\\/kavicsdental.hu\\\/\",\"name\":\"Kavics Dental\",\"description\":\"\",\"publisher\":{\"@id\":\"https:\\\/\\\/kavicsdental.hu\\\/#organization\"},\"potentialAction\":[{\"@type\":\"SearchAction\",\"target\":{\"@type\":\"EntryPoint\",\"urlTemplate\":\"https:\\\/\\\/kavicsdental.hu\\\/?s={search_term_string}\"},\"query-input\":{\"@type\":\"PropertyValueSpecification\",\"valueRequired\":true,\"valueName\":\"search_term_string\"}}],\"inLanguage\":\"en-GB\"},{\"@type\":\"Organization\",\"@id\":\"https:\\\/\\\/kavicsdental.hu\\\/#organization\",\"name\":\"Kavics Dental\",\"url\":\"https:\\\/\\\/kavicsdental.hu\\\/\",\"logo\":{\"@type\":\"ImageObject\",\"inLanguage\":\"en-GB\",\"@id\":\"https:\\\/\\\/kavicsdental.hu\\\/#\\\/schema\\\/logo\\\/image\\\/\",\"url\":\"https:\\\/\\\/kavicsdental.hu\\\/wp-content\\\/uploads\\\/2020\\\/04\\\/kavicsdental_vegleges_logo-2-e1586283925602.jpeg\",\"contentUrl\":\"https:\\\/\\\/kavicsdental.hu\\\/wp-content\\\/uploads\\\/2020\\\/04\\\/kavicsdental_vegleges_logo-2-e1586283925602.jpeg\",\"width\":618,\"height\":591,\"caption\":\"Kavics Dental\"},\"image\":{\"@id\":\"https:\\\/\\\/kavicsdental.hu\\\/#\\\/schema\\\/logo\\\/image\\\/\"},\"sameAs\":[\"https:\\\/\\\/www.facebook.com\\\/kavics.dental\\\/\"]}]}<\/script>\n<!-- \/ Yoast SEO plugin. -->","yoast_head_json":{"title":"Megel\u0151z\u0151 fog\u00e1szat - Kavics Dental Fogorvosi Rendel\u0151","description":"A megel\u0151z\u0151 fog\u00e1szat l\u00e9nyege, hogy kevesebb fog\u00e1szati kezel\u00e9sre legyen sz\u00fcks\u00e9g hossz\u00fat\u00e1von. Mire kell figyelni az \u00e9trendben? Mire j\u00f3 a rendszeres ellen\u0151rz\u00e9s?","robots":{"index":"index","follow":"follow","max-snippet":"max-snippet:-1","max-image-preview":"max-image-preview:large","max-video-preview":"max-video-preview:-1"},"canonical":"https:\/\/kavicsdental.hu\/en\/kezelesek\/megelozo-fogaszat\/","og_locale":"en_GB","og_type":"article","og_title":"Megel\u0151z\u0151 fog\u00e1szat - Kavics Dental Fogorvosi Rendel\u0151","og_description":"A megel\u0151z\u0151 fog\u00e1szat l\u00e9nyege, hogy kevesebb fog\u00e1szati kezel\u00e9sre legyen sz\u00fcks\u00e9g hossz\u00fat\u00e1von. Mire kell figyelni az \u00e9trendben? Mire j\u00f3 a rendszeres ellen\u0151rz\u00e9s?","og_url":"https:\/\/kavicsdental.hu\/en\/kezelesek\/megelozo-fogaszat\/","og_site_name":"Kavics Dental Fogorvosi Rendel\u0151","article_publisher":"https:\/\/www.facebook.com\/kavics.dental\/","article_modified_time":"2020-04-24T23:15:48+00:00","twitter_card":"summary_large_image","twitter_misc":{"Estimated reading time":"6 minutes"},"schema":{"@context":"https:\/\/schema.org","@graph":[{"@type":"WebPage","@id":"https:\/\/kavicsdental.hu\/kezelesek\/megelozo-fogaszat\/","url":"https:\/\/kavicsdental.hu\/kezelesek\/megelozo-fogaszat\/","name":"Megel\u0151z\u0151 fog\u00e1szat - Kavics Dental Fogorvosi Rendel\u0151","isPartOf":{"@id":"https:\/\/kavicsdental.hu\/#website"},"datePublished":"2020-04-12T20:28:19+00:00","dateModified":"2020-04-24T23:15:48+00:00","description":"A megel\u0151z\u0151 fog\u00e1szat l\u00e9nyege, hogy kevesebb fog\u00e1szati kezel\u00e9sre legyen sz\u00fcks\u00e9g hossz\u00fat\u00e1von. Mire kell figyelni az \u00e9trendben? Mire j\u00f3 a rendszeres ellen\u0151rz\u00e9s?","breadcrumb":{"@id":"https:\/\/kavicsdental.hu\/kezelesek\/megelozo-fogaszat\/#breadcrumb"},"inLanguage":"en-GB","potentialAction":[{"@type":"ReadAction","target":["https:\/\/kavicsdental.hu\/kezelesek\/megelozo-fogaszat\/"]}]},{"@type":"BreadcrumbList","@id":"https:\/\/kavicsdental.hu\/kezelesek\/megelozo-fogaszat\/#breadcrumb","itemListElement":[{"@type":"ListItem","position":1,"name":"Home","item":"https:\/\/kavicsdental.hu\/"},{"@type":"ListItem","position":2,"name":"Kezel\u00e9sek","item":"https:\/\/kavicsdental.hu\/kezelesek\/"},{"@type":"ListItem","position":3,"name":"Megel\u0151z\u0151 fog\u00e1szat"}]},{"@type":"WebSite","@id":"https:\/\/kavicsdental.hu\/#website","url":"https:\/\/kavicsdental.hu\/","name":"Kavics Dental","description":"","publisher":{"@id":"https:\/\/kavicsdental.hu\/#organization"},"potentialAction":[{"@type":"SearchAction","target":{"@type":"EntryPoint","urlTemplate":"https:\/\/kavicsdental.hu\/?s={search_term_string}"},"query-input":{"@type":"PropertyValueSpecification","valueRequired":true,"valueName":"search_term_string"}}],"inLanguage":"en-GB"},{"@type":"Organization","@id":"https:\/\/kavicsdental.hu\/#organization","name":"Kavics Dental","url":"https:\/\/kavicsdental.hu\/","logo":{"@type":"ImageObject","inLanguage":"en-GB","@id":"https:\/\/kavicsdental.hu\/#\/schema\/logo\/image\/","url":"https:\/\/kavicsdental.hu\/wp-content\/uploads\/2020\/04\/kavicsdental_vegleges_logo-2-e1586283925602.jpeg","contentUrl":"https:\/\/kavicsdental.hu\/wp-content\/uploads\/2020\/04\/kavicsdental_vegleges_logo-2-e1586283925602.jpeg","width":618,"height":591,"caption":"Kavics Dental"},"image":{"@id":"https:\/\/kavicsdental.hu\/#\/schema\/logo\/image\/"},"sameAs":["https:\/\/www.facebook.com\/kavics.dental\/"]}]}},"_links":{"self":[{"href":"https:\/\/kavicsdental.hu\/en\/wp-json\/wp\/v2\/pages\/916","targetHints":{"allow":["GET"]}}],"collection":[{"href":"https:\/\/kavicsdental.hu\/en\/wp-json\/wp\/v2\/pages"}],"about":[{"href":"https:\/\/kavicsdental.hu\/en\/wp-json\/wp\/v2\/types\/page"}],"author":[{"embeddable":true,"href":"https:\/\/kavicsdental.hu\/en\/wp-json\/wp\/v2\/users\/1"}],"replies":[{"embeddable":true,"href":"https:\/\/kavicsdental.hu\/en\/wp-json\/wp\/v2\/comments?post=916"}],"version-history":[{"count":3,"href":"https:\/\/kavicsdental.hu\/en\/wp-json\/wp\/v2\/pages\/916\/revisions"}],"predecessor-version":[{"id":1176,"href":"https:\/\/kavicsdental.hu\/en\/wp-json\/wp\/v2\/pages\/916\/revisions\/1176"}],"up":[{"embeddable":true,"href":"https:\/\/kavicsdental.hu\/en\/wp-json\/wp\/v2\/pages\/294"}],"wp:attachment":[{"href":"https:\/\/kavicsdental.hu\/en\/wp-json\/wp\/v2\/media?parent=916"}],"curies":[{"name":"wp","href":"https:\/\/api.w.org\/{rel}","templated":true}]}}