{"id":918,"date":"2020-04-12T20:28:53","date_gmt":"2020-04-12T20:28:53","guid":{"rendered":"https:\/\/znp.dei.mybluehost.me\/?page_id=918"},"modified":"2020-05-22T14:16:55","modified_gmt":"2020-05-22T14:16:55","slug":"esztetikai-fogaszat","status":"publish","type":"page","link":"https:\/\/kavicsdental.hu\/en\/kezelesek\/esztetikai-fogaszat\/","title":{"rendered":"Aesthetic dentistry"},"content":{"rendered":"<div data-elementor-type=\"wp-page\" data-elementor-id=\"918\" class=\"elementor elementor-918\">\n\t\t\t\t\t\t<section class=\"elementor-section elementor-top-section elementor-element elementor-element-2faad8a elementor-section-boxed elementor-section-height-default elementor-section-height-default\" data-id=\"2faad8a\" data-element_type=\"section\">\n\t\t\t\t\t\t<div class=\"elementor-container elementor-column-gap-default\">\n\t\t\t\t\t<div class=\"elementor-column elementor-col-100 elementor-top-column elementor-element elementor-element-933d745\" data-id=\"933d745\" data-element_type=\"column\">\n\t\t\t<div class=\"elementor-widget-wrap elementor-element-populated\">\n\t\t\t\t\t\t<div class=\"elementor-element elementor-element-6de04ba elementor-widget elementor-widget-heading\" data-id=\"6de04ba\" data-element_type=\"widget\" data-widget_type=\"heading.default\">\n\t\t\t\t<div class=\"elementor-widget-container\">\n\t\t\t\t\t<h1 class=\"elementor-heading-title elementor-size-default\">Aesthetic dentistry<\/h1>\t\t\t\t<\/div>\n\t\t\t\t<\/div>\n\t\t\t\t<div class=\"elementor-element elementor-element-47b1f97 elementor-widget elementor-widget-spacer\" data-id=\"47b1f97\" data-element_type=\"widget\" data-widget_type=\"spacer.default\">\n\t\t\t\t<div class=\"elementor-widget-container\">\n\t\t\t\t\t\t\t<div class=\"elementor-spacer\">\n\t\t\t<div class=\"elementor-spacer-inner\"><\/div>\n\t\t<\/div>\n\t\t\t\t\t\t<\/div>\n\t\t\t\t<\/div>\n\t\t\t\t<div class=\"elementor-element elementor-element-0a00a24 elementor-widget elementor-widget-text-editor\" data-id=\"0a00a24\" data-element_type=\"widget\" data-widget_type=\"text-editor.default\">\n\t\t\t\t<div class=\"elementor-widget-container\">\n\t\t\t\t\t\t\t\t\t<p>Az eszt\u00e9tikai fog\u00e1szat t\u00e9mak\u00f6r\u00e9be tartozik minden olyan kezel\u00e9s, amivel a fogak eszt\u00e9tik\u00e1ja jav\u00edthat\u00f3. M\u00e1s sz\u00f3val, az eszt\u00e9tikai fog\u00e1szat nem egy egy olyan j\u00f3l elhat\u00e1rolhat\u00f3 ter\u00fclet a fog\u00e1szaton bel\u00fcl, mint a fogszab\u00e1lyoz\u00e1s vagy az implantol\u00f3gia. A k\u00e9t ut\u00f3bb eml\u00edtett kateg\u00f3ria eset\u00e9ben relat\u00edve k\u00f6nnyen eld\u00f6nthet\u0151, hogy az adott kezel\u00e9s fogszab\u00e1lyoz\u00e1si vagy implantol\u00f3giai kezel\u00e9s-e. Az eszt\u00e9tikai fog\u00e1szat c\u00e9lja \u2013 mint eml\u00edtett\u00fck \u2013 a fogak eszt\u00e9tik\u00e1j\u00e1nak a jav\u00edt\u00e1sa. Mivel ez a c\u00e9l k\u00f6z\u00f6s a fog\u00e1szat sok \u00e1g\u00e1ban, \u00edgy eszt\u00e9tikai fog\u00e1szattal t\u00f6bb ter\u00fclet specialist\u00e1i is foglalkoznak. Az el\u0151bb p\u00e9ldak\u00e9nt eml\u00edtett fogszab\u00e1lyoz\u00f3 szakorvosokon t\u00fal, implantol\u00f3gi\u00e1val vagy \u00e1ltal\u00e1nos fog\u00e1szattal foglalkoz\u00f3 fogorvosok napi munk\u00e1j\u00e1nak is r\u00e9sze az eszt\u00e9tikai fog\u00e1szat.<\/p><p>A teljess\u00e9g ig\u00e9nye n\u00e9lk\u00fcl \u00f6sszegy\u0171jt\u00f6tt\u00fcnk n\u00e9h\u00e1ny kezel\u00e9st, ami hagyom\u00e1nyosan az eszt\u00e9tikai fog\u00e1szat t\u00e9mak\u00f6r\u00e9be (is) tartozik.<\/p><h3><strong>Fogfeh\u00e9r\u00edt\u00e9s<\/strong><\/h3><p>A fogfeh\u00e9r\u00edt\u00e9s sokszor a legegyszer\u0171bb \u00e9s viszonylag k\u00f6lts\u00e9ghat\u00e9kony m\u00f3dja annak, hogy szebbek legyenek a fogaink. B\u00e1r sok mindent h\u00edvnak manaps\u00e1g fogfeh\u00e9r\u00edt\u00e9snek, a fogorvosok jellemz\u0151en k\u00e9t m\u00f3don v\u00e9gzik a fogfeh\u00e9r\u00edt\u00e9st. Az egyik lehet\u0151s\u00e9g az, hogy a rendel\u0151ben v\u00e9gzik a fogfeh\u00e9r\u00edt\u00e9st speci\u00e1lis berendez\u00e9ssel. A m\u00e1sik lehet\u0151s\u00e9g pedig az, hogy a p\u00e1ciens r\u00e9sz\u00e9re egy m\u0171anyag s\u00ednt k\u00e9sz\u00edtenek \u00e9s adnak hozz\u00e1 fogfeh\u00e9r\u00edt\u0151 g\u00e9lt. A p\u00e1ciens ezut\u00e1n otthon a fogfeh\u00e9r\u00edt\u0151 g\u00e9lt a s\u00ednbe t\u00f6lti \u00e9s hosszabb id\u0151n kereszt\u00fcl viseli a s\u00ednt.<\/p><h3><strong>Fog\u00e1szati h\u00e9j<\/strong><\/h3><p>A fog\u00e1szati h\u00e9j a p\u00e1ciens fog\u00e1ra k\u00e9sz\u00edtett, nagyon v\u00e9kony lemez, ami a fog el\u00fcls\u0151 r\u00e9sz\u00e9t fedi. A folyamat \u00e1ltal\u00e1ban \u00fagy n\u00e9z ki, hogy a fog el\u00fcls\u0151 felsz\u00edn\u00e9b\u0151l egy v\u00e9kony r\u00e9teget le kell csiszolni, majd az elk\u00e9sz\u00edtett h\u00e9jat a lecsiszolt fogra ragasztani. Fog\u00e1szati h\u00e9jak seg\u00edts\u00e9g\u00e9vel v\u00e1ltoztathat\u00f3 egy fog m\u00e9rete, form\u00e1ja, hossza.<\/p><h3><strong>\u00c9lp\u00f3tl\u00e1s, t\u00f6m\u00e9s<\/strong><\/h3><p>Ha a fog pereme let\u00f6rt, a felsz\u00edne lepattogzott,\u00a0 vagy egy\u00e9b m\u00f3don s\u00e9r\u00fclt, egy speci\u00e1lis ragaszt\u00f3 seg\u00edts\u00e9g\u00e9vel jav\u00edthat\u00f3 a fog eszt\u00e9tik\u00e1ja. A kezel\u00e9s \u00e1ltal\u00e1ban egy rendel\u0151i l\u00e1togat\u00e1s alatt elv\u00e9gezhet\u0151. A folyamat nagyj\u00e1b\u00f3l \u00fagy n\u00e9z ki, hogy a fogorvos el\u0151sz\u00f6r \u00e9rdesebb\u00e9 teszi a fog felsz\u00edn\u00e9t, majd arra egy speci\u00e1lis anyagot juttat, ami a fogon megk\u00f6t.<\/p><h3><strong>Fogkorona<\/strong><\/h3><p>A fogkorona \u00fagy k\u00e9pzelend\u0151 el, mint egy sapka, amit a fogorvos r\u00e1\u00fcltet a lesziszolt fogra. A folyamat teh\u00e1t a fog lesziszol\u00e1s\u00e1val kezd\u0151dik, ezut\u00e1n a fogorvos lenyomatot vesz az adott ter\u00fcletr\u0151l,\u00a0 ami alapj\u00e1n egy fogtechnikus elk\u00e9sz\u00edti a fogkoron\u00e1t. Egy\u00e9b felhaszn\u00e1l\u00e1sain t\u00fal, a fogkorona eszt\u00e9tikai szempontb\u00f3l is fontos, hiszen el lehet vele fedni a fog nem eszt\u00e9tikus r\u00e9szeit.<\/p><h3><strong>Fogzom\u00e1nc form\u00e1l\u00e1sa, kont\u00faroz\u00e1sa<\/strong><\/h3><p>Ez a kezel\u00e9s sokszor az \u00e9lp\u00f3tl\u00e1ssal, t\u00f6m\u00e9sk\u00e9sz\u00edt\u00e9ssel egyid\u0151ben zajlik. L\u00e9nyege, hogy a fogorvos a fogzom\u00e1ncb\u00f3l egy v\u00e9kony r\u00e9teget elt\u00e1vol\u00edt, hogy a fog eszt\u00e9tik\u00e1ja jobb legyen. Lehet ezzel v\u00e1ltoztatni p\u00e9ld\u00e1ul a fog form\u00e1j\u00e1t \u00e9s hossz\u00e1t.<\/p><h3><strong>Orthodontics<\/strong><\/h3><p>A fogszab\u00e1lyoz\u00e1s egy nagyon t\u00e1g t\u00e9mak\u00f6r, \u00e9s m\u00e1shol r\u00e9szletesebben is t\u00e1rgyaljuk, egyik c\u00e9lja viszont a fogszab\u00e1lyoz\u00e1snak az, hogy a fogazat eszt\u00e9tikusabb legyen. A kezel\u00e9s sok m\u00f3don t\u00f6rt\u00e9nhet, k\u00e9t f\u0151 t\u00edpusa a kivehet\u0151 \u00e9s a r\u00f6gz\u00edtett fogszab\u00e1lyoz\u00f3 k\u00e9sz\u00fcl\u00e9k. A fogszab\u00e1lyoz\u00e1ssal m\u00f3dos\u00edthat\u00f3 a fogazat eg\u00e9sze (p\u00e9ld\u00e1ul a harap\u00e1s, \u00e1llcsontok viszonya), illetve az egyes fogak helyzete is, \u00edgy p\u00e9ld\u00e1ul egy fog elforgathat\u00f3 vagy ak\u00e1r az \u00e1llcsontb\u00f3l kijjebb h\u00fazhat\u00f3.<\/p><h3><strong>Dental implants<\/strong><\/h3><p>A foghi\u00e1ny p\u00f3tl\u00e1s\u00e1nak egyik m\u00f3dja, hogy a fogorvos egy implant\u00e1tumot (m\u0171 foggy\u00f6keret) helyez az \u00e1llcsontba, \u00e9s arra koron\u00e1t vagy hidat helyez.<\/p><p>\u00a0<\/p><h3><strong>\u00d6sszefoglal\u00f3<\/strong><\/h3><p>Az eszt\u00e9tikai fog\u00e1szat nem egy j\u00f3l k\u00f6r\u00fclhat\u00e1rolhat\u00f3 ter\u00fclet, hanem egy gy\u0171jt\u0151kateg\u00f3ria tulajdonk\u00e9ppen,\u00a0 ami mag\u00e1ba foglal minden olyan kezel\u00e9st, amivel egy fog vagy a fogazat eszt\u00e9tik\u00e1ja jav\u00edthat\u00f3.<\/p><p>Az eszt\u00e9tikai javul\u00e1s t\u00f6bb szintet k\u00e9pzelhet\u0151 el. Egyr\u00e9szt \u00e9rintheti a fogazat eg\u00e9sz\u00e9t. Egy teljes fogazatra kiterjed\u0151 fogfeh\u00e9r\u00edt\u00e9s vagy a fogszab\u00e1lyoz\u00e1s ilyenek p\u00e9ld\u00e1ul. \u00c9rintheti tov\u00e1bb\u00e1 a fogazat egy r\u00e9sz\u00e9t, p\u00e9ld\u00e1ul ha implant\u00e1tumokkal \u00e9s a r\u00e1juk helyezett koron\u00e1kkal, hidakkal egyn\u00e9l t\u00f6bb fog eszt\u00e9tik\u00e1ja is v\u00e1ltozik. A harmadik csoport az egyes fogat \u00e9rint\u0151 kezel\u00e9sek, a fog\u00e1szati h\u00e9j, \u00e9lp\u00f3tl\u00e1s, fogzom\u00e1nc kont\u00faroz\u00e1sa tartozhatnak p\u00e9ld\u00e1ul ebbe a csoportba.<\/p><p>A m\u00e1sik megk\u00f6zel\u00edt\u00e9s, hogy milyen m\u00f3don t\u00f6rt\u00e9nik az eszt\u00e9tikai javul\u00e1s. Lehet egy fogat v\u00e1ltoztatni (\u00e9lp\u00f3tl\u00e1s, fogzom\u00e1nc kont\u00faroz\u00e1sa), a fog egy r\u00e9sz\u00e9t elfedni (fog\u00e1szati h\u00e9j, fogkorona), vagy a fogak egym\u00e1shoz val\u00f3 viszony\u00e1t megv\u00e1ltoztatni (fogszab\u00e1lyoz\u00e1s).<\/p><p>Mint minden m\u00e1s fog\u00e1szati k\u00e9rd\u00e9sben, itt se k\u0151be v\u00e9sett kateg\u00f3ri\u00e1k vannak, mindenesetre hasznos lehet azt v\u00e9giggondolni p\u00e1ciensk\u00e9nt, hogy h\u00e1ny fog eszt\u00e9tik\u00e1j\u00e1t szeretn\u00e9nk megv\u00e1ltoztatni, illetve hogy milyen m\u00f3don \u00e9rhet\u0151 el a k\u00edv\u00e1nt v\u00e1ltoz\u00e1s a legjobban.<\/p>\t\t\t\t\t\t\t\t<\/div>\n\t\t\t\t<\/div>\n\t\t\t\t<div class=\"elementor-element elementor-element-ba2b6fe elementor-widget elementor-widget-spacer\" data-id=\"ba2b6fe\" data-element_type=\"widget\" data-widget_type=\"spacer.default\">\n\t\t\t\t<div class=\"elementor-widget-container\">\n\t\t\t\t\t\t\t<div class=\"elementor-spacer\">\n\t\t\t<div class=\"elementor-spacer-inner\"><\/div>\n\t\t<\/div>\n\t\t\t\t\t\t<\/div>\n\t\t\t\t<\/div>\n\t\t\t\t\t<\/div>\n\t\t<\/div>\n\t\t\t\t\t<\/div>\n\t\t<\/section>\n\t\t\t\t<section class=\"elementor-section elementor-top-section elementor-element elementor-element-c9190af elementor-section-boxed elementor-section-height-default elementor-section-height-default\" data-id=\"c9190af\" data-element_type=\"section\">\n\t\t\t\t\t\t<div class=\"elementor-container elementor-column-gap-default\">\n\t\t\t\t\t<div class=\"elementor-column elementor-col-100 elementor-top-column elementor-element elementor-element-f0c99d0\" data-id=\"f0c99d0\" data-element_type=\"column\">\n\t\t\t<div class=\"elementor-widget-wrap elementor-element-populated\">\n\t\t\t\t\t\t<div class=\"elementor-element elementor-element-2e4aee2 elementor-widget elementor-widget-template\" data-id=\"2e4aee2\" data-element_type=\"widget\" data-widget_type=\"template.default\">\n\t\t\t\t<div class=\"elementor-widget-container\">\n\t\t\t\t\t \t\t\t\t<\/div>\n\t\t\t\t<\/div>\n\t\t\t\t\t<\/div>\n\t\t<\/div>\n\t\t\t\t\t<\/div>\n\t\t<\/section>\n\t\t\t\t<\/div>","protected":false},"excerpt":{"rendered":"<p>Eszt\u00e9tikai fog\u00e1szat Az eszt\u00e9tikai fog\u00e1szat t\u00e9mak\u00f6r\u00e9be tartozik minden olyan kezel\u00e9s, amivel a fogak eszt\u00e9tik\u00e1ja jav\u00edthat\u00f3. M\u00e1s sz\u00f3val, az eszt\u00e9tikai fog\u00e1szat nem egy egy olyan j\u00f3l elhat\u00e1rolhat\u00f3 ter\u00fclet a fog\u00e1szaton bel\u00fcl, mint a fogszab\u00e1lyoz\u00e1s vagy az implantol\u00f3gia. A k\u00e9t ut\u00f3bb eml\u00edtett kateg\u00f3ria eset\u00e9ben relat\u00edve k\u00f6nnyen eld\u00f6nthet\u0151, hogy az adott kezel\u00e9s fogszab\u00e1lyoz\u00e1si vagy implantol\u00f3giai kezel\u00e9s-e. Az eszt\u00e9tikai [&hellip;]<\/p>","protected":false},"author":1,"featured_media":0,"parent":294,"menu_order":0,"comment_status":"closed","ping_status":"closed","template":"","meta":{"ocean_post_layout":"","ocean_both_sidebars_style":"","ocean_both_sidebars_content_width":0,"ocean_both_sidebars_sidebars_width":0,"ocean_sidebar":"0","ocean_second_sidebar":"0","ocean_disable_margins":"enable","ocean_add_body_class":"","ocean_shortcode_before_top_bar":"","ocean_shortcode_after_top_bar":"","ocean_shortcode_before_header":"","ocean_shortcode_after_header":"","ocean_has_shortcode":"","ocean_shortcode_after_title":"","ocean_shortcode_before_footer_widgets":"","ocean_shortcode_after_footer_widgets":"","ocean_shortcode_before_footer_bottom":"","ocean_shortcode_after_footer_bottom":"","ocean_display_top_bar":"default","ocean_display_header":"default","ocean_header_style":"","ocean_center_header_left_menu":"0","ocean_custom_header_template":"0","ocean_custom_logo":0,"ocean_custom_retina_logo":0,"ocean_custom_logo_max_width":0,"ocean_custom_logo_tablet_max_width":0,"ocean_custom_logo_mobile_max_width":0,"ocean_custom_logo_max_height":0,"ocean_custom_logo_tablet_max_height":0,"ocean_custom_logo_mobile_max_height":0,"ocean_header_custom_menu":"0","ocean_menu_typo_font_family":"0","ocean_menu_typo_font_subset":"","ocean_menu_typo_font_size":0,"ocean_menu_typo_font_size_tablet":0,"ocean_menu_typo_font_size_mobile":0,"ocean_menu_typo_font_size_unit":"px","ocean_menu_typo_font_weight":"","ocean_menu_typo_font_weight_tablet":"","ocean_menu_typo_font_weight_mobile":"","ocean_menu_typo_transform":"","ocean_menu_typo_transform_tablet":"","ocean_menu_typo_transform_mobile":"","ocean_menu_typo_line_height":0,"ocean_menu_typo_line_height_tablet":0,"ocean_menu_typo_line_height_mobile":0,"ocean_menu_typo_line_height_unit":"","ocean_menu_typo_spacing":0,"ocean_menu_typo_spacing_tablet":0,"ocean_menu_typo_spacing_mobile":0,"ocean_menu_typo_spacing_unit":"","ocean_menu_link_color":"","ocean_menu_link_color_hover":"","ocean_menu_link_color_active":"","ocean_menu_link_background":"","ocean_menu_link_hover_background":"","ocean_menu_link_active_background":"","ocean_menu_social_links_bg":"","ocean_menu_social_hover_links_bg":"","ocean_menu_social_links_color":"","ocean_menu_social_hover_links_color":"","ocean_disable_title":"default","ocean_disable_heading":"default","ocean_post_title":"","ocean_post_subheading":"","ocean_post_title_style":"","ocean_post_title_background_color":"","ocean_post_title_background":0,"ocean_post_title_bg_image_position":"","ocean_post_title_bg_image_attachment":"","ocean_post_title_bg_image_repeat":"","ocean_post_title_bg_image_size":"","ocean_post_title_height":0,"ocean_post_title_bg_overlay":0.5,"ocean_post_title_bg_overlay_color":"","ocean_disable_breadcrumbs":"default","ocean_breadcrumbs_color":"","ocean_breadcrumbs_separator_color":"","ocean_breadcrumbs_links_color":"","ocean_breadcrumbs_links_hover_color":"","ocean_display_footer_widgets":"default","ocean_display_footer_bottom":"default","ocean_custom_footer_template":"0","footnotes":""},"class_list":["post-918","page","type-page","status-publish","hentry","entry"],"yoast_head":"<!-- This site is optimized with the Yoast SEO plugin v23.4 - https:\/\/yoast.com\/wordpress\/plugins\/seo\/ -->\n<title>Eszt\u00e9tikai fog\u00e1szat - Kavics Dental Fogorvosi Rendel\u0151<\/title>\n<meta name=\"description\" content=\"Fogfeh\u00e9r\u00edt\u00e9s, h\u00e9jak vagy egy\u00e9b eszt\u00e9tikai fog\u00e1szati beavatkoz\u00e1sok \u00e9rdeklik? \u00d6sszefoglal\u00f3 cikk\u00fcnkben \u00e1ttekintj\u00fck a f\u0151bb lehet\u0151s\u00e9geket.\" \/>\n<meta name=\"robots\" content=\"index, follow, max-snippet:-1, max-image-preview:large, max-video-preview:-1\" \/>\n<link rel=\"canonical\" href=\"https:\/\/kavicsdental.hu\/en\/kezelesek\/esztetikai-fogaszat\/\" \/>\n<meta property=\"og:locale\" content=\"en_GB\" \/>\n<meta property=\"og:type\" content=\"article\" \/>\n<meta property=\"og:title\" content=\"Eszt\u00e9tikai fog\u00e1szat - Kavics Dental Fogorvosi Rendel\u0151\" \/>\n<meta property=\"og:description\" content=\"Fogfeh\u00e9r\u00edt\u00e9s, h\u00e9jak vagy egy\u00e9b eszt\u00e9tikai fog\u00e1szati beavatkoz\u00e1sok \u00e9rdeklik? \u00d6sszefoglal\u00f3 cikk\u00fcnkben \u00e1ttekintj\u00fck a f\u0151bb lehet\u0151s\u00e9geket.\" \/>\n<meta property=\"og:url\" content=\"https:\/\/kavicsdental.hu\/en\/kezelesek\/esztetikai-fogaszat\/\" \/>\n<meta property=\"og:site_name\" content=\"Kavics Dental Fogorvosi Rendel\u0151\" \/>\n<meta property=\"article:publisher\" content=\"https:\/\/www.facebook.com\/kavics.dental\/\" \/>\n<meta property=\"article:modified_time\" content=\"2020-05-22T14:16:55+00:00\" \/>\n<meta name=\"twitter:card\" content=\"summary_large_image\" \/>\n<meta name=\"twitter:label1\" content=\"Estimated reading time\" \/>\n\t<meta name=\"twitter:data1\" content=\"5 minutes\" \/>\n<script type=\"application\/ld+json\" class=\"yoast-schema-graph\">{\"@context\":\"https:\/\/schema.org\",\"@graph\":[{\"@type\":\"WebPage\",\"@id\":\"https:\/\/kavicsdental.hu\/kezelesek\/esztetikai-fogaszat\/\",\"url\":\"https:\/\/kavicsdental.hu\/kezelesek\/esztetikai-fogaszat\/\",\"name\":\"Eszt\u00e9tikai fog\u00e1szat - Kavics Dental Fogorvosi Rendel\u0151\",\"isPartOf\":{\"@id\":\"https:\/\/kavicsdental.hu\/#website\"},\"datePublished\":\"2020-04-12T20:28:53+00:00\",\"dateModified\":\"2020-05-22T14:16:55+00:00\",\"description\":\"Fogfeh\u00e9r\u00edt\u00e9s, h\u00e9jak vagy egy\u00e9b eszt\u00e9tikai fog\u00e1szati beavatkoz\u00e1sok \u00e9rdeklik? \u00d6sszefoglal\u00f3 cikk\u00fcnkben \u00e1ttekintj\u00fck a f\u0151bb lehet\u0151s\u00e9geket.\",\"breadcrumb\":{\"@id\":\"https:\/\/kavicsdental.hu\/kezelesek\/esztetikai-fogaszat\/#breadcrumb\"},\"inLanguage\":\"en-GB\",\"potentialAction\":[{\"@type\":\"ReadAction\",\"target\":[\"https:\/\/kavicsdental.hu\/kezelesek\/esztetikai-fogaszat\/\"]}]},{\"@type\":\"BreadcrumbList\",\"@id\":\"https:\/\/kavicsdental.hu\/kezelesek\/esztetikai-fogaszat\/#breadcrumb\",\"itemListElement\":[{\"@type\":\"ListItem\",\"position\":1,\"name\":\"Home\",\"item\":\"https:\/\/kavicsdental.hu\/\"},{\"@type\":\"ListItem\",\"position\":2,\"name\":\"Kezel\u00e9sek\",\"item\":\"https:\/\/kavicsdental.hu\/kezelesek\/\"},{\"@type\":\"ListItem\",\"position\":3,\"name\":\"Eszt\u00e9tikai fog\u00e1szat\"}]},{\"@type\":\"WebSite\",\"@id\":\"https:\/\/kavicsdental.hu\/#website\",\"url\":\"https:\/\/kavicsdental.hu\/\",\"name\":\"Kavics Dental\",\"description\":\"\",\"publisher\":{\"@id\":\"https:\/\/kavicsdental.hu\/#organization\"},\"potentialAction\":[{\"@type\":\"SearchAction\",\"target\":{\"@type\":\"EntryPoint\",\"urlTemplate\":\"https:\/\/kavicsdental.hu\/?s={search_term_string}\"},\"query-input\":{\"@type\":\"PropertyValueSpecification\",\"valueRequired\":true,\"valueName\":\"search_term_string\"}}],\"inLanguage\":\"en-GB\"},{\"@type\":\"Organization\",\"@id\":\"https:\/\/kavicsdental.hu\/#organization\",\"name\":\"Kavics Dental\",\"url\":\"https:\/\/kavicsdental.hu\/\",\"logo\":{\"@type\":\"ImageObject\",\"inLanguage\":\"en-GB\",\"@id\":\"https:\/\/kavicsdental.hu\/#\/schema\/logo\/image\/\",\"url\":\"https:\/\/kavicsdental.hu\/wp-content\/uploads\/2020\/04\/kavicsdental_vegleges_logo-2-e1586283925602.jpeg\",\"contentUrl\":\"https:\/\/kavicsdental.hu\/wp-content\/uploads\/2020\/04\/kavicsdental_vegleges_logo-2-e1586283925602.jpeg\",\"width\":618,\"height\":591,\"caption\":\"Kavics Dental\"},\"image\":{\"@id\":\"https:\/\/kavicsdental.hu\/#\/schema\/logo\/image\/\"},\"sameAs\":[\"https:\/\/www.facebook.com\/kavics.dental\/\"]}]}<\/script>\n<!-- \/ Yoast SEO plugin. -->","yoast_head_json":{"title":"Eszt\u00e9tikai fog\u00e1szat - Kavics Dental Fogorvosi Rendel\u0151","description":"Fogfeh\u00e9r\u00edt\u00e9s, h\u00e9jak vagy egy\u00e9b eszt\u00e9tikai fog\u00e1szati beavatkoz\u00e1sok \u00e9rdeklik? \u00d6sszefoglal\u00f3 cikk\u00fcnkben \u00e1ttekintj\u00fck a f\u0151bb lehet\u0151s\u00e9geket.","robots":{"index":"index","follow":"follow","max-snippet":"max-snippet:-1","max-image-preview":"max-image-preview:large","max-video-preview":"max-video-preview:-1"},"canonical":"https:\/\/kavicsdental.hu\/en\/kezelesek\/esztetikai-fogaszat\/","og_locale":"en_GB","og_type":"article","og_title":"Eszt\u00e9tikai fog\u00e1szat - Kavics Dental Fogorvosi Rendel\u0151","og_description":"Fogfeh\u00e9r\u00edt\u00e9s, h\u00e9jak vagy egy\u00e9b eszt\u00e9tikai fog\u00e1szati beavatkoz\u00e1sok \u00e9rdeklik? \u00d6sszefoglal\u00f3 cikk\u00fcnkben \u00e1ttekintj\u00fck a f\u0151bb lehet\u0151s\u00e9geket.","og_url":"https:\/\/kavicsdental.hu\/en\/kezelesek\/esztetikai-fogaszat\/","og_site_name":"Kavics Dental Fogorvosi Rendel\u0151","article_publisher":"https:\/\/www.facebook.com\/kavics.dental\/","article_modified_time":"2020-05-22T14:16:55+00:00","twitter_card":"summary_large_image","twitter_misc":{"Estimated reading time":"5 minutes"},"schema":{"@context":"https:\/\/schema.org","@graph":[{"@type":"WebPage","@id":"https:\/\/kavicsdental.hu\/kezelesek\/esztetikai-fogaszat\/","url":"https:\/\/kavicsdental.hu\/kezelesek\/esztetikai-fogaszat\/","name":"Eszt\u00e9tikai fog\u00e1szat - Kavics Dental Fogorvosi Rendel\u0151","isPartOf":{"@id":"https:\/\/kavicsdental.hu\/#website"},"datePublished":"2020-04-12T20:28:53+00:00","dateModified":"2020-05-22T14:16:55+00:00","description":"Fogfeh\u00e9r\u00edt\u00e9s, h\u00e9jak vagy egy\u00e9b eszt\u00e9tikai fog\u00e1szati beavatkoz\u00e1sok \u00e9rdeklik? \u00d6sszefoglal\u00f3 cikk\u00fcnkben \u00e1ttekintj\u00fck a f\u0151bb lehet\u0151s\u00e9geket.","breadcrumb":{"@id":"https:\/\/kavicsdental.hu\/kezelesek\/esztetikai-fogaszat\/#breadcrumb"},"inLanguage":"en-GB","potentialAction":[{"@type":"ReadAction","target":["https:\/\/kavicsdental.hu\/kezelesek\/esztetikai-fogaszat\/"]}]},{"@type":"BreadcrumbList","@id":"https:\/\/kavicsdental.hu\/kezelesek\/esztetikai-fogaszat\/#breadcrumb","itemListElement":[{"@type":"ListItem","position":1,"name":"Home","item":"https:\/\/kavicsdental.hu\/"},{"@type":"ListItem","position":2,"name":"Kezel\u00e9sek","item":"https:\/\/kavicsdental.hu\/kezelesek\/"},{"@type":"ListItem","position":3,"name":"Eszt\u00e9tikai fog\u00e1szat"}]},{"@type":"WebSite","@id":"https:\/\/kavicsdental.hu\/#website","url":"https:\/\/kavicsdental.hu\/","name":"Kavics Dental","description":"","publisher":{"@id":"https:\/\/kavicsdental.hu\/#organization"},"potentialAction":[{"@type":"SearchAction","target":{"@type":"EntryPoint","urlTemplate":"https:\/\/kavicsdental.hu\/?s={search_term_string}"},"query-input":{"@type":"PropertyValueSpecification","valueRequired":true,"valueName":"search_term_string"}}],"inLanguage":"en-GB"},{"@type":"Organization","@id":"https:\/\/kavicsdental.hu\/#organization","name":"Kavics Dental","url":"https:\/\/kavicsdental.hu\/","logo":{"@type":"ImageObject","inLanguage":"en-GB","@id":"https:\/\/kavicsdental.hu\/#\/schema\/logo\/image\/","url":"https:\/\/kavicsdental.hu\/wp-content\/uploads\/2020\/04\/kavicsdental_vegleges_logo-2-e1586283925602.jpeg","contentUrl":"https:\/\/kavicsdental.hu\/wp-content\/uploads\/2020\/04\/kavicsdental_vegleges_logo-2-e1586283925602.jpeg","width":618,"height":591,"caption":"Kavics Dental"},"image":{"@id":"https:\/\/kavicsdental.hu\/#\/schema\/logo\/image\/"},"sameAs":["https:\/\/www.facebook.com\/kavics.dental\/"]}]}},"_links":{"self":[{"href":"https:\/\/kavicsdental.hu\/en\/wp-json\/wp\/v2\/pages\/918","targetHints":{"allow":["GET"]}}],"collection":[{"href":"https:\/\/kavicsdental.hu\/en\/wp-json\/wp\/v2\/pages"}],"about":[{"href":"https:\/\/kavicsdental.hu\/en\/wp-json\/wp\/v2\/types\/page"}],"author":[{"embeddable":true,"href":"https:\/\/kavicsdental.hu\/en\/wp-json\/wp\/v2\/users\/1"}],"replies":[{"embeddable":true,"href":"https:\/\/kavicsdental.hu\/en\/wp-json\/wp\/v2\/comments?post=918"}],"version-history":[{"count":5,"href":"https:\/\/kavicsdental.hu\/en\/wp-json\/wp\/v2\/pages\/918\/revisions"}],"predecessor-version":[{"id":1578,"href":"https:\/\/kavicsdental.hu\/en\/wp-json\/wp\/v2\/pages\/918\/revisions\/1578"}],"up":[{"embeddable":true,"href":"https:\/\/kavicsdental.hu\/en\/wp-json\/wp\/v2\/pages\/294"}],"wp:attachment":[{"href":"https:\/\/kavicsdental.hu\/en\/wp-json\/wp\/v2\/media?parent=918"}],"curies":[{"name":"wp","href":"https:\/\/api.w.org\/{rel}","templated":true}]}}